{"id":101258,"date":"2025-03-04T13:52:40","date_gmt":"2025-03-04T12:52:40","guid":{"rendered":"https:\/\/www.orto-bar.com\/?post_type=product&#038;p=101258"},"modified":"2025-05-08T17:30:39","modified_gmt":"2025-05-08T15:30:39","slug":"ambrameduzalem","status":"publish","type":"product","link":"https:\/\/www.orto-bar.com\/en\/dogodki\/arhiv\/ambrameduzalem\/","title":{"rendered":"Ambra,Meduzalem"},"content":{"rendered":"<p>&nbsp;<\/p>\n<p><em>Ambra je pet\u010dlanska alternativna\/stoner rock skupina iz Ljubljane, Slovenija. Ustanovljena je bila kot instrumentalni trio leta 2015, njeni \u010dlani pa prihajajo iz zasedb Ophidian, Blu.Sine, Matching Suits, Flyspoon, Challenger, Vigilance in Noctiferia. Leta 2016 je Ambra izdala instrumentalni EP s petimi skladbami, ki je pritegnil veliko pozornosti v lokalni underground sceni. Leto kasneje sta se skupini pridru\u017eila vokalist in basist, leta 2018 pa so vstopili v studio. Svoj debitantski album \u00bbCor\u00ab so izdali maja 2019, temu pa je marca 2020 sledil digitalni singel \u00bbSo This Is It\u00ab. Jakob Rejec je vlogo vokalista prevzel leta 2023, trenutno pa skupina zaklju\u010duje zadnje podrobnosti novega albuma, ki bo iz\u0161el spomladi 2025. Album producira kitarist ameri\u0161ke psihadeli\u010dne blues-rock skupine All Them Witches.<\/em><\/p>\n<p>&nbsp;<\/p>\n<p><em>Facebook: <a href=\"https:\/\/www.facebook.com\/ambraband\">https:\/\/www.facebook.com\/ambraband<\/a><\/em><\/p>\n<p>Instagram: <a href=\"https:\/\/www.instagram.com\/ambra_official\/\">https:\/\/www.instagram.com\/ambra_official\/<\/a><\/p>\n<p>Youtube: <a href=\"https:\/\/www.youtube.com\/@ambraofficial88\">https:\/\/www.youtube.com\/@ambraofficial88<\/a><\/p>\n<p>Bandcamp: <a href=\"https:\/\/ambraband.bandcamp.com\/\">https:\/\/ambraband.bandcamp.com\/<\/a><\/p>\n<p>Meduzalem<\/p>\n<p><em>Na burji, teranu in brinjevcu vzgojena trojica, ki sli\u0161i na ime MeduzaleM, se z udarnimi matemati\u010dnimi riffi in visoko lete\u010dim vokalom podaja v eksperimentalne glasbene sfere. V svojem edinstvenem jeziku razgrajuje dru\u017ebeno kritiko, puhlost sodobnega \u010dasa in premika tako um kot telo.<br \/>\nMeduzaleM ni le bend \u2013 je izku\u0161nja. Kritiki jih ozna\u010dujejo kot &#8220;udarne in polne&#8221; (Odzven), &#8220;unikatne in brez primere&#8221; (Profanity.si), njihova glasba pa sega dale\u010d preko meja Balkana (Terapija.net). Njihove kompozicije so opisane kot &#8220;mojstrsko zapolnjen zvo\u010dni prostor&#8221; (Rockline.si), prepleten s &#8220;hipnoti\u010dnimi, nikoli kon\u010danimi mantrami&#8221; (Pogledi.si). \u010ce je prihodnost progresivne glasbe &#8220;next level metal&#8221; (Muzikobala.net), potem jo MeduzaleM \u017ee \u017eivijo.<\/em><\/p>","protected":false},"excerpt":{"rendered":"<p>&nbsp; Ambra je pet\u010dlanska alternativna\/stoner rock skupina iz Ljubljane, Slovenija. Ustanovljena je bila kot instrumentalni trio leta 2015, njeni \u010dlani pa prihajajo iz zasedb Ophidian, Blu.Sine, Matching Suits, Flyspoon, Challenger, Vigilance in Noctiferia. Leta 2016 je Ambra izdala instrumentalni EP s petimi skladbami, ki je pritegnil veliko pozornosti v lokalni underground sceni. Leto kasneje sta [&hellip;]<\/p>","protected":false},"author":11,"featured_media":101259,"template":"","meta":{"_seopress_robots_primary_cat":"none","_seopress_titles_title":"","_seopress_titles_desc":"","_seopress_robots_index":""},"product_brand":[],"product_cat":[230],"product_tag":[222],"class_list":{"0":"post-101258","1":"product","2":"type-product","3":"status-publish","4":"has-post-thumbnail","6":"product_cat-arhiv","7":"product_tag-predprodaja","9":"entry","10":"has-media","12":"first","13":"instock","14":"virtual","15":"taxable","16":"product-type-simple","17":"has-product-nav","18":"col","19":"span_1_of_4","20":"owp-content-center","21":"item-entry","22":"owp-thumbs-layout-horizontal","23":"owp-btn-normal","24":"owp-tabs-layout-section"},"publishpress_future_action":{"enabled":false,"date":"2026-05-16 23:11:58","action":"change-status","newStatus":"draft","terms":[],"taxonomy":"product_cat","extraData":[]},"publishpress_future_workflow_manual_trigger":{"enabledWorkflows":[]},"_links":{"self":[{"href":"https:\/\/www.orto-bar.com\/en\/wp-json\/wp\/v2\/product\/101258","targetHints":{"allow":["GET"]}}],"collection":[{"href":"https:\/\/www.orto-bar.com\/en\/wp-json\/wp\/v2\/product"}],"about":[{"href":"https:\/\/www.orto-bar.com\/en\/wp-json\/wp\/v2\/types\/product"}],"author":[{"embeddable":true,"href":"https:\/\/www.orto-bar.com\/en\/wp-json\/wp\/v2\/users\/11"}],"version-history":[{"count":0,"href":"https:\/\/www.orto-bar.com\/en\/wp-json\/wp\/v2\/product\/101258\/revisions"}],"wp:featuredmedia":[{"embeddable":true,"href":"https:\/\/www.orto-bar.com\/en\/wp-json\/wp\/v2\/media\/101259"}],"wp:attachment":[{"href":"https:\/\/www.orto-bar.com\/en\/wp-json\/wp\/v2\/media?parent=101258"}],"wp:term":[{"taxonomy":"product_brand","embeddable":true,"href":"https:\/\/www.orto-bar.com\/en\/wp-json\/wp\/v2\/product_brand?post=101258"},{"taxonomy":"product_cat","embeddable":true,"href":"https:\/\/www.orto-bar.com\/en\/wp-json\/wp\/v2\/product_cat?post=101258"},{"taxonomy":"product_tag","embeddable":true,"href":"https:\/\/www.orto-bar.com\/en\/wp-json\/wp\/v2\/product_tag?post=101258"}],"curies":[{"name":"wp","href":"https:\/\/api.w.org\/{rel}","templated":true}]}}