{"id":103040,"date":"2025-03-10T17:47:29","date_gmt":"2025-03-10T16:47:29","guid":{"rendered":"https:\/\/www.orto-bar.com\/?post_type=product&#038;p=103040"},"modified":"2026-04-22T15:15:49","modified_gmt":"2026-04-22T13:15:49","slug":"orto-fest-2026-hauptman","status":"publish","type":"product","link":"https:\/\/www.orto-bar.com\/en\/dogodki\/koncerti\/orto-fest-2026-hauptman\/","title":{"rendered":"Orto Fest 2026-Hauptman"},"content":{"rendered":"<p>Hauptman<\/p>\n<p>\u017dan Hauptman, nadarjeni pevec, klaviaturist, avtor glasbe in besedil, predstavlja sve\u017eo<br \/>\nme\u0161anico alternativnega rnb-ja, jazza in soula. Do\u0161tudiral je jazz petje v Celovcu in svoje<br \/>\nznanje dodatno nadgradil v Bostonu pri legendi jazz vokala Sheili Jordan.<br \/>\nNjegovo glasbo odlikujejo spro\u0161\u010deni groovi, vplivi jazzovske harmonije in subtilni elementi soul<br \/>\nin funk glasbe. Leta 2021 je izdal svoj prvenec \u2018Finished, not perfect\u2019, ki ga je predstavil v Kinu<br \/>\n\u0160i\u0161ka in na festivalu ESNS, v Groningenu. Ideja za rde\u010do nit albuma, ki se izra\u017ea skozi geslo<br \/>\n\u201cdokon\u010dano, a ne popolno\u201d, razbremenjuje vsakega ustvarjalca in ga spodbuja k predstavitvi<br \/>\nsvojega dela kljub morebitnim dvomom. Hauptman pravi: \u201cIzdelek nikoli ne bo popoln.<br \/>\nSprejemam svojo nepopolnost in negujem svojo kreativnost.\u201d<\/p>\n<p>Album Finished, not perfect je bil nominiran za presti\u017eno nagrado Zlata pi\u0161\u010dal v kategorijah<br \/>\nnovinec leta in album leta, Hauptman je prejel nagrado za \u201cNovinca leta 2021\u201d.<br \/>\nS svojo prvo pesmijo v sloven\u0161\u010dini \u2018Sledim\u2019, se je predstavil na EMI22. Pesem je bila zelo dobro<br \/>\nsprejeta in postala najbolj predvajana skladba v letu 2022 na Valu 202. Sledili so trije singli v<br \/>\nslovenskem jeziku, ki napovedujejo novo zvo\u010dno podobo \u017danovega drugega albuma z<br \/>\nnaslovom \u2019Blizu\u2019. Iz\u0161el je v aprilu 2023.<br \/>\nPoleg Hauptmana je za novo preobleko odgovoren producent in pianist Erik Asatrian. Kot gosti<br \/>\nse na albumu pojavijo kitarist Primo\u017e Hudoklin, vokalistka Iza Leskov\u0161ek in saksofonist Joander<br \/>\nCruz.<\/p>\n<p>&nbsp;<\/p>","protected":false},"excerpt":{"rendered":"<p>Hauptman \u017dan Hauptman, nadarjeni pevec, klaviaturist, avtor glasbe in besedil, predstavlja sve\u017eo me\u0161anico alternativnega rnb-ja, jazza in soula. Do\u0161tudiral je jazz petje v Celovcu in svoje znanje dodatno nadgradil v Bostonu pri legendi jazz vokala Sheili Jordan. Njegovo glasbo odlikujejo spro\u0161\u010deni groovi, vplivi jazzovske harmonije in subtilni elementi soul in funk glasbe. Leta 2021 je [&hellip;]<\/p>","protected":false},"author":11,"featured_media":103041,"template":"","meta":{"_seopress_robots_primary_cat":"none","_seopress_titles_title":"","_seopress_titles_desc":"","_seopress_robots_index":""},"product_brand":[],"product_cat":[226,233],"product_tag":[222],"class_list":{"0":"post-103040","1":"product","2":"type-product","3":"status-publish","4":"has-post-thumbnail","6":"product_cat-koncerti","7":"product_cat-orto-fest","8":"product_tag-predprodaja","10":"entry","11":"has-media","13":"first","14":"instock","15":"sale","16":"virtual","17":"taxable","18":"purchasable","19":"product-type-simple","20":"has-product-nav","21":"col","22":"span_1_of_4","23":"owp-content-center","24":"item-entry","25":"owp-thumbs-layout-horizontal","26":"owp-btn-normal","27":"owp-tabs-layout-section","28":"has-no-thumbnails"},"publishpress_future_action":{"enabled":true,"date":"2026-04-26 01:18:00","action":"category","newStatus":"draft","terms":[230],"taxonomy":"product_cat","extraData":[]},"publishpress_future_workflow_manual_trigger":{"enabledWorkflows":[]},"_links":{"self":[{"href":"https:\/\/www.orto-bar.com\/en\/wp-json\/wp\/v2\/product\/103040","targetHints":{"allow":["GET"]}}],"collection":[{"href":"https:\/\/www.orto-bar.com\/en\/wp-json\/wp\/v2\/product"}],"about":[{"href":"https:\/\/www.orto-bar.com\/en\/wp-json\/wp\/v2\/types\/product"}],"author":[{"embeddable":true,"href":"https:\/\/www.orto-bar.com\/en\/wp-json\/wp\/v2\/users\/11"}],"version-history":[{"count":0,"href":"https:\/\/www.orto-bar.com\/en\/wp-json\/wp\/v2\/product\/103040\/revisions"}],"wp:featuredmedia":[{"embeddable":true,"href":"https:\/\/www.orto-bar.com\/en\/wp-json\/wp\/v2\/media\/103041"}],"wp:attachment":[{"href":"https:\/\/www.orto-bar.com\/en\/wp-json\/wp\/v2\/media?parent=103040"}],"wp:term":[{"taxonomy":"product_brand","embeddable":true,"href":"https:\/\/www.orto-bar.com\/en\/wp-json\/wp\/v2\/product_brand?post=103040"},{"taxonomy":"product_cat","embeddable":true,"href":"https:\/\/www.orto-bar.com\/en\/wp-json\/wp\/v2\/product_cat?post=103040"},{"taxonomy":"product_tag","embeddable":true,"href":"https:\/\/www.orto-bar.com\/en\/wp-json\/wp\/v2\/product_tag?post=103040"}],"curies":[{"name":"wp","href":"https:\/\/api.w.org\/{rel}","templated":true}]}}