{"id":110149,"date":"2025-04-06T15:11:04","date_gmt":"2025-04-06T13:11:04","guid":{"rendered":"https:\/\/www.orto-bar.com\/?post_type=product&#038;p=110149"},"modified":"2025-05-02T13:58:07","modified_gmt":"2025-05-02T11:58:07","slug":"officialkevents-ljubljana-kpop-khiphop-night-in-may","status":"publish","type":"product","link":"https:\/\/www.orto-bar.com\/en\/dogodki\/arhiv\/officialkevents-ljubljana-kpop-khiphop-night-in-may\/","title":{"rendered":"OfficialKevents | LJUBLJANA: KPOP &#038; KHIPHOP Night in May"},"content":{"rendered":"<p>&nbsp;<\/p>\n<p>Dogodek 18+ \u2013 obiskovalci MORATE prinesti osebni dokument, fotokopije niso dovoljene. Povra\u010dila niso mo\u017ena (razen v primeru odpovedi ali prestavitve). Z nakupom vstopnice boste samodejno dodani na na\u0161 e-po\u0161tni, SMS in WhatsApp seznam.\u00a0OfficialKEvents DJ-ji bodo vso no\u010d vrteli K-Pop, K-HipHop &amp; K-EDM \u2728<\/p>\n<p>OfficialKEvents je najve\u010dji organizator K-Pop in K-HipHop klubskih dogodkov na svetu. Na\u0161e klubske no\u010di v Londonu in Parizu privabijo ve\u010d kot 2000+ obiskovalcev mese\u010dno, organiziramo dogodke v ve\u010d kot 25+ dr\u017eavah. Zdaj smo nazaj, da vam pri\u010daramo \u0161e eno nepozabno no\u010d, kjer bomo vrteli IZKLJU\u010cNO K-Pop &amp; K-HipHop vse do jutra!<\/p>\n<p>Pripravite se na ples do zgodnjih jutranjih ur ob svojih najljub\u0161ih pesmih!<\/p>\n<p>__________________________________________<\/p>\n<p>OfficialKEvents \u2013 ustvarjamo nepozabne dogodke!<\/p>\n<p>Podrobnosti o dogodku<\/p>\n<p>Kdaj: petek, 2. maj 2025, od 23:00 &#8211; 4:00; zadnji vstop ob 02:00<br \/>\nKje: Orto Bar, Grablovi\u010deva ulica 1, 1000 Ljubljana, Slovenija<\/p>\n<p>KUPI VSTOPNICE\u00a0 : <a href=\"http:\/\/bit.ly\/43NEVAm\">bit.ly\/43NEVAm<\/a><\/p>\n<p>Podrobnosti o vstopnicah<\/p>\n<p>Skupinska vstopnica: 34.99 EUR (NA VOLJO SAMO DO 18. APRILA!)<br \/>\nKUPI 3, DOBI 1 BREZPLA\u010cNO \u2013 pridobi 1 brezpla\u010dno vstopnico ob nakupu skupinske vstopnice!<\/p>\n<p>Early Bird vstopnice: 8.99 EUR (NA VOLJO DO 11. APRILA!)<br \/>\nPrva faza: 10.99 EUR + stro\u0161ki<br \/>\nDruga faza: 12.99 EUR + stro\u0161ki<br \/>\nTretja faza: 14.99 EUR + stro\u0161ki<\/p>\n<p>Cene vstopnic se zvi\u0161ujejo z vsako fazo: ko se prva faza razproda, bo naslednja faza na voljo po vi\u0161ji ceni. Priporo\u010damo, da vstopnice kupite vnaprej, saj se hitro razprodajo!<\/p>\n<p>V primeru prestavitve dogodka bo va\u0161a vstopnica veljavna za nov termin. O vseh spremembah vas bomo pravo\u010dasno obvestili.<\/p>\n<p>Pripravili smo tudi posebne ugodnosti in presene\u010denja za vas! Ve\u010d info spodaj! \ud83d\udc40<\/p>\n<p>__________________________________________<\/p>\n<p>Starostna omejitev<\/p>\n<p>Dogodek je samo za 18+<br \/>\n__________________________________________<\/p>","protected":false},"excerpt":{"rendered":"<p>&nbsp; Dogodek 18+ \u2013 obiskovalci MORATE prinesti osebni dokument, fotokopije niso dovoljene. Povra\u010dila niso mo\u017ena (razen v primeru odpovedi ali prestavitve). Z nakupom vstopnice boste samodejno dodani na na\u0161 e-po\u0161tni, SMS in WhatsApp seznam.\u00a0OfficialKEvents DJ-ji bodo vso no\u010d vrteli K-Pop, K-HipHop &amp; K-EDM \u2728 OfficialKEvents je najve\u010dji organizator K-Pop in K-HipHop klubskih dogodkov na svetu. [&hellip;]<\/p>","protected":false},"author":11,"featured_media":110150,"template":"","meta":{"_seopress_robots_primary_cat":"none","_seopress_titles_title":"","_seopress_titles_desc":"","_seopress_robots_index":""},"product_brand":[],"product_cat":[230],"product_tag":[222],"class_list":{"0":"post-110149","1":"product","2":"type-product","3":"status-publish","4":"has-post-thumbnail","6":"product_cat-arhiv","7":"product_tag-predprodaja","9":"entry","10":"has-media","12":"first","13":"instock","14":"virtual","15":"taxable","16":"product-type-simple","17":"has-product-nav","18":"col","19":"span_1_of_4","20":"owp-content-center","21":"item-entry","22":"owp-thumbs-layout-horizontal","23":"owp-btn-normal","24":"owp-tabs-layout-section","25":"has-no-thumbnails"},"publishpress_future_action":{"enabled":false,"date":"2026-05-02 14:20:22","action":"change-status","newStatus":"draft","terms":[],"taxonomy":"product_cat","extraData":[]},"publishpress_future_workflow_manual_trigger":{"enabledWorkflows":[]},"_links":{"self":[{"href":"https:\/\/www.orto-bar.com\/en\/wp-json\/wp\/v2\/product\/110149","targetHints":{"allow":["GET"]}}],"collection":[{"href":"https:\/\/www.orto-bar.com\/en\/wp-json\/wp\/v2\/product"}],"about":[{"href":"https:\/\/www.orto-bar.com\/en\/wp-json\/wp\/v2\/types\/product"}],"author":[{"embeddable":true,"href":"https:\/\/www.orto-bar.com\/en\/wp-json\/wp\/v2\/users\/11"}],"version-history":[{"count":0,"href":"https:\/\/www.orto-bar.com\/en\/wp-json\/wp\/v2\/product\/110149\/revisions"}],"wp:featuredmedia":[{"embeddable":true,"href":"https:\/\/www.orto-bar.com\/en\/wp-json\/wp\/v2\/media\/110150"}],"wp:attachment":[{"href":"https:\/\/www.orto-bar.com\/en\/wp-json\/wp\/v2\/media?parent=110149"}],"wp:term":[{"taxonomy":"product_brand","embeddable":true,"href":"https:\/\/www.orto-bar.com\/en\/wp-json\/wp\/v2\/product_brand?post=110149"},{"taxonomy":"product_cat","embeddable":true,"href":"https:\/\/www.orto-bar.com\/en\/wp-json\/wp\/v2\/product_cat?post=110149"},{"taxonomy":"product_tag","embeddable":true,"href":"https:\/\/www.orto-bar.com\/en\/wp-json\/wp\/v2\/product_tag?post=110149"}],"curies":[{"name":"wp","href":"https:\/\/api.w.org\/{rel}","templated":true}]}}