{"id":110163,"date":"2025-04-06T15:44:11","date_gmt":"2025-04-06T13:44:11","guid":{"rendered":"https:\/\/www.orto-bar.com\/?post_type=product&#038;p=110163"},"modified":"2025-04-06T16:42:51","modified_gmt":"2025-04-06T14:42:51","slug":"krzysztof-drabikowskis-batushka-houle","status":"publish","type":"product","link":"https:\/\/www.orto-bar.com\/en\/dogodki\/arhiv\/krzysztof-drabikowskis-batushka-houle\/","title":{"rendered":"Krzysztof Drabikowski&#8217;s Batushka, Houle"},"content":{"rendered":"<p>&nbsp;<\/p>\n<p>Vstopnice v prodaji prek On-parole! 28 evrov v predprodaji, 32 evrov na dan koncerta.<br \/>\n<a href=\"https:\/\/qr-codes.io\/7jwfFs\">https:\/\/qr-codes.io\/7jwfFs<\/a><\/p>\n<p>Tickets in presale through On-parole! 28 euro in presale, 32 euro on show day.<br \/>\n<a href=\"https:\/\/qr-codes.io\/u0z1BV\">https:\/\/qr-codes.io\/u0z1BV<\/a><\/p>\n<p>Join the Dirty Skunks black metal mailing list!<br \/>\n<a href=\"http:\/\/eepurl.com\/bCW5NH\">http:\/\/eepurl.com\/bCW5NH<\/a><\/p>\n<p>Pripravite se na \u010drno ma\u0161o mra\u010dnih liturgij in neizprosne glasbene mistike! Krzysztof Drabikowski&#8217;s Batushka, pravo utele\u0161enje obrednega pravoslavnega black metala, prihaja v Orto Bar s svojim mogo\u010dno atmosferi\u010dnim nastopom!<br \/>\nVe\u010der bo odprla francoska post-black metal skupina Houle, ki v svojo glasbo vpleta melanholi\u010dne melodije in neukro\u010deno surovost!<\/p>\n<p>BATUSHKA<br \/>\n<a href=\"https:\/\/www.facebook.com\/truebatushka\">https:\/\/www.facebook.com\/truebatushka<\/a><\/p>\n<p>HOULE<br \/>\n<a href=\"https:\/\/www.facebook.com\/HouleOfficiel\">https:\/\/www.facebook.com\/HouleOfficiel<\/a><\/p>\n<p>&nbsp;<\/p>","protected":false},"excerpt":{"rendered":"<p>&nbsp; Vstopnice v prodaji prek On-parole! 28 evrov v predprodaji, 32 evrov na dan koncerta. https:\/\/qr-codes.io\/7jwfFs Tickets in presale through On-parole! 28 euro in presale, 32 euro on show day. https:\/\/qr-codes.io\/u0z1BV Join the Dirty Skunks black metal mailing list! http:\/\/eepurl.com\/bCW5NH Pripravite se na \u010drno ma\u0161o mra\u010dnih liturgij in neizprosne glasbene mistike! Krzysztof Drabikowski&#8217;s Batushka, pravo [&hellip;]<\/p>","protected":false},"author":11,"featured_media":110164,"template":"","meta":{"_seopress_robots_primary_cat":"none","_seopress_titles_title":"","_seopress_titles_desc":"","_seopress_robots_index":""},"product_brand":[],"product_cat":[230],"product_tag":[222],"class_list":{"0":"post-110163","1":"product","2":"type-product","3":"status-publish","4":"has-post-thumbnail","6":"product_cat-arhiv","7":"product_tag-predprodaja","9":"entry","10":"has-media","12":"first","13":"instock","14":"virtual","15":"taxable","16":"product-type-simple","17":"has-product-nav","18":"col","19":"span_1_of_4","20":"owp-content-center","21":"item-entry","22":"owp-thumbs-layout-horizontal","23":"owp-btn-normal","24":"owp-tabs-layout-section","25":"has-no-thumbnails"},"publishpress_future_action":{"enabled":false,"date":"2026-05-11 03:24:50","action":"change-status","newStatus":"draft","terms":[],"taxonomy":"product_cat","extraData":[]},"publishpress_future_workflow_manual_trigger":{"enabledWorkflows":[]},"_links":{"self":[{"href":"https:\/\/www.orto-bar.com\/en\/wp-json\/wp\/v2\/product\/110163","targetHints":{"allow":["GET"]}}],"collection":[{"href":"https:\/\/www.orto-bar.com\/en\/wp-json\/wp\/v2\/product"}],"about":[{"href":"https:\/\/www.orto-bar.com\/en\/wp-json\/wp\/v2\/types\/product"}],"author":[{"embeddable":true,"href":"https:\/\/www.orto-bar.com\/en\/wp-json\/wp\/v2\/users\/11"}],"version-history":[{"count":0,"href":"https:\/\/www.orto-bar.com\/en\/wp-json\/wp\/v2\/product\/110163\/revisions"}],"wp:featuredmedia":[{"embeddable":true,"href":"https:\/\/www.orto-bar.com\/en\/wp-json\/wp\/v2\/media\/110164"}],"wp:attachment":[{"href":"https:\/\/www.orto-bar.com\/en\/wp-json\/wp\/v2\/media?parent=110163"}],"wp:term":[{"taxonomy":"product_brand","embeddable":true,"href":"https:\/\/www.orto-bar.com\/en\/wp-json\/wp\/v2\/product_brand?post=110163"},{"taxonomy":"product_cat","embeddable":true,"href":"https:\/\/www.orto-bar.com\/en\/wp-json\/wp\/v2\/product_cat?post=110163"},{"taxonomy":"product_tag","embeddable":true,"href":"https:\/\/www.orto-bar.com\/en\/wp-json\/wp\/v2\/product_tag?post=110163"}],"curies":[{"name":"wp","href":"https:\/\/api.w.org\/{rel}","templated":true}]}}