{"id":110745,"date":"2025-04-10T17:43:34","date_gmt":"2025-04-10T15:43:34","guid":{"rendered":"https:\/\/www.orto-bar.com\/?post_type=product&#038;p=110745"},"modified":"2025-06-05T19:54:40","modified_gmt":"2025-06-05T17:54:40","slug":"nirvana-si-tribute-to-nirvana","status":"publish","type":"product","link":"https:\/\/www.orto-bar.com\/en\/dogodki\/arhiv\/nirvana-si-tribute-to-nirvana\/","title":{"rendered":"NIRVANA SI-Tribute to Nirvana"},"content":{"rendered":"<p>&nbsp;<\/p>\n<p>NIRVANA SI sestavljajo:<\/p>\n<p>&nbsp;<\/p>\n<p>Peter Hudnik &#8211; vokal, kitara<br \/>\nMatic Ajdi\u010d &#8211; bas kitara<br \/>\nMarcel Petri\u010d &#8211; bobni, spremljevalni vokal<\/p>\n<p>&nbsp;<\/p>\n<p>Cilj novonastale zasedbe je obuditi pravega duha in energijo skupine NIRVANA, ki je v devetdesetih letih prej\u0161njega stoletja postavila velik mejnik v svetovni glasbi in uvedla nov \u017eanr &#8220;GRUNGE&#8221;.<br \/>\nPeter Hudnik (FrozenchilD, RVR RIVER, EX KiNG FOO&#8230;) in Matic Ajdi\u010d (San Di Ego, Billysi&#8230;) sta se po 10 letih nastopanja pod imenom &#8220;Hudnik &amp; Ajdi\u010d Grunge Show&#8221; kon\u010dno odlo\u010dila za svojo skrito \u017eeljo &#8211; Nirvana Tribute band in povabila k sodelovanju tudi izku\u0161enega multiin\u0161trumentalista, ki je tokrat sedel za bobne &#8211; Marcela Petri\u010da (Omar Naber, Zgre\u0161eni Primeri&#8230;).<br \/>\nTrio izku\u0161enih glasbenikov, ki so se zdru\u017eili kot veliki obo\u017eevalci &#8220;GRUNGE&#8221; dobe vam bodo predstavili in pribli\u017eali elektri\u010dno fuzijo Seattle-ske scene, nabito s \u010dustvi ob\u0161irnega repertoarja skupine NIRVANA.<\/p>\n<p>VABLJENI!<\/p>\n<p>&nbsp;<\/p>\n<p>FACEBOOK:<\/p>\n<p><a href=\"https:\/\/www.facebook.com\/profile.php?id=61575057121759\">https:\/\/www.facebook.com\/profile.php?id=61575057121759<\/a><\/p>\n<p>&nbsp;<\/p>","protected":false},"excerpt":{"rendered":"<p>&nbsp; NIRVANA SI sestavljajo: &nbsp; Peter Hudnik &#8211; vokal, kitara Matic Ajdi\u010d &#8211; bas kitara Marcel Petri\u010d &#8211; bobni, spremljevalni vokal &nbsp; Cilj novonastale zasedbe je obuditi pravega duha in energijo skupine NIRVANA, ki je v devetdesetih letih prej\u0161njega stoletja postavila velik mejnik v svetovni glasbi in uvedla nov \u017eanr &#8220;GRUNGE&#8221;. Peter Hudnik (FrozenchilD, RVR [&hellip;]<\/p>","protected":false},"author":11,"featured_media":110750,"template":"","meta":{"_seopress_robots_primary_cat":"none","_seopress_titles_title":"","_seopress_titles_desc":"","_seopress_robots_index":""},"product_brand":[],"product_cat":[230],"product_tag":[222],"class_list":{"0":"post-110745","1":"product","2":"type-product","3":"status-publish","4":"has-post-thumbnail","6":"product_cat-arhiv","7":"product_tag-predprodaja","9":"entry","10":"has-media","12":"first","13":"instock","14":"virtual","15":"taxable","16":"product-type-simple","17":"has-product-nav","18":"col","19":"span_1_of_4","20":"owp-content-center","21":"item-entry","22":"owp-thumbs-layout-horizontal","23":"owp-btn-normal","24":"owp-tabs-layout-section","25":"has-no-thumbnails"},"publishpress_future_action":{"enabled":false,"date":"2026-04-30 13:26:55","action":"change-status","newStatus":"draft","terms":[],"taxonomy":"product_cat","extraData":[]},"publishpress_future_workflow_manual_trigger":{"enabledWorkflows":[]},"_links":{"self":[{"href":"https:\/\/www.orto-bar.com\/en\/wp-json\/wp\/v2\/product\/110745","targetHints":{"allow":["GET"]}}],"collection":[{"href":"https:\/\/www.orto-bar.com\/en\/wp-json\/wp\/v2\/product"}],"about":[{"href":"https:\/\/www.orto-bar.com\/en\/wp-json\/wp\/v2\/types\/product"}],"author":[{"embeddable":true,"href":"https:\/\/www.orto-bar.com\/en\/wp-json\/wp\/v2\/users\/11"}],"version-history":[{"count":0,"href":"https:\/\/www.orto-bar.com\/en\/wp-json\/wp\/v2\/product\/110745\/revisions"}],"wp:featuredmedia":[{"embeddable":true,"href":"https:\/\/www.orto-bar.com\/en\/wp-json\/wp\/v2\/media\/110750"}],"wp:attachment":[{"href":"https:\/\/www.orto-bar.com\/en\/wp-json\/wp\/v2\/media?parent=110745"}],"wp:term":[{"taxonomy":"product_brand","embeddable":true,"href":"https:\/\/www.orto-bar.com\/en\/wp-json\/wp\/v2\/product_brand?post=110745"},{"taxonomy":"product_cat","embeddable":true,"href":"https:\/\/www.orto-bar.com\/en\/wp-json\/wp\/v2\/product_cat?post=110745"},{"taxonomy":"product_tag","embeddable":true,"href":"https:\/\/www.orto-bar.com\/en\/wp-json\/wp\/v2\/product_tag?post=110745"}],"curies":[{"name":"wp","href":"https:\/\/api.w.org\/{rel}","templated":true}]}}