{"id":110753,"date":"2025-04-10T17:54:23","date_gmt":"2025-04-10T15:54:23","guid":{"rendered":"https:\/\/www.orto-bar.com\/?post_type=product&#038;p=110753"},"modified":"2025-05-08T19:37:47","modified_gmt":"2025-05-08T17:37:47","slug":"bluzon-gosta-dejan-lapanja-in-taja-sviligoj","status":"publish","type":"product","link":"https:\/\/www.orto-bar.com\/en\/dogodki\/arhiv\/bluzon-gosta-dejan-lapanja-in-taja-sviligoj\/","title":{"rendered":"BLUZON + gosta Dejan Lapanja in Taja \u0160viligoj!"},"content":{"rendered":"<p>&nbsp;<\/p>\n<p>Bluzon \u010drpa iz bogate zakladnice bluesa, pa tudi funka, rocka in jazza. To v tradiciji sor\u0161ko poljskih nabiralcev krompirja zapakira v lastno me\u0161anico obeh delt Sore in doda ob\u010dasen avtorski izlet v re\u010dne vode soto\u010dja\/sozvo\u010dja.<\/p>\n<p><a href=\"https:\/\/www.youtube.com\/watch?v=z-pUyaeuJQM\">https:\/\/www.youtube.com\/watch?v=z-pUyaeuJQM<\/a><\/p>\n<p>Kot gost bo nastopil tudi Dejan Lapanja &#8211; akademsko izobra\u017een kitarist (magisterij iz jazz kitare &#8211; Akademija za upodabljajo\u010de umetnosti Gradec, Avstrija), producent in tonski tehnik. Kalil se je v kultnih skupinah, kot sta bili Olivija in rock zasedba Ulixes. Dejan je nato sodeloval z ustvarjalci, kot so Laibach (projekt Volkswagner), Terrafolk, Vlatko Stefanovski in Vasko Atanasovski. Trenutno ustvarja s pevko Severo Gjurin in kantavtorico Katarino Juvanc\u030cic\u030c, s skupino Bakalina Velika ter v kitarsko-bobnarskem duetu z Ga\u0161perjem Per\u0161lom.<\/p>\n<p>Kot druga gostja bo nastopila tudi finalistka oddaje Nova zvezda Slovenije &#8211; Taja \u0160viligoj!<\/p>","protected":false},"excerpt":{"rendered":"<p>&nbsp; Bluzon \u010drpa iz bogate zakladnice bluesa, pa tudi funka, rocka in jazza. To v tradiciji sor\u0161ko poljskih nabiralcev krompirja zapakira v lastno me\u0161anico obeh delt Sore in doda ob\u010dasen avtorski izlet v re\u010dne vode soto\u010dja\/sozvo\u010dja. https:\/\/www.youtube.com\/watch?v=z-pUyaeuJQM Kot gost bo nastopil tudi Dejan Lapanja &#8211; akademsko izobra\u017een kitarist (magisterij iz jazz kitare &#8211; Akademija za [&hellip;]<\/p>","protected":false},"author":11,"featured_media":110755,"template":"","meta":{"_seopress_robots_primary_cat":"none","_seopress_titles_title":"","_seopress_titles_desc":"","_seopress_robots_index":""},"product_brand":[],"product_cat":[230],"product_tag":[222],"class_list":{"0":"post-110753","1":"product","2":"type-product","3":"status-publish","4":"has-post-thumbnail","6":"product_cat-arhiv","7":"product_tag-predprodaja","9":"entry","10":"has-media","12":"first","13":"instock","14":"virtual","15":"taxable","16":"product-type-simple","17":"has-product-nav","18":"col","19":"span_1_of_4","20":"owp-content-center","21":"item-entry","22":"owp-thumbs-layout-horizontal","23":"owp-btn-normal","24":"owp-tabs-layout-section","25":"has-no-thumbnails"},"publishpress_future_action":{"enabled":false,"date":"2026-05-02 14:18:16","action":"change-status","newStatus":"draft","terms":[],"taxonomy":"product_cat","extraData":[]},"publishpress_future_workflow_manual_trigger":{"enabledWorkflows":[]},"_links":{"self":[{"href":"https:\/\/www.orto-bar.com\/en\/wp-json\/wp\/v2\/product\/110753","targetHints":{"allow":["GET"]}}],"collection":[{"href":"https:\/\/www.orto-bar.com\/en\/wp-json\/wp\/v2\/product"}],"about":[{"href":"https:\/\/www.orto-bar.com\/en\/wp-json\/wp\/v2\/types\/product"}],"author":[{"embeddable":true,"href":"https:\/\/www.orto-bar.com\/en\/wp-json\/wp\/v2\/users\/11"}],"version-history":[{"count":0,"href":"https:\/\/www.orto-bar.com\/en\/wp-json\/wp\/v2\/product\/110753\/revisions"}],"wp:featuredmedia":[{"embeddable":true,"href":"https:\/\/www.orto-bar.com\/en\/wp-json\/wp\/v2\/media\/110755"}],"wp:attachment":[{"href":"https:\/\/www.orto-bar.com\/en\/wp-json\/wp\/v2\/media?parent=110753"}],"wp:term":[{"taxonomy":"product_brand","embeddable":true,"href":"https:\/\/www.orto-bar.com\/en\/wp-json\/wp\/v2\/product_brand?post=110753"},{"taxonomy":"product_cat","embeddable":true,"href":"https:\/\/www.orto-bar.com\/en\/wp-json\/wp\/v2\/product_cat?post=110753"},{"taxonomy":"product_tag","embeddable":true,"href":"https:\/\/www.orto-bar.com\/en\/wp-json\/wp\/v2\/product_tag?post=110753"}],"curies":[{"name":"wp","href":"https:\/\/api.w.org\/{rel}","templated":true}]}}