{"id":111590,"date":"2025-04-16T14:24:04","date_gmt":"2025-04-16T12:24:04","guid":{"rendered":"https:\/\/www.orto-bar.com\/?post_type=product&#038;p=111590"},"modified":"2025-09-25T10:57:59","modified_gmt":"2025-09-25T08:57:59","slug":"hard-and-heavy-night","status":"publish","type":"product","link":"https:\/\/www.orto-bar.com\/en\/dogodki\/arhiv\/hard-and-heavy-night\/","title":{"rendered":"HARD AND HEAVY NIGHT!"},"content":{"rendered":"<p>&nbsp;<\/p>\n<p><strong>HARD AND HEAVY NIGHT! \u00a0(ORTO BAR, \u010detrtek 25. 9. 2025)<\/strong><\/p>\n<p><strong>VRATA: 19ih<\/strong><\/p>\n<p><strong>VSTOPNINA 16e (predprodaja 10e)<\/strong><\/p>\n<p>&nbsp;<\/p>\n<p>&nbsp;<\/p>\n<p><strong>PATO VENGEANCE(VINTAGE)<\/strong><\/p>\n<p>Primorska bor\u010devska zastavono\u0161a biv\u0161e klubske generacije subkulturnih glam hard rockerjev(sleazerjev) in biv\u0161i glam subkulturni idol&#8230;&#8230;15 let avtorske kariere!<\/p>\n<p>&nbsp;<\/p>\n<p>&#8220;oldschool&#8221; hard rock ma\u010dek, SAMOUK, skladatelj, avtor vseh partov, tekstopisec, izvajalec, multiin\u0161trumentalist, vokalist, aran\u017eer, mentor, umetnostni zgodovinar, \u017eanrski poznavalec, spiritualni \u0161aman, glam\/sleaze biv\u0161i influenser&#8230;..<br \/>\n&#8230;&#8230; je kakor razposajeni muc vso \u017eivljenje posvetil rock n roll pionirskem NE\u0160OLANEMU subkulturnemu* na\u010dinu \u017eivljenja(\u010drnska divja du\u0161a\/pustil \u0161olo(samo osnovna \u0161ola)\/fabri\u0161ka pla\u010da\/poljedelec na doma\u010diji, katoli\u0161ka travma\/samorasnik&#8230;.), RECEPTURA ZA STARO ROCK KULTURO(REDKOST)!<\/p>\n<p>*Subkultura je kultura samega glasbenega \u017eanra in na\u010dina \u017eivljenja ter miselnosti ki spada zraven \u017eanra.<\/p>\n<p>&nbsp;<\/p>\n<p><strong>Wild Crew<\/strong> band(sleaze) 2010-2015\/ EP album &#8220;Wild Side&#8221;<\/p>\n<p>&nbsp;<\/p>\n<p><strong>HairX <\/strong>band (melodic hard &amp; heavy\/glam) 2015-2020 \/ studijski album &#8220;Animals&#8221; &amp; single &#8220;Sweetheart&#8221;<\/p>\n<p>&nbsp;<\/p>\n<p>___korona___<\/p>\n<p>&nbsp;<\/p>\n<p><strong>Pato Vengeance_Vintage<\/strong><\/p>\n<p>(70s hard rock \/ prog hard rock \/ blues hard rock \/ AOR \/ sleaze \/ psy blues \/80s pop hard rock \/ hard and heavy)<\/p>\n<p>VE\u010c kot 60 NEOBJAVLJENIH AVTORSKIH PESMI\/ALBUMOV<\/p>\n<p>&nbsp;<\/p>\n<p>SAMOUK MOJSTER \u00bbPATO\u00ab \u010cRPA SMISEL ZA SKLADBE IZ VSEH PODVEJ HARD ROCK IN HARD AND HEAVY\u00a0 ME\u0160ANICE \u017dANRSKE TRADICIJE, VSEH \u017dANRSKIH VALOV Z NAMENOM POU\u010cEVANJA IN OHRANJANJA \u017dANRSKE KULTURE<\/p>\n<p>&#8220;GLOBOKA SIMBOLIKA BESEDIL&#8221;<\/p>\n<p><strong>INLUENS BANDOV: WHITESNAKE, DEEP PURPLE, \u0160ANK ROCK,<\/strong><\/p>\n<p><strong>\u00a0<\/strong><\/p>\n<p><strong>KONCERT BO RAZDELJEN NA DVA DELA:<\/strong><br \/>\n1. DEL: el. Kitara in vokal v \u017eivo s podlago matrice 100% avtorskih skladb iz prihajajo\u010dih NEIZDANIH albumov<\/p>\n<ol start=\"2\">\n<li>DEL: Akustika in vokal tistih &#8220;malo ne\u017enej\u0161ih&#8221; + hiti biv\u0161ih bandov Wild Crew in HairX<\/li>\n<\/ol>\n<p>&nbsp;<\/p>\n<p><a href=\"https:\/\/linktr.ee\/PatoVintage\">https:\/\/linktr.ee\/PatoVintage<\/a><\/p>\n<p>&nbsp;<\/p>\n<p>&nbsp;<\/p>\n<p><strong>STONE HEAD<\/strong><\/p>\n<p>Stone Head smo srednje\u0161olski blues rock band iz okolice Ljubljane zdru\u017eili smo se Avgusta 2024 in igramo avtorske pesmi. Na\u0161o zasedbo predstavlja Teo Gabriel Potecin na vokalu, Matic Semprimo\u017enik na kitari, Luka Cerar Golob na bassu in Matic Gmeiner Juntez na bobnih.<\/p>\n<p>&nbsp;<\/p>\n<p>Teo vokalist in song writer je \u017ee proti koncu osnovne \u0161ole za\u010del pisati pesmi tako, da ko smo sestavili band se jih je \u017ee kar nekaj nabralo, v prvem letniku je njegov najbolj\u0161i prijatelj Matic za\u010del igrati kitaro , kmalu zatem se jima je pridru\u017eil tudi Luka in \u017ee na prvi vaji so vedeli da si \u017eelijo skupaj igrati in ustvarjati. Nasmehnila se jim je sre\u010da, ko se je prikazal Matic Gmeiner Juntez s svojimi neukrotljivimi ritmi.<\/p>\n<p>In tako so nastali Stone Head.<\/p>\n<p>&nbsp;<\/p>\n<p><a href=\"https:\/\/www.instagram.com\/stone.head.band\/\">https:\/\/www.instagram.com\/stone.head.band\/<\/a><\/p>\n<p>&nbsp;<\/p>\n<p>&nbsp;<\/p>\n<p>&nbsp;<\/p>\n<p><strong>STREET CREEPS<\/strong><\/p>\n<p>V umazanih okopih leta 2008 je bilo posejano seme Street Creeps, ki ga je skovala nesveta naveza Njc, \u0160tuhec, Kri\u017eaj, Markun in \u0160tular \u2013 postava, ki bi lahko povzro\u010dila pekel. Ognjeni krst smo do\u017eiveli leta 2011, ko smo v klubu Jedro v srcu na\u0161ega doma\u010dega mesta Medvode sprostili svoj zvo\u010dni bes. Lipstik&amp;Leather, prepoteni klubski nastopi in epski MMOA 2013 \u2013 skozi vse je odmeval na\u0161 bojni krik.<\/p>\n<p>&nbsp;<\/p>\n<p>Leta so tekla, Markun in \u0160tular sta se poslovila, a bratstvo je zdr\u017ealo. Jamnik se je s kitaro prebijal v prazno in tako so se Street Creeps prelevili v neizprosen kvartet. Posneta je bila bojna himna, rojena demo zgo\u0161\u010denka, slovenski klubski krog pa je za vedno zaznamoval na\u0161 zvo\u010dni juri\u0161.<\/p>\n<p>&nbsp;<\/p>\n<p>Kri\u017eaj je bobnarski prestol predal Kikiju, a ta ostaja v senci in posname na\u0161 kaos na filmski trak. Saga se je nadaljevala z izpolnjeno prerokbo \u2013 \u00bbIz Medvod v L.A.\u00ab pojavila se je zaveza z 10 skladbami, ki dokazuje na\u0161o uli\u010dno vztrajnost. Album je padel kot bomba jeseni 2023, zvo\u010dni upor proti normam.<\/p>\n<p>&nbsp;<\/p>\n<p>Skozi nevihte postave Street Creeps stojijo pokonci, bratov\u0161\u010dina, ki jo napaja ljubezen do kaosa. Na\u0161a glasba, koktajl glama, nagajivosti, kan\u010dka grima in \u010distega, nepotvorjenega uli\u010dnega rokenrola, vabi tiste, ki hrepenijo po uporu v riffih.<\/p>\n<p>&nbsp;<\/p>\n<p><a href=\"https:\/\/linktr.ee\/street_creeps\">https:\/\/linktr.ee\/street_creeps<\/a><\/p>\n<p>&nbsp;<\/p>\n<p>&nbsp;<\/p>","protected":false},"excerpt":{"rendered":"<p>&nbsp; HARD AND HEAVY NIGHT! \u00a0(ORTO BAR, \u010detrtek 25. 9. 2025) VRATA: 19ih VSTOPNINA 16e (predprodaja 10e) &nbsp; &nbsp; PATO VENGEANCE(VINTAGE) Primorska bor\u010devska zastavono\u0161a biv\u0161e klubske generacije subkulturnih glam hard rockerjev(sleazerjev) in biv\u0161i glam subkulturni idol&#8230;&#8230;15 let avtorske kariere! &nbsp; &#8220;oldschool&#8221; hard rock ma\u010dek, SAMOUK, skladatelj, avtor vseh partov, tekstopisec, izvajalec, multiin\u0161trumentalist, vokalist, aran\u017eer, mentor, [&hellip;]<\/p>","protected":false},"author":11,"featured_media":111591,"template":"","meta":{"_seopress_robots_primary_cat":"none","_seopress_titles_title":"","_seopress_titles_desc":"","_seopress_robots_index":""},"product_brand":[],"product_cat":[230],"product_tag":[222],"class_list":{"0":"post-111590","1":"product","2":"type-product","3":"status-publish","4":"has-post-thumbnail","6":"product_cat-arhiv","7":"product_tag-predprodaja","9":"entry","10":"has-media","12":"first","13":"instock","14":"virtual","15":"taxable","16":"product-type-simple","17":"has-product-nav","18":"col","19":"span_1_of_4","20":"owp-content-center","21":"item-entry","22":"owp-thumbs-layout-horizontal","23":"owp-btn-normal","24":"owp-tabs-layout-section","25":"has-no-thumbnails"},"publishpress_future_action":{"enabled":false,"date":"2026-05-02 13:57:12","action":"change-status","newStatus":"draft","terms":[],"taxonomy":"product_cat","extraData":[]},"publishpress_future_workflow_manual_trigger":{"enabledWorkflows":[]},"_links":{"self":[{"href":"https:\/\/www.orto-bar.com\/en\/wp-json\/wp\/v2\/product\/111590","targetHints":{"allow":["GET"]}}],"collection":[{"href":"https:\/\/www.orto-bar.com\/en\/wp-json\/wp\/v2\/product"}],"about":[{"href":"https:\/\/www.orto-bar.com\/en\/wp-json\/wp\/v2\/types\/product"}],"author":[{"embeddable":true,"href":"https:\/\/www.orto-bar.com\/en\/wp-json\/wp\/v2\/users\/11"}],"version-history":[{"count":0,"href":"https:\/\/www.orto-bar.com\/en\/wp-json\/wp\/v2\/product\/111590\/revisions"}],"wp:featuredmedia":[{"embeddable":true,"href":"https:\/\/www.orto-bar.com\/en\/wp-json\/wp\/v2\/media\/111591"}],"wp:attachment":[{"href":"https:\/\/www.orto-bar.com\/en\/wp-json\/wp\/v2\/media?parent=111590"}],"wp:term":[{"taxonomy":"product_brand","embeddable":true,"href":"https:\/\/www.orto-bar.com\/en\/wp-json\/wp\/v2\/product_brand?post=111590"},{"taxonomy":"product_cat","embeddable":true,"href":"https:\/\/www.orto-bar.com\/en\/wp-json\/wp\/v2\/product_cat?post=111590"},{"taxonomy":"product_tag","embeddable":true,"href":"https:\/\/www.orto-bar.com\/en\/wp-json\/wp\/v2\/product_tag?post=111590"}],"curies":[{"name":"wp","href":"https:\/\/api.w.org\/{rel}","templated":true}]}}