{"id":111600,"date":"2025-04-16T14:38:58","date_gmt":"2025-04-16T12:38:58","guid":{"rendered":"https:\/\/www.orto-bar.com\/?post_type=product&#038;p=111600"},"modified":"2025-04-16T14:44:09","modified_gmt":"2025-04-16T12:44:09","slug":"better-lovers-68-greyhaven","status":"publish","type":"product","link":"https:\/\/www.orto-bar.com\/en\/dogodki\/arhiv\/better-lovers-68-greyhaven\/","title":{"rendered":"Better Lovers, &#8217;68, Greyhaven"},"content":{"rendered":"<p>&nbsp;<\/p>\n<p>Vstopnice prek On-Parole! 27 evrov v predprodaji, 32 evrov na dan koncerta!<br \/>\n<a href=\"https:\/\/qr-codes.io\/eIk0w3\">https:\/\/qr-codes.io\/eIk0w3<\/a><\/p>\n<p>Tickets available through On-Parole ticket systems! 27 euro in presale, 32 euro on show day!<br \/>\n<a href=\"https:\/\/qr-codes.io\/oSOdtb\">https:\/\/qr-codes.io\/oSOdtb<\/a><\/p>\n<p>BETTER LOVERS premierno v Sloveniji!<\/p>\n<p>Pripravi se na enega najglasnej\u0161ih in najbolj energi\u010dnih ve\u010derov leto\u0161nje koncertne sezone! V soboto, 11. oktobra 2025, se bo Orto Bar tresel pod udarci treh vrhunskih ameri\u0161kih hardcore\/post-hardcore zasedb.<br \/>\nBETTER LOVERS \u2013 superzasedba, sestavljena iz \u010dlanov kultnih Every Time I Die, The Dillinger Escape Plan in Fit for an Autopsy, je v zelo kratkem \u010dasu postala ena najbolj vro\u010dih hardcore\/metalcore senzacij. Njihov brutalno energi\u010den nastop, tehni\u010dna dovr\u0161enost in divja karizma jih postavljajo med najmo\u010dnej\u0161e koncertne atrakcije zadnjih let.<br \/>\n\u201968 \u2013 eksperimentalni rock\/hardcore duo, ki ga vodi karizmati\u010dni Josh Scogin (ex-The Chariot, Norma Jean), znan po nepredvidljivih in kaoti\u010dnih nastopih, ki bri\u0161ejo meje med \u017eanri. \u010ce si jih \u017ee videl \u2013 ve\u0161, kaj te \u010daka. \u010ce ne \u2013 pripravi se na nekaj povsem druga\u010dnega.<br \/>\nGREYHAVEN \u2013 izjemno atmosferi\u010dna, a \u0161e vedno udarna zasedba iz Louisvillea, Kentucky. Prina\u0161ajo post-hardcore, ki je hkrati emocionalen in eksploziven. V \u017eivo? Nepozabno.<\/p>\n<p>BETTER LOVERS<br \/>\n<a href=\"https:\/\/www.facebook.com\/profile.php?id=100090604105865\">https:\/\/www.facebook.com\/profile.php?id=100090604105865<\/a><br \/>\n<a href=\"https:\/\/www.youtube.com\/watch?v=LNocoFQ0ecE\">https:\/\/www.youtube.com\/watch?v=LNocoFQ0ecE<\/a><\/p>\n<p>\u201968<br \/>\n<a href=\"https:\/\/www.facebook.com\/theyare68\">https:\/\/www.facebook.com\/theyare68<\/a><br \/>\n<a href=\"https:\/\/www.youtube.com\/watch?v=_AxpBIw-Azk\">https:\/\/www.youtube.com\/watch?v=_AxpBIw-Azk<\/a><\/p>\n<p>GREYHAVEN<br \/>\n<a href=\"https:\/\/www.facebook.com\/greyhavenband\">https:\/\/www.facebook.com\/greyhavenband<\/a><br \/>\n<a href=\"https:\/\/www.youtube.com\/watch?v=aRLc3B7DzS0\">https:\/\/www.youtube.com\/watch?v=aRLc3B7DzS0<\/a><\/p>","protected":false},"excerpt":{"rendered":"<p>&nbsp; Vstopnice prek On-Parole! 27 evrov v predprodaji, 32 evrov na dan koncerta! https:\/\/qr-codes.io\/eIk0w3 Tickets available through On-Parole ticket systems! 27 euro in presale, 32 euro on show day! https:\/\/qr-codes.io\/oSOdtb BETTER LOVERS premierno v Sloveniji! Pripravi se na enega najglasnej\u0161ih in najbolj energi\u010dnih ve\u010derov leto\u0161nje koncertne sezone! V soboto, 11. oktobra 2025, se bo Orto [&hellip;]<\/p>","protected":false},"author":11,"featured_media":111601,"template":"","meta":{"_seopress_robots_primary_cat":"none","_seopress_titles_title":"","_seopress_titles_desc":"","_seopress_robots_index":""},"product_brand":[],"product_cat":[230],"product_tag":[222],"class_list":{"0":"post-111600","1":"product","2":"type-product","3":"status-publish","4":"has-post-thumbnail","6":"product_cat-arhiv","7":"product_tag-predprodaja","9":"entry","10":"has-media","12":"first","13":"instock","14":"virtual","15":"taxable","16":"product-type-simple","17":"has-product-nav","18":"col","19":"span_1_of_4","20":"owp-content-center","21":"item-entry","22":"owp-thumbs-layout-horizontal","23":"owp-btn-normal","24":"owp-tabs-layout-section","25":"has-no-thumbnails"},"publishpress_future_action":{"enabled":false,"date":"2026-05-11 03:27:41","action":"change-status","newStatus":"draft","terms":[],"taxonomy":"product_cat","extraData":[]},"publishpress_future_workflow_manual_trigger":{"enabledWorkflows":[]},"_links":{"self":[{"href":"https:\/\/www.orto-bar.com\/en\/wp-json\/wp\/v2\/product\/111600","targetHints":{"allow":["GET"]}}],"collection":[{"href":"https:\/\/www.orto-bar.com\/en\/wp-json\/wp\/v2\/product"}],"about":[{"href":"https:\/\/www.orto-bar.com\/en\/wp-json\/wp\/v2\/types\/product"}],"author":[{"embeddable":true,"href":"https:\/\/www.orto-bar.com\/en\/wp-json\/wp\/v2\/users\/11"}],"version-history":[{"count":0,"href":"https:\/\/www.orto-bar.com\/en\/wp-json\/wp\/v2\/product\/111600\/revisions"}],"wp:featuredmedia":[{"embeddable":true,"href":"https:\/\/www.orto-bar.com\/en\/wp-json\/wp\/v2\/media\/111601"}],"wp:attachment":[{"href":"https:\/\/www.orto-bar.com\/en\/wp-json\/wp\/v2\/media?parent=111600"}],"wp:term":[{"taxonomy":"product_brand","embeddable":true,"href":"https:\/\/www.orto-bar.com\/en\/wp-json\/wp\/v2\/product_brand?post=111600"},{"taxonomy":"product_cat","embeddable":true,"href":"https:\/\/www.orto-bar.com\/en\/wp-json\/wp\/v2\/product_cat?post=111600"},{"taxonomy":"product_tag","embeddable":true,"href":"https:\/\/www.orto-bar.com\/en\/wp-json\/wp\/v2\/product_tag?post=111600"}],"curies":[{"name":"wp","href":"https:\/\/api.w.org\/{rel}","templated":true}]}}