{"id":111747,"date":"2025-04-17T13:24:32","date_gmt":"2025-04-17T11:24:32","guid":{"rendered":"https:\/\/www.orto-bar.com\/?post_type=product&#038;p=111747"},"modified":"2025-05-16T23:47:51","modified_gmt":"2025-05-16T21:47:51","slug":"jugoslovenka","status":"publish","type":"product","link":"https:\/\/www.orto-bar.com\/en\/dogodki\/arhiv\/jugoslovenka\/","title":{"rendered":"Jugoslovenka"},"content":{"rendered":"<p>Ve\u010d kot pet let \u017eurka JUGOSLOVENKA\u00a0 polni klube v Beogradu( \u0160lep, \u0160trafta in pop Quart) Od jeseni leta 2022 razprodaja klube\u00a0 tudi izven Beograda ( Novi Sad, Subotica, Banja Luka, Kraguljevac, Sarajevo, U\u017eice, Pan\u010devo, Kru\u0161evac,Ni\u0161 &#8230;.) V prej\u0161njih letih se je odvilo preko 80 Jugoslovenk v Srbiji in BIH sedaj pa se bo odvijala tudi v vseh velikih mestih biv\u0161e Jugoslavije in po Evropi.<\/p>\n<p>To je \u017eur vseh velikih jugoslovanskih bendov, urbanih glasbenih gibanj itd.<\/p>\n<p>Pripravite se na petje in ples ker na repertuarju bodo \u00a0Dino Dvornik, EKV, Haustor, Denis &amp; Denis, Idoli, Bebi Dol, Partibrejkers, Prljavo Kazali\u0161te, Oliver Mandi\u0107, \u0110avoli, Bajaga&#8230; a bi\u0107e tu i novih snaga poput Nipplepeople, Bu\u010d Kesidi, SevdahBaby, Dubioza Kolektiv, Zemlja Gruva, Z++, Artan Lili&#8230;<\/p>\n<p>Za DJ pultom bo Du\u0161ko Milojevi\u0107 a.k.a. Dulex , ki je bil rezident najbolj\u0161ih beograjskih klubov kot so Akademija, Povetarac, Ben Akiba, Pazi \u0160kola, \u0160trafta, Pop Quart, \u0160lep&#8230;.<\/p>\n<p>Du\u0161ko tudi \u017ee 12 let organizira v Bo\u017eidarcu v okviru Vra\u010dar Rocks serijala koncerte najbolj\u0161ih regionalnih bendov.<\/p>\n<p><a href=\"https:\/\/jugoslovenka.net\/\">https:\/\/jugoslovenka.net\/<\/a><\/p>\n<p><a href=\"https:\/\/www.instagram.com\/jugoslovenka.party\/\">https:\/\/www.instagram.com\/jugoslovenka.party\/<\/a><\/p>","protected":false},"excerpt":{"rendered":"<p>Ve\u010d kot pet let \u017eurka JUGOSLOVENKA\u00a0 polni klube v Beogradu( \u0160lep, \u0160trafta in pop Quart) Od jeseni leta 2022 razprodaja klube\u00a0 tudi izven Beograda ( Novi Sad, Subotica, Banja Luka, Kraguljevac, Sarajevo, U\u017eice, Pan\u010devo, Kru\u0161evac,Ni\u0161 &#8230;.) V prej\u0161njih letih se je odvilo preko 80 Jugoslovenk v Srbiji in BIH sedaj pa se bo odvijala tudi [&hellip;]<\/p>","protected":false},"author":11,"featured_media":111748,"template":"","meta":{"_seopress_robots_primary_cat":"none","_seopress_titles_title":"","_seopress_titles_desc":"","_seopress_robots_index":""},"product_brand":[],"product_cat":[230],"product_tag":[222],"class_list":{"0":"post-111747","1":"product","2":"type-product","3":"status-publish","4":"has-post-thumbnail","6":"product_cat-arhiv","7":"product_tag-predprodaja","9":"entry","10":"has-media","12":"first","13":"instock","14":"virtual","15":"taxable","16":"product-type-simple","17":"has-product-nav","18":"col","19":"span_1_of_4","20":"owp-content-center","21":"item-entry","22":"owp-thumbs-layout-horizontal","23":"owp-btn-normal","24":"owp-tabs-layout-section","25":"has-no-thumbnails"},"publishpress_future_action":{"enabled":false,"date":"2026-05-10 21:58:01","action":"change-status","newStatus":"draft","terms":[],"taxonomy":"product_cat","extraData":[]},"publishpress_future_workflow_manual_trigger":{"enabledWorkflows":[]},"_links":{"self":[{"href":"https:\/\/www.orto-bar.com\/en\/wp-json\/wp\/v2\/product\/111747","targetHints":{"allow":["GET"]}}],"collection":[{"href":"https:\/\/www.orto-bar.com\/en\/wp-json\/wp\/v2\/product"}],"about":[{"href":"https:\/\/www.orto-bar.com\/en\/wp-json\/wp\/v2\/types\/product"}],"author":[{"embeddable":true,"href":"https:\/\/www.orto-bar.com\/en\/wp-json\/wp\/v2\/users\/11"}],"version-history":[{"count":0,"href":"https:\/\/www.orto-bar.com\/en\/wp-json\/wp\/v2\/product\/111747\/revisions"}],"wp:featuredmedia":[{"embeddable":true,"href":"https:\/\/www.orto-bar.com\/en\/wp-json\/wp\/v2\/media\/111748"}],"wp:attachment":[{"href":"https:\/\/www.orto-bar.com\/en\/wp-json\/wp\/v2\/media?parent=111747"}],"wp:term":[{"taxonomy":"product_brand","embeddable":true,"href":"https:\/\/www.orto-bar.com\/en\/wp-json\/wp\/v2\/product_brand?post=111747"},{"taxonomy":"product_cat","embeddable":true,"href":"https:\/\/www.orto-bar.com\/en\/wp-json\/wp\/v2\/product_cat?post=111747"},{"taxonomy":"product_tag","embeddable":true,"href":"https:\/\/www.orto-bar.com\/en\/wp-json\/wp\/v2\/product_tag?post=111747"}],"curies":[{"name":"wp","href":"https:\/\/api.w.org\/{rel}","templated":true}]}}