{"id":112767,"date":"2025-04-25T14:13:06","date_gmt":"2025-04-25T12:13:06","guid":{"rendered":"https:\/\/www.orto-bar.com\/?post_type=product&#038;p=112767"},"modified":"2025-06-28T01:00:30","modified_gmt":"2025-06-27T23:00:30","slug":"fallen-division-visteria","status":"publish","type":"product","link":"https:\/\/www.orto-bar.com\/en\/dogodki\/arhiv\/fallen-division-visteria\/","title":{"rendered":"Fallen Division, Visteria"},"content":{"rendered":"<p>&nbsp;<\/p>\n<p>Pet\u010dlanska skupina FALLEN DIVISION prihaja iz centralne Slovenije. Z glasbo se \u010dlani navdu\u0161eno ukvarjajo \u017ee od osnovne \u0161ole, nekateri \u010dlani so sodelovali tudi v \u0161olskih zasedbah. Na skupno ustvarjalno pot so se podali pred dobrim letom, a imajo \u017ee kar nekaj avtorskega materiala. Gibljejo se v rock sferi z ob\u010dasnimi pop niansami.<\/p>\n<p>Skupina VISTERIA je nastala marca 2025, kot nova ustvarjalna pot po razpadu prej\u0161njega benda Polom5. \u010ceprav radi raziskujeJo razli\u010dne glasbene \u017eanre, ostajaJo zvesti svoji rock dedi\u0161\u010dini, ki sega od te\u017ejih, distorziranih zvokov do mirnej\u0161ih melodij.<\/p>","protected":false},"excerpt":{"rendered":"<p>&nbsp; Pet\u010dlanska skupina FALLEN DIVISION prihaja iz centralne Slovenije. Z glasbo se \u010dlani navdu\u0161eno ukvarjajo \u017ee od osnovne \u0161ole, nekateri \u010dlani so sodelovali tudi v \u0161olskih zasedbah. Na skupno ustvarjalno pot so se podali pred dobrim letom, a imajo \u017ee kar nekaj avtorskega materiala. Gibljejo se v rock sferi z ob\u010dasnimi pop niansami. Skupina VISTERIA [&hellip;]<\/p>","protected":false},"author":11,"featured_media":112768,"template":"","meta":{"_seopress_robots_primary_cat":"none","_seopress_titles_title":"","_seopress_titles_desc":"","_seopress_robots_index":""},"product_brand":[],"product_cat":[230],"product_tag":[222],"class_list":{"0":"post-112767","1":"product","2":"type-product","3":"status-publish","4":"has-post-thumbnail","6":"product_cat-arhiv","7":"product_tag-predprodaja","9":"entry","10":"has-media","12":"first","13":"instock","14":"virtual","15":"taxable","16":"product-type-simple","17":"has-product-nav","18":"col","19":"span_1_of_4","20":"owp-content-center","21":"item-entry","22":"owp-thumbs-layout-horizontal","23":"owp-btn-normal","24":"owp-tabs-layout-section","25":"has-no-thumbnails"},"publishpress_future_action":{"enabled":false,"date":"2026-05-11 01:09:37","action":"change-status","newStatus":"draft","terms":[],"taxonomy":"product_cat","extraData":[]},"publishpress_future_workflow_manual_trigger":{"enabledWorkflows":[]},"_links":{"self":[{"href":"https:\/\/www.orto-bar.com\/en\/wp-json\/wp\/v2\/product\/112767","targetHints":{"allow":["GET"]}}],"collection":[{"href":"https:\/\/www.orto-bar.com\/en\/wp-json\/wp\/v2\/product"}],"about":[{"href":"https:\/\/www.orto-bar.com\/en\/wp-json\/wp\/v2\/types\/product"}],"author":[{"embeddable":true,"href":"https:\/\/www.orto-bar.com\/en\/wp-json\/wp\/v2\/users\/11"}],"version-history":[{"count":0,"href":"https:\/\/www.orto-bar.com\/en\/wp-json\/wp\/v2\/product\/112767\/revisions"}],"wp:featuredmedia":[{"embeddable":true,"href":"https:\/\/www.orto-bar.com\/en\/wp-json\/wp\/v2\/media\/112768"}],"wp:attachment":[{"href":"https:\/\/www.orto-bar.com\/en\/wp-json\/wp\/v2\/media?parent=112767"}],"wp:term":[{"taxonomy":"product_brand","embeddable":true,"href":"https:\/\/www.orto-bar.com\/en\/wp-json\/wp\/v2\/product_brand?post=112767"},{"taxonomy":"product_cat","embeddable":true,"href":"https:\/\/www.orto-bar.com\/en\/wp-json\/wp\/v2\/product_cat?post=112767"},{"taxonomy":"product_tag","embeddable":true,"href":"https:\/\/www.orto-bar.com\/en\/wp-json\/wp\/v2\/product_tag?post=112767"}],"curies":[{"name":"wp","href":"https:\/\/api.w.org\/{rel}","templated":true}]}}