{"id":112870,"date":"2025-04-28T12:41:32","date_gmt":"2025-04-28T10:41:32","guid":{"rendered":"https:\/\/www.orto-bar.com\/?post_type=product&#038;p=112870"},"modified":"2025-06-03T12:19:18","modified_gmt":"2025-06-03T10:19:18","slug":"jimi-hendrix-night-z-midnight-lightnin","status":"publish","type":"product","link":"https:\/\/www.orto-bar.com\/en\/dogodki\/arhiv\/jimi-hendrix-night-z-midnight-lightnin\/","title":{"rendered":"Jimi Hendrix Night z Midnight Lightnin&#8217;"},"content":{"rendered":"<p>Jimi Hendrix Night (70 Edition)<br \/>\nLepo vabljeni na ve\u010der eksplozivnega psihadeli\u010dnega bluesa in rocka. Tokrat bo na meniju Hendrixov repertoar iz obdobja 1970 . Z vami bo zasedba Midnight Lightnin&#8217; .<\/p>\n<p>Zasedba:<br \/>\nMiha Ribari\u010d &#8211; bas kitara<br \/>\nZlatko Djogi\u010d &#8211; bobni<br \/>\nJulijan Eri\u010d &#8211; kitara, vokal<\/p>\n<p>Darilo za ljubitelje glasbe 70-ih, ki vklju\u010duje spektakularne trenutke in ikoni\u010dne zvoke najbolj vznemirljivega kitarista vseh \u010dasov. Slovenski Jimmy Hendrix \u2013 Julijan Eri\u010d raziskuje glasbo zlatih \u010dasov bluesa in rocknrolla ter obiskovalce koncertov navdu\u0161uje s kitarskimi sola\u017eami v stilu velikega Hendrixa.<\/p>\n<p>&nbsp;<\/p>\n<p>&nbsp;<\/p>","protected":false},"excerpt":{"rendered":"<p>Jimi Hendrix Night (70 Edition) Lepo vabljeni na ve\u010der eksplozivnega psihadeli\u010dnega bluesa in rocka. Tokrat bo na meniju Hendrixov repertoar iz obdobja 1970 . Z vami bo zasedba Midnight Lightnin&#8217; . Zasedba: Miha Ribari\u010d &#8211; bas kitara Zlatko Djogi\u010d &#8211; bobni Julijan Eri\u010d &#8211; kitara, vokal Darilo za ljubitelje glasbe 70-ih, ki vklju\u010duje spektakularne trenutke [&hellip;]<\/p>","protected":false},"author":11,"featured_media":93482,"template":"","meta":{"_seopress_robots_primary_cat":"none","_seopress_titles_title":"","_seopress_titles_desc":"","_seopress_robots_index":""},"product_brand":[],"product_cat":[230],"product_tag":[222],"class_list":{"0":"post-112870","1":"product","2":"type-product","3":"status-publish","4":"has-post-thumbnail","6":"product_cat-arhiv","7":"product_tag-predprodaja","9":"entry","10":"has-media","12":"first","13":"instock","14":"virtual","15":"taxable","16":"product-type-simple","17":"has-product-nav","18":"col","19":"span_1_of_4","20":"owp-content-center","21":"item-entry","22":"owp-thumbs-layout-horizontal","23":"owp-btn-normal","24":"owp-tabs-layout-section"},"publishpress_future_action":{"enabled":false,"date":"2026-04-26 23:58:31","action":"change-status","newStatus":"draft","terms":[],"taxonomy":"product_cat","extraData":[]},"publishpress_future_workflow_manual_trigger":{"enabledWorkflows":[]},"_links":{"self":[{"href":"https:\/\/www.orto-bar.com\/en\/wp-json\/wp\/v2\/product\/112870","targetHints":{"allow":["GET"]}}],"collection":[{"href":"https:\/\/www.orto-bar.com\/en\/wp-json\/wp\/v2\/product"}],"about":[{"href":"https:\/\/www.orto-bar.com\/en\/wp-json\/wp\/v2\/types\/product"}],"author":[{"embeddable":true,"href":"https:\/\/www.orto-bar.com\/en\/wp-json\/wp\/v2\/users\/11"}],"version-history":[{"count":0,"href":"https:\/\/www.orto-bar.com\/en\/wp-json\/wp\/v2\/product\/112870\/revisions"}],"wp:featuredmedia":[{"embeddable":true,"href":"https:\/\/www.orto-bar.com\/en\/wp-json\/wp\/v2\/media\/93482"}],"wp:attachment":[{"href":"https:\/\/www.orto-bar.com\/en\/wp-json\/wp\/v2\/media?parent=112870"}],"wp:term":[{"taxonomy":"product_brand","embeddable":true,"href":"https:\/\/www.orto-bar.com\/en\/wp-json\/wp\/v2\/product_brand?post=112870"},{"taxonomy":"product_cat","embeddable":true,"href":"https:\/\/www.orto-bar.com\/en\/wp-json\/wp\/v2\/product_cat?post=112870"},{"taxonomy":"product_tag","embeddable":true,"href":"https:\/\/www.orto-bar.com\/en\/wp-json\/wp\/v2\/product_tag?post=112870"}],"curies":[{"name":"wp","href":"https:\/\/api.w.org\/{rel}","templated":true}]}}