{"id":112873,"date":"2025-04-28T13:18:30","date_gmt":"2025-04-28T11:18:30","guid":{"rendered":"https:\/\/www.orto-bar.com\/?post_type=product&#038;p=112873"},"modified":"2025-06-25T19:47:11","modified_gmt":"2025-06-25T17:47:11","slug":"frantics-cado","status":"publish","type":"product","link":"https:\/\/www.orto-bar.com\/en\/dogodki\/arhiv\/frantics-cado\/","title":{"rendered":"FRANTIKS , CAD\u00d3"},"content":{"rendered":"<p>Kjer ve\u010der za\u017eivi v ritmih Rock&#8217;n&#8217;Rolla, Popa in Funka, tam zavladajo FRANTIKS in CAD\u00d3!<br class=\"html-br\" \/>2 vrhunski skupini, 2 udarna albuma, 2 uri nepozabnega \u017eura!<br class=\"html-br\" \/>Pripravi se na ve\u010der, kjer bosta glasba in plesi\u0161\u010de zavrela.<\/p>\n<p><u>FRANTIKS<\/u>:<br \/>\nSavo Fratnik, kitara<br \/>\nZoran Poto\u010dan, bas<br \/>\nBruno Toi\u0107, bobni<br \/>\nKristjan Vuk B., kitara<br \/>\nAnamarija Zorko, vokal<\/p>\n<p>&nbsp;<\/p>\n<p>Skupina je zelo heterogena po starosti, glasbeni izobrazbi in izku\u0161njah, telesni te\u017ei,vi\u0161ini in lepoti (politi\u010dnih, verskih in spolnih preferenc nismo preverjali, ker nas ne zanimajo), kar ji daje zanimivo dinamiko. Ker je \u201csex, drugs &amp; rock\u2019n\u2019roll\u201d nekoliko iz mode in preve\u010d naporen, \u017eelijo FRANTIKS s svojo glasbo po vzoru vseh misic sveta ustaviti vse vojne, re\u0161iti lakoto, podnebne spremembe in ogro\u017eene \u017eivalske vrste, \u0161e posebej \u2013 ta bo te\u017eka \u2013 slovenskega progastega go\u017ea.<br \/>\nFRANTIKS: oddaja &#8220;RADIOaktivno&#8221;\u00a0<a href=\"https:\/\/www.youtube.com\/watch?v=u1Gibquit0c&amp;fbclid=IwZXh0bgNhZW0CMTAAYnJpZBExSDA0TGRGYzZmbldnWWVYdgEe52vNHDt8olw_tvH-rPHkOdZ8srAJjVMHFiZ6fkI597FOg_tFfFZ4vPnV8ZA_aem_eTGTn_FI1B7jFpCrLBA_fg\"><strong>https:\/\/www.youtube.com\/watch?v=u1Gibquit0c<\/strong><\/a><\/p>\n<p>&nbsp;<\/p>\n<p><u>CAD\u00d3<\/u>:<br \/>\nTanja Seni\u010dar, vokal<br \/>\nMatev\u017e Pav\u010dnik, kitare<br \/>\nToni Novak, bobni<br \/>\nIgor Ambro\u017ei\u010d, tolkala<br \/>\nBeno Stern, bas kitara, spremljevalni vokal<\/p>\n<p>&nbsp;<\/p>\n<p>CAD\u00d3 smo glasbena skupina, ki prepleta eleganco popa, surovost rocka in \u010dutnost soula v edinstveno glasbeno izku\u0161njo.<br \/>\nNa\u0161a glasba je potovanje skozi sr\u017e \u010dlove\u0161kih \u010dustev, odnosov in notranjih iskanj. Prina\u0161a spekter tem, od introspektivnih trenutkov ti\u0161ine do eksplozivnega veselja skupnih avantur. Vsaka skladba odpira novo poglavje, bogato z melodijami, ki povezujejo srca in navdihujejo du\u0161o. CAD\u00d3-jevci nenehno raziskujemo nova glasbena obzorja, smo neustra\u0161ni v eksperimentiranju, a vedno s svojo prepoznavno esenco.<br \/>\nCAD\u00d3: oddaja &#8220;Na sceni &#8211; Val 202&#8221;\u00a0<a href=\"https:\/\/val202.rtvslo.si\/podkast\/na-sceni\/4182673\/175103219?fbclid=IwZXh0bgNhZW0CMTAAYnJpZBExSDA0TGRGYzZmbldnWWVYdgEe8waSVn_GLh5F0yjjkG_YVtvs0Q-1aFOSbmyImm0aTeFMfExs9oLNuKKfeLg_aem_PqoowYN4UYIp59dOrcKsTw\"><strong>https:\/\/val202.rtvslo.si\/podkast\/na-sceni\/4182673\/175103219<\/strong><\/a>, oddaja &#8220;RADIOaktivno&#8221;\u00a0<a href=\"https:\/\/www.youtube.com\/watch?v=2AEK0GDL_wg&amp;fbclid=IwZXh0bgNhZW0CMTAAYnJpZBExSDA0TGRGYzZmbldnWWVYdgEerxQurQ5yEMEv8TvFtbn6mgJoVSljOQ4GdkA_Z2ZUtpfkXGADRQvpbVdiGOM_aem_D9yYnfqirHwwbtel_QbSqw\"><strong>https:\/\/www.youtube.com\/watch?v=2AEK0GDL_wg<\/strong><\/a><\/p>","protected":false},"excerpt":{"rendered":"<p>Kjer ve\u010der za\u017eivi v ritmih Rock&#8217;n&#8217;Rolla, Popa in Funka, tam zavladajo FRANTIKS in CAD\u00d3!2 vrhunski skupini, 2 udarna albuma, 2 uri nepozabnega \u017eura!Pripravi se na ve\u010der, kjer bosta glasba in plesi\u0161\u010de zavrela. FRANTIKS: Savo Fratnik, kitara Zoran Poto\u010dan, bas Bruno Toi\u0107, bobni Kristjan Vuk B., kitara Anamarija Zorko, vokal &nbsp; Skupina je zelo heterogena po [&hellip;]<\/p>","protected":false},"author":11,"featured_media":112901,"template":"","meta":{"_seopress_robots_primary_cat":"none","_seopress_titles_title":"","_seopress_titles_desc":"","_seopress_robots_index":""},"product_brand":[],"product_cat":[230],"product_tag":[222],"class_list":{"0":"post-112873","1":"product","2":"type-product","3":"status-publish","4":"has-post-thumbnail","6":"product_cat-arhiv","7":"product_tag-predprodaja","9":"entry","10":"has-media","12":"first","13":"instock","14":"virtual","15":"taxable","16":"product-type-simple","17":"has-product-nav","18":"col","19":"span_1_of_4","20":"owp-content-center","21":"item-entry","22":"owp-thumbs-layout-horizontal","23":"owp-btn-normal","24":"owp-tabs-layout-section","25":"has-no-thumbnails"},"publishpress_future_action":{"enabled":false,"date":"2026-04-27 17:07:09","action":"change-status","newStatus":"draft","terms":[],"taxonomy":"product_cat","extraData":[]},"publishpress_future_workflow_manual_trigger":{"enabledWorkflows":[]},"_links":{"self":[{"href":"https:\/\/www.orto-bar.com\/en\/wp-json\/wp\/v2\/product\/112873","targetHints":{"allow":["GET"]}}],"collection":[{"href":"https:\/\/www.orto-bar.com\/en\/wp-json\/wp\/v2\/product"}],"about":[{"href":"https:\/\/www.orto-bar.com\/en\/wp-json\/wp\/v2\/types\/product"}],"author":[{"embeddable":true,"href":"https:\/\/www.orto-bar.com\/en\/wp-json\/wp\/v2\/users\/11"}],"version-history":[{"count":0,"href":"https:\/\/www.orto-bar.com\/en\/wp-json\/wp\/v2\/product\/112873\/revisions"}],"wp:featuredmedia":[{"embeddable":true,"href":"https:\/\/www.orto-bar.com\/en\/wp-json\/wp\/v2\/media\/112901"}],"wp:attachment":[{"href":"https:\/\/www.orto-bar.com\/en\/wp-json\/wp\/v2\/media?parent=112873"}],"wp:term":[{"taxonomy":"product_brand","embeddable":true,"href":"https:\/\/www.orto-bar.com\/en\/wp-json\/wp\/v2\/product_brand?post=112873"},{"taxonomy":"product_cat","embeddable":true,"href":"https:\/\/www.orto-bar.com\/en\/wp-json\/wp\/v2\/product_cat?post=112873"},{"taxonomy":"product_tag","embeddable":true,"href":"https:\/\/www.orto-bar.com\/en\/wp-json\/wp\/v2\/product_tag?post=112873"}],"curies":[{"name":"wp","href":"https:\/\/api.w.org\/{rel}","templated":true}]}}