{"id":113496,"date":"2025-05-05T13:33:56","date_gmt":"2025-05-05T11:33:56","guid":{"rendered":"https:\/\/www.orto-bar.com\/?post_type=product&#038;p=113496"},"modified":"2025-05-29T01:00:25","modified_gmt":"2025-05-28T23:00:25","slug":"vrazeverjesamokres","status":"publish","type":"product","link":"https:\/\/www.orto-bar.com\/en\/dogodki\/arhiv\/vrazeverjesamokres\/","title":{"rendered":"Vra\u017eeverje,SAMOKRES"},"content":{"rendered":"<p><strong>Glasbena skupina VRA\u017dEVERJE <\/strong><\/p>\n<p>&nbsp;<\/p>\n<p><strong>\u010clani:<\/strong><strong>\u00a0<\/strong><\/p>\n<p>Miha Slapnik (kitara\/vokal)<\/p>\n<p>Leo Gaber\u0161ek (kitara\/back vokal)<\/p>\n<p>Bla\u017e Kokol (harmonika\/back vokal)<\/p>\n<p>Sebastijan Starc (bas kitara\/back vokal)<\/p>\n<p>Domen Godec (bobni\/back vokal)<\/p>\n<p>&nbsp;<\/p>\n<p>Njihovo glasbo bi lahko opisali kot misteriozno kombinacijo zvokov, zavitih v tan\u010dico teme. Pridevniki, s katerimi bi lahko ozna\u010dili njihovo zgodbo so teatralna, druga\u010dna in predvsem polna skrivnosti. Navdih \u010drpajo predvsem iz teatra, tako da je sama izvedba glasbenega nastopa hkrati tudi performans.<\/p>\n<p>&nbsp;<\/p>\n<p>Vra\u017eeverje je vera v \u017eivljenje. Vra\u017eeverje vra\u010da \u017eivljenju vero. Daje mu verjetnost, da se bo v njem nekaj zgodilo. Nekaj \u010dudnega. Nekaj druga\u010dnega, \u010dude\u017enega.<\/p>\n<p>&nbsp;<\/p>\n<p>\u010cas je, da se nekaj druga\u010dnega zgodi tudi pri vas.<\/p>\n<p>&nbsp;<\/p>\n<p><strong>LINKS:<\/strong><\/p>\n<p>&nbsp;<\/p>\n<p><a href=\"https:\/\/www.facebook.com\/share\/1AFxtf19z8\/\">https:\/\/www.facebook.com\/share\/1AFxtf19z8\/<\/a><\/p>\n<p>&nbsp;<\/p>\n<p><a href=\"https:\/\/www.instagram.com\/vrazeverje?igsh=c3Rwa3Uzd3BydXk0\">https:\/\/www.instagram.com\/vrazeverje?igsh=c3Rwa3Uzd3BydXk0<\/a><\/p>\n<p>&nbsp;<\/p>\n<p><a href=\"https:\/\/youtube.com\/@vrazeverje?si=DDbuwm91K1o5FlQP\">https:\/\/youtube.com\/@vrazeverje?si=DDbuwm91K1o5FlQP<\/a><\/p>","protected":false},"excerpt":{"rendered":"<p>Glasbena skupina VRA\u017dEVERJE &nbsp; \u010clani:\u00a0 Miha Slapnik (kitara\/vokal) Leo Gaber\u0161ek (kitara\/back vokal) Bla\u017e Kokol (harmonika\/back vokal) Sebastijan Starc (bas kitara\/back vokal) Domen Godec (bobni\/back vokal) &nbsp; Njihovo glasbo bi lahko opisali kot misteriozno kombinacijo zvokov, zavitih v tan\u010dico teme. Pridevniki, s katerimi bi lahko ozna\u010dili njihovo zgodbo so teatralna, druga\u010dna in predvsem polna skrivnosti. Navdih [&hellip;]<\/p>","protected":false},"author":11,"featured_media":114635,"template":"","meta":{"_seopress_robots_primary_cat":"none","_seopress_titles_title":"","_seopress_titles_desc":"","_seopress_robots_index":""},"product_brand":[],"product_cat":[230],"product_tag":[222],"class_list":{"0":"post-113496","1":"product","2":"type-product","3":"status-publish","4":"has-post-thumbnail","6":"product_cat-arhiv","7":"product_tag-predprodaja","9":"entry","10":"has-media","12":"first","13":"instock","14":"virtual","15":"taxable","16":"product-type-simple","17":"has-product-nav","18":"col","19":"span_1_of_4","20":"owp-content-center","21":"item-entry","22":"owp-thumbs-layout-horizontal","23":"owp-btn-normal","24":"owp-tabs-layout-section","25":"has-no-thumbnails"},"publishpress_future_action":{"enabled":false,"date":"2026-04-27 17:03:26","action":"change-status","newStatus":"draft","terms":[],"taxonomy":"product_cat","extraData":[]},"publishpress_future_workflow_manual_trigger":{"enabledWorkflows":[]},"_links":{"self":[{"href":"https:\/\/www.orto-bar.com\/en\/wp-json\/wp\/v2\/product\/113496","targetHints":{"allow":["GET"]}}],"collection":[{"href":"https:\/\/www.orto-bar.com\/en\/wp-json\/wp\/v2\/product"}],"about":[{"href":"https:\/\/www.orto-bar.com\/en\/wp-json\/wp\/v2\/types\/product"}],"author":[{"embeddable":true,"href":"https:\/\/www.orto-bar.com\/en\/wp-json\/wp\/v2\/users\/11"}],"version-history":[{"count":0,"href":"https:\/\/www.orto-bar.com\/en\/wp-json\/wp\/v2\/product\/113496\/revisions"}],"wp:featuredmedia":[{"embeddable":true,"href":"https:\/\/www.orto-bar.com\/en\/wp-json\/wp\/v2\/media\/114635"}],"wp:attachment":[{"href":"https:\/\/www.orto-bar.com\/en\/wp-json\/wp\/v2\/media?parent=113496"}],"wp:term":[{"taxonomy":"product_brand","embeddable":true,"href":"https:\/\/www.orto-bar.com\/en\/wp-json\/wp\/v2\/product_brand?post=113496"},{"taxonomy":"product_cat","embeddable":true,"href":"https:\/\/www.orto-bar.com\/en\/wp-json\/wp\/v2\/product_cat?post=113496"},{"taxonomy":"product_tag","embeddable":true,"href":"https:\/\/www.orto-bar.com\/en\/wp-json\/wp\/v2\/product_tag?post=113496"}],"curies":[{"name":"wp","href":"https:\/\/api.w.org\/{rel}","templated":true}]}}