{"id":113630,"date":"2025-05-06T18:52:39","date_gmt":"2025-05-06T16:52:39","guid":{"rendered":"https:\/\/www.orto-bar.com\/?post_type=product&#038;p=113630"},"modified":"2025-05-30T19:26:01","modified_gmt":"2025-05-30T17:26:01","slug":"parvani-violet-predstavitev-albuma-simboli","status":"publish","type":"product","link":"https:\/\/www.orto-bar.com\/en\/dogodki\/arhiv\/parvani-violet-predstavitev-albuma-simboli\/","title":{"rendered":"PARVANI VIOLET: PREDSTAVITEV ALBUMA &#8216;SIMBOLI&#8217;"},"content":{"rendered":"<p>&nbsp;<\/p>\n<p><strong>Parvani Violet predstavlja svoj prvi album \u2018Simboli\u2019! To bo no\u010d romantike, igre in gore\u010dnosti skozi ezoteri\u010dni trap in romanti\u010dni r\u2019n\u2019b. Parvani je glasbena in vizualna umetnica, multiin\u0161trumentalistka in audio-video producentka; \u010de bi se Ariana Grande in Senidah sre\u010dali na seansi, bi dobili njeno glasbo. \u0160ir\u0161a publika jo pozna z odrov Slovenija ima talent, Eme Fre\u0161 in Eme 2020 ter Popevke 2023. Parvani skrbi za vsa svoja besedila, melodije in vizualni koncept, najbolj pa se vname ravno na odru! Po uspe\u0161nem EP prvencu \u2018Mag\u2019 zdaj v Ortu predstavlja svoj prvi, slovensko-srbski album \u2018Simboli\u2019 &#8211; in to v polni bandovski zasedbi Parvani Violet &amp; The Fairy Godfathers (Lovro Leskovar na kitari, Tim Koro\u0161ec na bobnih, An\u017ee Zaver\u0161nik na klaviaturah in Goran Sarja\u0161 na basu). Parvani pomeni polna luna, pod katero se je avtorica tudi rodila.\u00a0<\/strong><\/p>\n<p>Osrednja stran:\u00a0<a style=\"font-style: inherit;\" href=\"https:\/\/bio.site\/ParvaniViolet\">https:\/\/bio.site\/ParvaniViolet<\/a><\/p>\n<p>Youtube:\u00a0<a style=\"font-style: inherit;\" href=\"https:\/\/www.youtube.com\/@ParvaniViolet\">https:\/\/www.youtube.com\/@ParvaniViolet<\/a><\/p>\n<p>Facebook:\u00a0<a style=\"font-style: inherit;\" href=\"https:\/\/www.facebook.com\/ms.parvaniviolet\/\">https:\/\/www.facebook.com\/ms.parvaniviolet\/<\/a><\/p>\n<p>Instagram:\u00a0<a style=\"font-style: inherit;\" href=\"https:\/\/www.instagram.com\/parvaniviolet\/\">https:\/\/www.instagram.com\/parvaniviolet\/<\/a><\/p>\n<p>TikTok:\u00a0<a style=\"font-style: inherit;\" href=\"https:\/\/www.tiktok.com\/@parvaniviolet\">https:\/\/www.tiktok.com\/@parvaniviolet<\/a><\/p>","protected":false},"excerpt":{"rendered":"<p>&nbsp; Parvani Violet predstavlja svoj prvi album \u2018Simboli\u2019! To bo no\u010d romantike, igre in gore\u010dnosti skozi ezoteri\u010dni trap in romanti\u010dni r\u2019n\u2019b. Parvani je glasbena in vizualna umetnica, multiin\u0161trumentalistka in audio-video producentka; \u010de bi se Ariana Grande in Senidah sre\u010dali na seansi, bi dobili njeno glasbo. \u0160ir\u0161a publika jo pozna z odrov Slovenija ima talent, Eme [&hellip;]<\/p>","protected":false},"author":11,"featured_media":114114,"template":"","meta":{"_seopress_robots_primary_cat":"none","_seopress_titles_title":"","_seopress_titles_desc":"","_seopress_robots_index":""},"product_brand":[],"product_cat":[230],"product_tag":[222],"class_list":{"0":"post-113630","1":"product","2":"type-product","3":"status-publish","4":"has-post-thumbnail","6":"product_cat-arhiv","7":"product_tag-predprodaja","9":"entry","10":"has-media","12":"first","13":"instock","14":"virtual","15":"taxable","16":"product-type-simple","17":"has-product-nav","18":"col","19":"span_1_of_4","20":"owp-content-center","21":"item-entry","22":"owp-thumbs-layout-horizontal","23":"owp-btn-normal","24":"owp-tabs-layout-section","25":"has-no-thumbnails"},"publishpress_future_action":{"enabled":false,"date":"2026-05-06 18:09:59","action":"change-status","newStatus":"draft","terms":[],"taxonomy":"product_cat","extraData":[]},"publishpress_future_workflow_manual_trigger":{"enabledWorkflows":[]},"_links":{"self":[{"href":"https:\/\/www.orto-bar.com\/en\/wp-json\/wp\/v2\/product\/113630","targetHints":{"allow":["GET"]}}],"collection":[{"href":"https:\/\/www.orto-bar.com\/en\/wp-json\/wp\/v2\/product"}],"about":[{"href":"https:\/\/www.orto-bar.com\/en\/wp-json\/wp\/v2\/types\/product"}],"author":[{"embeddable":true,"href":"https:\/\/www.orto-bar.com\/en\/wp-json\/wp\/v2\/users\/11"}],"version-history":[{"count":0,"href":"https:\/\/www.orto-bar.com\/en\/wp-json\/wp\/v2\/product\/113630\/revisions"}],"wp:featuredmedia":[{"embeddable":true,"href":"https:\/\/www.orto-bar.com\/en\/wp-json\/wp\/v2\/media\/114114"}],"wp:attachment":[{"href":"https:\/\/www.orto-bar.com\/en\/wp-json\/wp\/v2\/media?parent=113630"}],"wp:term":[{"taxonomy":"product_brand","embeddable":true,"href":"https:\/\/www.orto-bar.com\/en\/wp-json\/wp\/v2\/product_brand?post=113630"},{"taxonomy":"product_cat","embeddable":true,"href":"https:\/\/www.orto-bar.com\/en\/wp-json\/wp\/v2\/product_cat?post=113630"},{"taxonomy":"product_tag","embeddable":true,"href":"https:\/\/www.orto-bar.com\/en\/wp-json\/wp\/v2\/product_tag?post=113630"}],"curies":[{"name":"wp","href":"https:\/\/api.w.org\/{rel}","templated":true}]}}