{"id":113752,"date":"2025-05-08T12:53:31","date_gmt":"2025-05-08T10:53:31","guid":{"rendered":"https:\/\/www.orto-bar.com\/?post_type=product&#038;p=113752"},"modified":"2025-06-12T17:21:24","modified_gmt":"2025-06-12T15:21:24","slug":"samsation-suntan-club","status":"publish","type":"product","link":"https:\/\/www.orto-bar.com\/en\/dogodki\/arhiv\/samsation-suntan-club\/","title":{"rendered":"Samsation, Suntan Club"},"content":{"rendered":"<p>&nbsp;<\/p>\n<p>PSIHEDELIJA PRIHAJA V ORTO!<br \/>\n12. junija Orto bar predstavlja ve\u010der tako vintage kot moderne psihedelije s skupinama SAMSATION in SUNTAN CLUB!<br \/>\nVrata: 19h<br \/>\nZa\u010detek koncerta: 20h<br \/>\nSUNTAN CLUB (AVT)<br \/>\nSuntan Club je \u0161tiri\u010dlanska skupina iz Dunaja, ki zdru\u017euje neo-psihedeli\u010dni surf-gara\u017eni rock s toplino in spro\u0161\u010denim vzdu\u0161jem. Njihova glasba \u017eeli prinesti topel, vla\u017een morski zrak v kraje, kjer bi o njem sicer le sanjali \u2013 in ustvarja evfori\u010dni naval zvo\u010dnih valov in son\u010dnih \u017earkov.<br \/>\n<a href=\"http:\/\/www.suntan.club\">www.suntan.club<\/a><br \/>\nSAMSATION (SLO)<br \/>\nSkupina bratov in bratrancev igra psihedeli\u010den hard rock iz 70-ih, ki vas bo popeljal skozi \u017eivljenjske vzpone in padce. Njihova glasba je kot ognjeni vrtinec, ki vas bo potegnil v svoj objem, od lahkotnih melodij, pa vse do tema\u010dnih riffov. Samsation Band ni le skupina, je dru\u017eina, ki na odru ustvarja edinstveno kemijo. Njihova glasba je pristna, neposredna in brezkompromisna. Pripravite se na ve\u010der, ki bo prebudil va\u0161o divjo plat in vas pustil hrepeneti po \u0161e.<\/p>\n<p class=\"responsive-video-wrap clr\"><iframe title=\"Samsation - Frozen in Time (Audio)\" width=\"1200\" height=\"900\" src=\"https:\/\/www.youtube.com\/embed\/KSwMWFuA_6Q?feature=oembed\" frameborder=\"0\" allow=\"accelerometer; autoplay; clipboard-write; encrypted-media; gyroscope; picture-in-picture; web-share\" referrerpolicy=\"strict-origin-when-cross-origin\" allowfullscreen><\/iframe><\/p>","protected":false},"excerpt":{"rendered":"<p>&nbsp; PSIHEDELIJA PRIHAJA V ORTO! 12. junija Orto bar predstavlja ve\u010der tako vintage kot moderne psihedelije s skupinama SAMSATION in SUNTAN CLUB! Vrata: 19h Za\u010detek koncerta: 20h SUNTAN CLUB (AVT) Suntan Club je \u0161tiri\u010dlanska skupina iz Dunaja, ki zdru\u017euje neo-psihedeli\u010dni surf-gara\u017eni rock s toplino in spro\u0161\u010denim vzdu\u0161jem. Njihova glasba \u017eeli prinesti topel, vla\u017een morski zrak [&hellip;]<\/p>","protected":false},"author":11,"featured_media":113753,"template":"","meta":{"_seopress_robots_primary_cat":"none","_seopress_titles_title":"","_seopress_titles_desc":"","_seopress_robots_index":""},"product_brand":[],"product_cat":[230],"product_tag":[222],"class_list":{"0":"post-113752","1":"product","2":"type-product","3":"status-publish","4":"has-post-thumbnail","6":"product_cat-arhiv","7":"product_tag-predprodaja","9":"entry","10":"has-media","12":"first","13":"instock","14":"virtual","15":"taxable","16":"product-type-simple","17":"has-product-nav","18":"col","19":"span_1_of_4","20":"owp-content-center","21":"item-entry","22":"owp-thumbs-layout-horizontal","23":"owp-btn-normal","24":"owp-tabs-layout-section","25":"has-no-thumbnails"},"publishpress_future_action":{"enabled":false,"date":"2026-04-27 23:58:20","action":"change-status","newStatus":"draft","terms":[],"taxonomy":"product_cat","extraData":[]},"publishpress_future_workflow_manual_trigger":{"enabledWorkflows":[]},"_links":{"self":[{"href":"https:\/\/www.orto-bar.com\/en\/wp-json\/wp\/v2\/product\/113752","targetHints":{"allow":["GET"]}}],"collection":[{"href":"https:\/\/www.orto-bar.com\/en\/wp-json\/wp\/v2\/product"}],"about":[{"href":"https:\/\/www.orto-bar.com\/en\/wp-json\/wp\/v2\/types\/product"}],"author":[{"embeddable":true,"href":"https:\/\/www.orto-bar.com\/en\/wp-json\/wp\/v2\/users\/11"}],"version-history":[{"count":0,"href":"https:\/\/www.orto-bar.com\/en\/wp-json\/wp\/v2\/product\/113752\/revisions"}],"wp:featuredmedia":[{"embeddable":true,"href":"https:\/\/www.orto-bar.com\/en\/wp-json\/wp\/v2\/media\/113753"}],"wp:attachment":[{"href":"https:\/\/www.orto-bar.com\/en\/wp-json\/wp\/v2\/media?parent=113752"}],"wp:term":[{"taxonomy":"product_brand","embeddable":true,"href":"https:\/\/www.orto-bar.com\/en\/wp-json\/wp\/v2\/product_brand?post=113752"},{"taxonomy":"product_cat","embeddable":true,"href":"https:\/\/www.orto-bar.com\/en\/wp-json\/wp\/v2\/product_cat?post=113752"},{"taxonomy":"product_tag","embeddable":true,"href":"https:\/\/www.orto-bar.com\/en\/wp-json\/wp\/v2\/product_tag?post=113752"}],"curies":[{"name":"wp","href":"https:\/\/api.w.org\/{rel}","templated":true}]}}