{"id":114479,"date":"2025-05-16T12:42:07","date_gmt":"2025-05-16T10:42:07","guid":{"rendered":"https:\/\/www.orto-bar.com\/?post_type=product&#038;p=114479"},"modified":"2026-01-16T22:07:15","modified_gmt":"2026-01-16T21:07:15","slug":"raikikihogminister","status":"publish","type":"product","link":"https:\/\/www.orto-bar.com\/en\/dogodki\/arhiv\/raikikihogminister\/","title":{"rendered":"Rai,Kiki,Hogminister"},"content":{"rendered":"<p>&nbsp;<\/p>\n<p>KiKi:<\/p>\n<p>&nbsp;<\/p>\n<p>KiKi je ena najbolj izrazitih sodobnih glasbenih avtoric na slovenski sceni. Radio \u0160tudent jo je poimenoval \u00bb\u010darovnica intimnih pripovedk\u00ab, njeno glasbo pa kot \u00bbmagi\u010dni folk-pop\u00ab.<\/p>\n<p>Njeno delo odlikujejo zvo\u010dna milina, ve\u010dplastni vokalni aran\u017emaji ter tema\u010dno-poeti\u010dno besedilo, s \u010dimer ustvarja izkustveno glasbo, ki presega \u017eanrske okvire. Svoj prepoznavni umetni\u0161ki izraz je za\u010dela graditi leta 2021 s pesmijo Pun\u010dka iz papirja, leta 2023 pa izdala prvenec KRiKi, raz\u0161irjen leta 2024 z izdajo KRiKi Extended (Celinka). Letos se je predstavila na tekmovanju EMA s skladbo O-ou, s katero je pokazala svoj najnovej\u0161i ustvarjalni premik.<\/p>\n<p>Nastopajo\u010di glasbeniki z KiKi so Janom Kopa\u010dem (kitara), Martinom Jocifom (bobni), Matev\u017eem Ko\u0161utnikom (klaviature), ter spremljevalnima vokalistkama Niko Trdin in Galo Pregel.<\/p>\n<p>&nbsp;<\/p>\n<p>&nbsp;<\/p>\n<p>Facebook: <a href=\"https:\/\/www.facebook.com\/kikiwritings\/\">https:\/\/www.facebook.com\/kikiwritings\/<\/a><\/p>\n<p>Instagram:<a href=\"https:\/\/www.instagram.com\/kikiwritings\/\"> https:\/\/www.instagram.com\/kikiwritings\/<\/a><\/p>\n<p>BandCamp: <a href=\"https:\/\/kikiwritings.bandcamp.com\/\">https:\/\/kikiwritings.bandcamp.com\/<\/a><\/p>\n<p>SoundCloud: <a href=\"https:\/\/soundcloud.com\/kikiwritings\">https:\/\/soundcloud.com\/kikiwritings<\/a><\/p>\n<p>&nbsp;<\/p>\n<p>&nbsp;<\/p>\n<p>&nbsp;<\/p>\n<p>RAI:<\/p>\n<p>&nbsp;<\/p>\n<p>RAI je progresivna rock\/metal skupina, ki se svojim premiernim dvojcem albumov Reason&amp;Heart podaja na pot po slovenski sceni.<\/p>\n<p>Po divjem nastopu na EMI 2025 s singlom Frederick\u2019s Dead so se predstavili \u0161ir\u0161i slovenski publiki, je pa to \u0161ele vrh ledenika, ki ga RAI lahko ponudi.<\/p>\n<p>Albuma predstavljata dvojnost ob\u010dutkov, katere si prizadevamo na odru odigrati. Me\u0161anica glasbene zahtevnosti in impresionizma zme\u0161ano s surovimi \u010dustvi, dobro opisujeta koncept teh dveh prvencev. Od kabarejskega Cinema do prog vrhunca Reason, ta albuma perfektno opisujeta vse za \u010dimer stoji RAI.<\/p>\n<p>Nastopajo\u010di so Vanja Vrtovec na vokalu, Filip Furlani in Mile Vrbica kraljujeta na kitarah, Urban \u017diberna na brezglavem basu, Toma\u017e Vrtovec na klaviaturah ter nenazadnje Maj Kobilica na bobnarskem prestolu.<\/p>\n<p>&nbsp;<\/p>\n<p>Socialna Omre\u017eja:<\/p>\n<p>&nbsp;<\/p>\n<p>Website: <a href=\"https:\/\/www.rai-official-band.com\/\">https:\/\/www.rai-official-band.com\/<\/a><\/p>\n<p>Facebook: <a href=\"https:\/\/www.facebook.com\/profile.php?id=61559202819345\">https:\/\/www.facebook.com\/profile.php?id=61559202819345<\/a><\/p>\n<p>IG: <a href=\"https:\/\/www.instagram.com\/rai.official.band\/\">https:\/\/www.instagram.com\/rai.official.band\/<\/a><\/p>\n<p>Tik Tok: <a href=\"https:\/\/www.tiktok.com\/@rai.official.band?_t=8ouoqFOfsWn&amp;_r=1\">https:\/\/www.tiktok.com\/@rai.official.band?_t=8ouoqFOfsWn&amp;_r=1<\/a><\/p>\n<p>YouTube: <a href=\"https:\/\/www.youtube.com\/@RAI-SLO\">https:\/\/www.youtube.com\/@RAI-SLO<\/a><\/p>\n<p>&nbsp;<\/p>\n<p>&nbsp;<\/p>\n<p>&nbsp;<\/p>\n<p>&nbsp;<\/p>\n<p>&nbsp;<\/p>\n<p>Hogminister:<\/p>\n<p>&nbsp;<\/p>\n<p>Skupina Hogminister se po triletnem premoru vra\u010da z zagnanostjo in sve\u017eino. Napovedujejo prvenec z naslovom \u201cVoyage\u201d, ki oznanja novo ustvarjalno poglavje. Album prina\u0161a drasti\u010dno spremembo v zvoku, predvsem pa odra\u017ea zrelost in dovr\u0161enost, kar je produkt ve\u010dletnega pisanja. Obljubljajo vam zanimive komade z zanimivimi ritmi in zanimivimi melodijami<\/p>\n<p>&nbsp;<\/p>\n<p>Za obo\u017eevalce skupin: Karnivool, Porcupine Tree, Tool, Biffy Clyro<\/p>\n<p>&nbsp;<\/p>\n<p>Social:<a href=\"https:\/\/www.instagram.com\/hogminister\/\"> https:\/\/www.instagram.com\/hogminister\/<\/a><\/p>\n<p>&nbsp;<\/p>","protected":false},"excerpt":{"rendered":"<p>&nbsp; KiKi: &nbsp; KiKi je ena najbolj izrazitih sodobnih glasbenih avtoric na slovenski sceni. Radio \u0160tudent jo je poimenoval \u00bb\u010darovnica intimnih pripovedk\u00ab, njeno glasbo pa kot \u00bbmagi\u010dni folk-pop\u00ab. Njeno delo odlikujejo zvo\u010dna milina, ve\u010dplastni vokalni aran\u017emaji ter tema\u010dno-poeti\u010dno besedilo, s \u010dimer ustvarja izkustveno glasbo, ki presega \u017eanrske okvire. Svoj prepoznavni umetni\u0161ki izraz je za\u010dela graditi [&hellip;]<\/p>","protected":false},"author":11,"featured_media":114481,"template":"","meta":{"_seopress_robots_primary_cat":"none","_seopress_titles_title":"","_seopress_titles_desc":"","_seopress_robots_index":""},"product_brand":[],"product_cat":[230],"product_tag":[222],"class_list":{"0":"post-114479","1":"product","2":"type-product","3":"status-publish","4":"has-post-thumbnail","6":"product_cat-arhiv","7":"product_tag-predprodaja","9":"entry","10":"has-media","12":"first","13":"instock","14":"virtual","15":"taxable","16":"product-type-simple","17":"has-product-nav","18":"col","19":"span_1_of_4","20":"owp-content-center","21":"item-entry","22":"owp-thumbs-layout-horizontal","23":"owp-btn-normal","24":"owp-tabs-layout-section","25":"has-no-thumbnails"},"publishpress_future_action":{"enabled":false,"date":"2026-04-28 07:41:38","action":"change-status","newStatus":"draft","terms":[],"taxonomy":"product_cat","extraData":[]},"publishpress_future_workflow_manual_trigger":{"enabledWorkflows":[]},"_links":{"self":[{"href":"https:\/\/www.orto-bar.com\/en\/wp-json\/wp\/v2\/product\/114479","targetHints":{"allow":["GET"]}}],"collection":[{"href":"https:\/\/www.orto-bar.com\/en\/wp-json\/wp\/v2\/product"}],"about":[{"href":"https:\/\/www.orto-bar.com\/en\/wp-json\/wp\/v2\/types\/product"}],"author":[{"embeddable":true,"href":"https:\/\/www.orto-bar.com\/en\/wp-json\/wp\/v2\/users\/11"}],"version-history":[{"count":0,"href":"https:\/\/www.orto-bar.com\/en\/wp-json\/wp\/v2\/product\/114479\/revisions"}],"wp:featuredmedia":[{"embeddable":true,"href":"https:\/\/www.orto-bar.com\/en\/wp-json\/wp\/v2\/media\/114481"}],"wp:attachment":[{"href":"https:\/\/www.orto-bar.com\/en\/wp-json\/wp\/v2\/media?parent=114479"}],"wp:term":[{"taxonomy":"product_brand","embeddable":true,"href":"https:\/\/www.orto-bar.com\/en\/wp-json\/wp\/v2\/product_brand?post=114479"},{"taxonomy":"product_cat","embeddable":true,"href":"https:\/\/www.orto-bar.com\/en\/wp-json\/wp\/v2\/product_cat?post=114479"},{"taxonomy":"product_tag","embeddable":true,"href":"https:\/\/www.orto-bar.com\/en\/wp-json\/wp\/v2\/product_tag?post=114479"}],"curies":[{"name":"wp","href":"https:\/\/api.w.org\/{rel}","templated":true}]}}