{"id":114586,"date":"2025-05-17T12:24:35","date_gmt":"2025-05-17T10:24:35","guid":{"rendered":"https:\/\/www.orto-bar.com\/?post_type=product&#038;p=114586"},"modified":"2025-06-06T14:38:50","modified_gmt":"2025-06-06T12:38:50","slug":"balkan-boys","status":"publish","type":"product","link":"https:\/\/www.orto-bar.com\/en\/dogodki\/arhiv\/balkan-boys\/","title":{"rendered":"Balkan Boys"},"content":{"rendered":"<p>&nbsp;<\/p>\n<p><strong>&#8221;Balkan Boys \u2013 svetovni \u017eanri, Balkanski tepmerament&#8221;<\/strong><\/p>\n<p><strong>\u00a0<\/strong><\/p>\n<p><strong>Od vaj v kleti Dija\u0161kega doma do nastopov v Sto\u017eicah<\/strong><\/p>\n<p><strong>\u00a0<\/strong><\/p>\n<p><strong>Balkan Boys so lani obele\u017eili petnajsto obletnico obstoja. \u017de skoraj polovico svojih \u017eivljenj tako fantje pre\u017eivljajo na odrih, kjer z unikatnim zvokom Balkana z ritmi sveta in svojimi energi\u010dnimi nastopi navdu\u0161ujejo \u0161tevilne. <\/strong><\/p>\n<p><strong>V septembru pa nam je zasedba, kot glasbeno jed, postregla \u0161e z izdajo novega, svojega \u010detrtega albuma &#8211; Grill. <\/strong><\/p>\n<p><strong>\u00a0<\/strong><\/p>\n<p>Del\u010dek tega, kar je ponujeno na tem balkanskem glasbenem \u017earu, so poslu\u0161alci lahko sli\u0161ali \u017ee ob izdaji pesmi ki je bila na prvem programu nacionalnega radia <strong>najve\u010dkrat predvajana skladba v letu<\/strong>, prva <strong>v sloven\u0161\u010dini<\/strong>, <strong>&#8216;Svet se segreva&#8217;. <\/strong><\/p>\n<p><strong>\u00a0<\/strong><\/p>\n<p>Balkan Boys niso navadna Balkan skupina. So naj\u010distej\u0161i odraz tega, kar Balkan v osnovi sploh je in koliko ljubezni, dobre volje in plesne glasbe, podprte z mo\u010dnim temperamentom ponuja.<\/p>\n<p>Balkan Boys-i svoje dojemanje balkanskega karakterja izra\u017eajo skozi <strong>etno, world, folk glasbo<\/strong>. <strong>Zvok Balkana v ritmih sveta!<\/strong><\/p>\n<p>Album <strong>&#8216;Grill&#8217;<\/strong> je, podobno kot prej\u0161nji trije albumi, na plano spustil <strong>balkan pop fusion<\/strong>, s poudarkom na prej omenjeni <strong>world, folk, etno gipsy glasbi<\/strong>. Pri albumu sta kot <strong>gosta<\/strong> sodelovala <strong>Denis Beganovi\u0107 \u2013 Kiki in DJ Tomy Declerque<\/strong>. Na albumu je 9 skladb in 2 live skladbi iz Cankarjevega doma (koncert z godbo Slovenskih \u017eeleznic). Glavni avtor je <strong>Rok Nemani\u010d<\/strong>, ustanovitelj in gonilna sila skupine, med ostalimi avtorji pa se pojavijo \u0161e <strong>Andra\u017e Gartner \u2013 Canegatto, Denis Beganovi\u0107 \u2013 Kiki, Emir Ibraki\u0107<\/strong> in seveda \u010dista in iskrena ustvarjalnost vseh \u010dlanov skupine Balkan Boys.<\/p>\n<p>&nbsp;<\/p>\n<p><strong>Balkan Boys, \u0161tevil\u010dna zasedba, ki se je iz kleti dija\u0161kega doma povzpela na velike odre slovenske glasbene scene, je hitro na\u0161la pot do poslu\u0161alcev s svojim &#8216;glasbenim hedonizmom&#8217; in zabavo, ki jo pripeljejo, kamorkoli gredo. <\/strong><\/p>\n<p><strong>\u00a0<\/strong><\/p>\n<p><strong>\u00a0<\/strong><\/p>\n<p>Ideja o ustanovitvi skupine Balkan Boys se je pojavila \u017ee leta 2007, ko je pevec in njihova prva trobenta, <strong>Rok Nemani\u010d Nemo,<\/strong> obiskal srce truba\u0161ke glasbe in energije \u2013 festival Gu\u010do. \u017delja po ustvarjanju tovrstne oziroma sorodne glasbene zvrsti je v njem tlela \u0161e naslednji dve leti, ko je leta 2009 skupina kon\u010dno nastala s povodom zdru\u017eevanja generacij preko balkanskih ritmov, du\u0161e in energije.<\/p>\n<p>V prvih letih so se posve\u010dali raziskovanju in iskanju svojega <strong>unikatnega zvoka<\/strong>, ki so ga prvi\u010d predstavili javnosti leta 2012, na svojem \u0161e malce za\u010detni\u0161kem prvencu <strong>&#8216;From Zabledam&#8217;<\/strong>.<\/p>\n<p>Glasbeni razvoj in <strong>unikaten glasbeni slog<\/strong>, ki so ga sami poimenovali <strong>balkan pop fusion<\/strong> &#8211; poleg balkana, zdru\u017euje \u0161e elemente gypsy glasbe, ska-ja, reggae-a, swinga in rumbe &#8211; so jim v letih, ki so sledila prina\u0161ali vedno ve\u010djo prepoznavnost, s tem pa tudi sodelovanja z razli\u010dnimi slovenskimi in tujimi velikani, kot so <strong>Magnifico,<\/strong> <strong>Zlatko<\/strong>, <strong>Rudi Bu\u010dar<\/strong>, <strong>Vlado Kreslin<\/strong>, <strong>Goran Bregovi\u0107<\/strong>, <strong>Dubioza Kolektiv in drugi.<\/strong><\/p>\n<p>Leta 2015 so izdali <strong>drugi album &#8216;Radio Me Gusta&#8217;<\/strong> in v svojem slogu nadaljevali pohod po doma\u010dih in tujih odrih, manj\u0161ih in ve\u010djih festivalih, kot samostojen band ali v sodelovanju z zanimivimi, popularnimi in mojstrskimi glasbeniki.<\/p>\n<p>Leta 2019, po izdaji <strong>tretjega albuma Welcome to the Gipsyland,<\/strong> njihova glasba in nastopi ne ostanejo neopa\u017eeni niti s strani organizatorjev tujih festivalov, zato jih povabijo med drugim tudi na Woodstock des Blasmusik (Aut) in Gronau Jazz Festival (Niz). Konec leta 2021 pa zaklju\u010dijo z enim njihovih najve\u010djih nastopov na doma\u010dih tleh &#8211; kot predskupina koncerta Bijelo dugme v Sto\u017eicah.<\/p>\n<p><strong>\u00a0<\/strong><\/p>\n<p>&nbsp;<\/p>\n<p><strong>Balkan Boys:<\/strong><\/p>\n<p><strong>FB:<\/strong> <a href=\"https:\/\/www.facebook.com\/balkanboys\/\">https:\/\/www.facebook.com\/balkanboys\/<\/a><\/p>\n<p>YT: <a href=\"https:\/\/www.youtube.com\/channel\/UCm-CYHX71hBLgDckveoEuow\">https:\/\/www.youtube.com\/channel\/UCm-CYHX71hBLgDckveoEuow<\/a><\/p>\n<p>IG: <a href=\"https:\/\/www.instagram.com\/balkanboysband\/\">https:\/\/www.instagram.com\/balkanboysband\/<\/a><\/p>","protected":false},"excerpt":{"rendered":"<p>&nbsp; &#8221;Balkan Boys \u2013 svetovni \u017eanri, Balkanski tepmerament&#8221; \u00a0 Od vaj v kleti Dija\u0161kega doma do nastopov v Sto\u017eicah \u00a0 Balkan Boys so lani obele\u017eili petnajsto obletnico obstoja. \u017de skoraj polovico svojih \u017eivljenj tako fantje pre\u017eivljajo na odrih, kjer z unikatnim zvokom Balkana z ritmi sveta in svojimi energi\u010dnimi nastopi navdu\u0161ujejo \u0161tevilne. V septembru pa [&hellip;]<\/p>","protected":false},"author":11,"featured_media":114587,"template":"","meta":{"_seopress_robots_primary_cat":"none","_seopress_titles_title":"","_seopress_titles_desc":"","_seopress_robots_index":""},"product_brand":[],"product_cat":[230],"product_tag":[222],"class_list":{"0":"post-114586","1":"product","2":"type-product","3":"status-publish","4":"has-post-thumbnail","6":"product_cat-arhiv","7":"product_tag-predprodaja","9":"entry","10":"has-media","12":"first","13":"instock","14":"virtual","15":"taxable","16":"product-type-simple","17":"has-product-nav","18":"col","19":"span_1_of_4","20":"owp-content-center","21":"item-entry","22":"owp-thumbs-layout-horizontal","23":"owp-btn-normal","24":"owp-tabs-layout-section","25":"has-no-thumbnails"},"publishpress_future_action":{"enabled":false,"date":"2026-04-26 17:09:15","action":"change-status","newStatus":"draft","terms":[],"taxonomy":"product_cat","extraData":[]},"publishpress_future_workflow_manual_trigger":{"enabledWorkflows":[]},"_links":{"self":[{"href":"https:\/\/www.orto-bar.com\/en\/wp-json\/wp\/v2\/product\/114586","targetHints":{"allow":["GET"]}}],"collection":[{"href":"https:\/\/www.orto-bar.com\/en\/wp-json\/wp\/v2\/product"}],"about":[{"href":"https:\/\/www.orto-bar.com\/en\/wp-json\/wp\/v2\/types\/product"}],"author":[{"embeddable":true,"href":"https:\/\/www.orto-bar.com\/en\/wp-json\/wp\/v2\/users\/11"}],"version-history":[{"count":0,"href":"https:\/\/www.orto-bar.com\/en\/wp-json\/wp\/v2\/product\/114586\/revisions"}],"wp:featuredmedia":[{"embeddable":true,"href":"https:\/\/www.orto-bar.com\/en\/wp-json\/wp\/v2\/media\/114587"}],"wp:attachment":[{"href":"https:\/\/www.orto-bar.com\/en\/wp-json\/wp\/v2\/media?parent=114586"}],"wp:term":[{"taxonomy":"product_brand","embeddable":true,"href":"https:\/\/www.orto-bar.com\/en\/wp-json\/wp\/v2\/product_brand?post=114586"},{"taxonomy":"product_cat","embeddable":true,"href":"https:\/\/www.orto-bar.com\/en\/wp-json\/wp\/v2\/product_cat?post=114586"},{"taxonomy":"product_tag","embeddable":true,"href":"https:\/\/www.orto-bar.com\/en\/wp-json\/wp\/v2\/product_tag?post=114586"}],"curies":[{"name":"wp","href":"https:\/\/api.w.org\/{rel}","templated":true}]}}