{"id":114891,"date":"2025-05-27T19:46:24","date_gmt":"2025-05-27T17:46:24","guid":{"rendered":"https:\/\/www.orto-bar.com\/?post_type=product&#038;p=114891"},"modified":"2025-11-22T19:59:12","modified_gmt":"2025-11-22T18:59:12","slug":"ubermensch-rammstein-tribute-band","status":"publish","type":"product","link":"https:\/\/www.orto-bar.com\/en\/dogodki\/arhiv\/ubermensch-rammstein-tribute-band\/","title":{"rendered":"UBERMENSCH &#8211; Rammstein Tribute Band"},"content":{"rendered":"<p>&nbsp;<\/p>\n<p>UBERMENSCH &#8211; RAMMSTEIN TRIBUTE BAND<\/p>\n<p>Skupina UBERMENSCH je za\u017eivela januarja 2011. \u0160est izku\u0161enih glasbenikov iz Bene\u010dije se je odlo\u010dilo zdru\u017eiti mo\u010di in zaradi skupne strasti do skupine Rammstein ustvariti edinstven tribute band v Italiji. Njihova \u017eelja je zvesto posnemati ne le slog, temve\u010d tudi o\u017eiviti izjemno predstavo, ki se z uporabo pripomo\u010dkov\u00a0 in nenehno spreminjajo\u010de se scenografije zgleduje po \u017eivih nastopih skupine Rammstein. Skupina je v kratkem \u010dasu izpopolnila \u0161ov, zaradi katerega nastopa po Italiji in drugod po EU.<\/p>","protected":false},"excerpt":{"rendered":"<p>&nbsp; UBERMENSCH &#8211; RAMMSTEIN TRIBUTE BAND Skupina UBERMENSCH je za\u017eivela januarja 2011. \u0160est izku\u0161enih glasbenikov iz Bene\u010dije se je odlo\u010dilo zdru\u017eiti mo\u010di in zaradi skupne strasti do skupine Rammstein ustvariti edinstven tribute band v Italiji. Njihova \u017eelja je zvesto posnemati ne le slog, temve\u010d tudi o\u017eiviti izjemno predstavo, ki se z uporabo pripomo\u010dkov\u00a0 in nenehno [&hellip;]<\/p>","protected":false},"author":11,"featured_media":114892,"template":"","meta":{"_seopress_robots_primary_cat":"none","_seopress_titles_title":"","_seopress_titles_desc":"","_seopress_robots_index":""},"product_brand":[],"product_cat":[230],"product_tag":[222],"class_list":{"0":"post-114891","1":"product","2":"type-product","3":"status-publish","4":"has-post-thumbnail","6":"product_cat-arhiv","7":"product_tag-predprodaja","9":"entry","10":"has-media","12":"first","13":"instock","14":"virtual","15":"taxable","16":"product-type-simple","17":"has-product-nav","18":"col","19":"span_1_of_4","20":"owp-content-center","21":"item-entry","22":"owp-thumbs-layout-horizontal","23":"owp-btn-normal","24":"owp-tabs-layout-section","25":"has-no-thumbnails"},"publishpress_future_action":{"enabled":false,"date":"2026-04-30 13:33:25","action":"change-status","newStatus":"draft","terms":[],"taxonomy":"product_cat","extraData":[]},"publishpress_future_workflow_manual_trigger":{"enabledWorkflows":[]},"_links":{"self":[{"href":"https:\/\/www.orto-bar.com\/en\/wp-json\/wp\/v2\/product\/114891","targetHints":{"allow":["GET"]}}],"collection":[{"href":"https:\/\/www.orto-bar.com\/en\/wp-json\/wp\/v2\/product"}],"about":[{"href":"https:\/\/www.orto-bar.com\/en\/wp-json\/wp\/v2\/types\/product"}],"author":[{"embeddable":true,"href":"https:\/\/www.orto-bar.com\/en\/wp-json\/wp\/v2\/users\/11"}],"version-history":[{"count":0,"href":"https:\/\/www.orto-bar.com\/en\/wp-json\/wp\/v2\/product\/114891\/revisions"}],"wp:featuredmedia":[{"embeddable":true,"href":"https:\/\/www.orto-bar.com\/en\/wp-json\/wp\/v2\/media\/114892"}],"wp:attachment":[{"href":"https:\/\/www.orto-bar.com\/en\/wp-json\/wp\/v2\/media?parent=114891"}],"wp:term":[{"taxonomy":"product_brand","embeddable":true,"href":"https:\/\/www.orto-bar.com\/en\/wp-json\/wp\/v2\/product_brand?post=114891"},{"taxonomy":"product_cat","embeddable":true,"href":"https:\/\/www.orto-bar.com\/en\/wp-json\/wp\/v2\/product_cat?post=114891"},{"taxonomy":"product_tag","embeddable":true,"href":"https:\/\/www.orto-bar.com\/en\/wp-json\/wp\/v2\/product_tag?post=114891"}],"curies":[{"name":"wp","href":"https:\/\/api.w.org\/{rel}","templated":true}]}}