{"id":114894,"date":"2025-05-27T19:52:57","date_gmt":"2025-05-27T17:52:57","guid":{"rendered":"https:\/\/www.orto-bar.com\/?post_type=product&#038;p=114894"},"modified":"2025-12-06T19:46:40","modified_gmt":"2025-12-06T18:46:40","slug":"guns-celebration-guns-n-roses-tribute-band-2","status":"publish","type":"product","link":"https:\/\/www.orto-bar.com\/en\/dogodki\/arhiv\/guns-celebration-guns-n-roses-tribute-band-2\/","title":{"rendered":"GUNS CELEBRATION \u2013 Guns N\u2019 Roses Tribute Band"},"content":{"rendered":"<p>&nbsp;<\/p>\n<p>GUNS CELEBRATION je glasbeni projekt, ki se posve\u010da zgodovinski skupini Guns N&#8217; Roses.<br \/>\nSkupina ima en sam cilj: \u0161iriti in proslaviti nepozabno glasbo kultne skupine, ki od sredine osemdesetih let prej\u0161njega stoletja \u0161e vedno odmeva na milijonih prodanih zgo\u0161\u010denk. Z manijakalno pozornostjo do podrobnosti ne le pri izvedbi pesmi, temve\u010d tudi pri scenografiji in slogu, GUNS CELEBRATION ustvarijo vzdu\u0161je in vibracije hollywoodske skupine. Dih jemajo\u010da predstava, ki ji v Italiji in Evropi ni para.<br \/>\nSamo dve besedi: ne zamudite!!!<\/p>","protected":false},"excerpt":{"rendered":"<p>&nbsp; GUNS CELEBRATION je glasbeni projekt, ki se posve\u010da zgodovinski skupini Guns N&#8217; Roses. Skupina ima en sam cilj: \u0161iriti in proslaviti nepozabno glasbo kultne skupine, ki od sredine osemdesetih let prej\u0161njega stoletja \u0161e vedno odmeva na milijonih prodanih zgo\u0161\u010denk. Z manijakalno pozornostjo do podrobnosti ne le pri izvedbi pesmi, temve\u010d tudi pri scenografiji in [&hellip;]<\/p>","protected":false},"author":11,"featured_media":114895,"template":"","meta":{"_seopress_robots_primary_cat":"none","_seopress_titles_title":"","_seopress_titles_desc":"","_seopress_robots_index":""},"product_brand":[],"product_cat":[230],"product_tag":[222],"class_list":{"0":"post-114894","1":"product","2":"type-product","3":"status-publish","4":"has-post-thumbnail","6":"product_cat-arhiv","7":"product_tag-predprodaja","9":"entry","10":"has-media","12":"first","13":"instock","14":"virtual","15":"taxable","16":"product-type-simple","17":"has-product-nav","18":"col","19":"span_1_of_4","20":"owp-content-center","21":"item-entry","22":"owp-thumbs-layout-horizontal","23":"owp-btn-normal","24":"owp-tabs-layout-section","25":"has-no-thumbnails"},"publishpress_future_action":{"enabled":false,"date":"2026-05-02 12:19:50","action":"change-status","newStatus":"draft","terms":[],"taxonomy":"product_cat","extraData":[]},"publishpress_future_workflow_manual_trigger":{"enabledWorkflows":[]},"_links":{"self":[{"href":"https:\/\/www.orto-bar.com\/en\/wp-json\/wp\/v2\/product\/114894","targetHints":{"allow":["GET"]}}],"collection":[{"href":"https:\/\/www.orto-bar.com\/en\/wp-json\/wp\/v2\/product"}],"about":[{"href":"https:\/\/www.orto-bar.com\/en\/wp-json\/wp\/v2\/types\/product"}],"author":[{"embeddable":true,"href":"https:\/\/www.orto-bar.com\/en\/wp-json\/wp\/v2\/users\/11"}],"version-history":[{"count":0,"href":"https:\/\/www.orto-bar.com\/en\/wp-json\/wp\/v2\/product\/114894\/revisions"}],"wp:featuredmedia":[{"embeddable":true,"href":"https:\/\/www.orto-bar.com\/en\/wp-json\/wp\/v2\/media\/114895"}],"wp:attachment":[{"href":"https:\/\/www.orto-bar.com\/en\/wp-json\/wp\/v2\/media?parent=114894"}],"wp:term":[{"taxonomy":"product_brand","embeddable":true,"href":"https:\/\/www.orto-bar.com\/en\/wp-json\/wp\/v2\/product_brand?post=114894"},{"taxonomy":"product_cat","embeddable":true,"href":"https:\/\/www.orto-bar.com\/en\/wp-json\/wp\/v2\/product_cat?post=114894"},{"taxonomy":"product_tag","embeddable":true,"href":"https:\/\/www.orto-bar.com\/en\/wp-json\/wp\/v2\/product_tag?post=114894"}],"curies":[{"name":"wp","href":"https:\/\/api.w.org\/{rel}","templated":true}]}}