{"id":114900,"date":"2025-05-27T20:03:30","date_gmt":"2025-05-27T18:03:30","guid":{"rendered":"https:\/\/www.orto-bar.com\/?post_type=product&#038;p=114900"},"modified":"2026-05-04T04:27:30","modified_gmt":"2026-05-04T02:27:30","slug":"linkin-revolution-linkin-park-tribute-band-2","status":"publish","type":"product","link":"https:\/\/www.orto-bar.com\/en\/dogodki\/arhiv\/linkin-revolution-linkin-park-tribute-band-2\/","title":{"rendered":"LINKIN REVOLUTION &#8211; Linkin Park   Tribute Band"},"content":{"rendered":"<p><strong>Zaradi strasti in pozornosti do podrobnosti so Linkin Revolution referen\u010dni &#8220;tribute band&#8221;. \u0160est glasbenikov natan\u010dno igra vloge in povzema energijo skupine LINKIN PARK ter v \u017eivo predstavlja razvoj zvoka kalifornijske skupine, od prvenca &#8220;Hybrid Theory,&#8221; do najnovej\u0161ega albuma &#8220;One More Light&#8221;.<\/strong><\/p>\n<p><strong>Dve uri zabave skozi vse uspe\u0161nice skupine Chesterja Benningtona, glasu, ki je zaznamoval generacijo!<\/strong><\/p>\n<p><strong>Pripravljeni na revolucijo!<\/strong><\/p>","protected":false},"excerpt":{"rendered":"<p>Zaradi strasti in pozornosti do podrobnosti so Linkin Revolution referen\u010dni &#8220;tribute band&#8221;. \u0160est glasbenikov natan\u010dno igra vloge in povzema energijo skupine LINKIN PARK ter v \u017eivo predstavlja razvoj zvoka kalifornijske skupine, od prvenca &#8220;Hybrid Theory,&#8221; do najnovej\u0161ega albuma &#8220;One More Light&#8221;. Dve uri zabave skozi vse uspe\u0161nice skupine Chesterja Benningtona, glasu, ki je zaznamoval generacijo! [&hellip;]<\/p>","protected":false},"author":11,"featured_media":114901,"template":"","meta":{"_seopress_robots_primary_cat":"none","_seopress_titles_title":"","_seopress_titles_desc":"","_seopress_robots_index":""},"product_brand":[],"product_cat":[230],"product_tag":[222],"class_list":{"0":"post-114900","1":"product","2":"type-product","3":"status-publish","4":"has-post-thumbnail","6":"product_cat-arhiv","7":"product_tag-predprodaja","9":"entry","10":"has-media","12":"first","13":"instock","14":"virtual","15":"taxable","16":"product-type-simple","17":"has-product-nav","18":"col","19":"span_1_of_4","20":"owp-content-center","21":"item-entry","22":"owp-thumbs-layout-horizontal","23":"owp-btn-normal","24":"owp-tabs-layout-section","25":"has-no-thumbnails"},"publishpress_future_action":{"enabled":false,"date":"2026-05-11 14:21:11","action":"change-status","newStatus":"draft","terms":[],"taxonomy":"product_cat","extraData":[]},"publishpress_future_workflow_manual_trigger":{"enabledWorkflows":[]},"_links":{"self":[{"href":"https:\/\/www.orto-bar.com\/en\/wp-json\/wp\/v2\/product\/114900","targetHints":{"allow":["GET"]}}],"collection":[{"href":"https:\/\/www.orto-bar.com\/en\/wp-json\/wp\/v2\/product"}],"about":[{"href":"https:\/\/www.orto-bar.com\/en\/wp-json\/wp\/v2\/types\/product"}],"author":[{"embeddable":true,"href":"https:\/\/www.orto-bar.com\/en\/wp-json\/wp\/v2\/users\/11"}],"version-history":[{"count":0,"href":"https:\/\/www.orto-bar.com\/en\/wp-json\/wp\/v2\/product\/114900\/revisions"}],"wp:featuredmedia":[{"embeddable":true,"href":"https:\/\/www.orto-bar.com\/en\/wp-json\/wp\/v2\/media\/114901"}],"wp:attachment":[{"href":"https:\/\/www.orto-bar.com\/en\/wp-json\/wp\/v2\/media?parent=114900"}],"wp:term":[{"taxonomy":"product_brand","embeddable":true,"href":"https:\/\/www.orto-bar.com\/en\/wp-json\/wp\/v2\/product_brand?post=114900"},{"taxonomy":"product_cat","embeddable":true,"href":"https:\/\/www.orto-bar.com\/en\/wp-json\/wp\/v2\/product_cat?post=114900"},{"taxonomy":"product_tag","embeddable":true,"href":"https:\/\/www.orto-bar.com\/en\/wp-json\/wp\/v2\/product_tag?post=114900"}],"curies":[{"name":"wp","href":"https:\/\/api.w.org\/{rel}","templated":true}]}}