{"id":114911,"date":"2025-05-27T20:27:15","date_gmt":"2025-05-27T18:27:15","guid":{"rendered":"https:\/\/www.orto-bar.com\/?post_type=product&#038;p=114911"},"modified":"2025-05-27T20:32:41","modified_gmt":"2025-05-27T18:32:41","slug":"obscura-hideous-divinity-sadist","status":"publish","type":"product","link":"https:\/\/www.orto-bar.com\/en\/dogodki\/arhiv\/obscura-hideous-divinity-sadist\/","title":{"rendered":"Obscura, Hideous Divinity, Sadist"},"content":{"rendered":"<p>&nbsp;<\/p>\n<p>Vstopnice od srede (10ih) dalje prek On-Parole! 30 evrov v predprodaji, 35 evrov na dan koncerta!<br \/>\n<a href=\"https:\/\/qr-codes.io\/6rqy35\">https:\/\/qr-codes.io\/6rqy35<\/a><\/p>\n<p>Tickets available through On-Parole! 30 euro in presale, 35 euro on show day!<br \/>\n<a href=\"https:\/\/qr-codes.io\/6rNaxP\">https:\/\/qr-codes.io\/6rNaxP<\/a><\/p>\n<p>Tehni\u010dni death metal spektakel v Ljubljani!<br \/>\nOBSCURA, eni najpomembnej\u0161ih zastavono\u0161 sodobnega progresivnega death metala, se 28. septembra 2025 vra\u010dajo v Slovenijo!<br \/>\nNa odru Orto Bara se nam obeta izjemen ve\u010der, kjer bodo Nemci dokazali, zakaj so \u017ee skoraj dve desetletji sinonim za tehni\u010dno brezhibnost, progresivno \u0161irino in neustavljivo brutalnost.<br \/>\nZ bendom, ki ga vodi karizmati\u010dni Steffen Kummerer, se bomo podali na potovanje skozi kompleksne kompozicije, astralne teme in vrhunsko glasbeno izvedbo. S svojo zadnjo plo\u0161\u010do so Obscura \u0161e dodatno utrdili svoj status vodilnega death metal benda, ki zdru\u017euje staro\u0161olsko brutalnost z modernim, skoraj znanstvenofantasti\u010dnim pridihom.<br \/>\nPredskupini HIDEOUS DIVINITY \u2013 italijanski brutalne\u017ei, znani po temnem in preciznem death metalu, prina\u0161ajo dih jemajo\u010do zvo\u010dno izku\u0161njo in SADIST \u2013 legendarna progresivna death metal zasedba z ve\u010d kot tridesetletno kariero in kultnim statusom v evropski metal sceni.<\/p>\n<p>Obscura<br \/>\nWeb: <a href=\"https:\/\/realmofobscura.com\/\">https:\/\/realmofobscura.com\/<\/a><br \/>\nIG: <a href=\"https:\/\/www.instagram.com\/realmofobscura\/\">https:\/\/www.instagram.com\/realmofobscura\/<\/a><br \/>\nFB: <a href=\"https:\/\/www.facebook.com\/RealmOfObscura\/\">https:\/\/www.facebook.com\/RealmOfObscura\/<\/a><\/p>\n<p>Hideous Divinity<br \/>\nIG: <a href=\"https:\/\/www.instagram.com\/hideousdivinity\/?hl=en\">https:\/\/www.instagram.com\/hideousdivinity\/?hl=en<\/a><br \/>\nFB:<a href=\"https:\/\/www.facebook.com\/hideousdivinity\/?locale=en_GB\"> https:\/\/www.facebook.com\/hideousdivinity\/?locale=en_GB<\/a><\/p>\n<p>Sadist<br \/>\nWeb:<a href=\"https:\/\/www.sadist.it\/\"> https:\/\/www.sadist.it\/<\/a><br \/>\nIG: <a href=\"https:\/\/www.instagram.com\/sadist_progdeathmetalband\/\">https:\/\/www.instagram.com\/sadist_progdeathmetalband\/<\/a><br \/>\nFB: <a href=\"https:\/\/www.facebook.com\/sadstofficial\/?ref=hl#\">https:\/\/www.facebook.com\/sadstofficial\/?ref=hl#<\/a><\/p>","protected":false},"excerpt":{"rendered":"<p>&nbsp; Vstopnice od srede (10ih) dalje prek On-Parole! 30 evrov v predprodaji, 35 evrov na dan koncerta! https:\/\/qr-codes.io\/6rqy35 Tickets available through On-Parole! 30 euro in presale, 35 euro on show day! https:\/\/qr-codes.io\/6rNaxP Tehni\u010dni death metal spektakel v Ljubljani! OBSCURA, eni najpomembnej\u0161ih zastavono\u0161 sodobnega progresivnega death metala, se 28. septembra 2025 vra\u010dajo v Slovenijo! Na odru [&hellip;]<\/p>","protected":false},"author":11,"featured_media":114912,"template":"","meta":{"_seopress_robots_primary_cat":"none","_seopress_titles_title":"","_seopress_titles_desc":"","_seopress_robots_index":""},"product_brand":[],"product_cat":[230],"product_tag":[222],"class_list":{"0":"post-114911","1":"product","2":"type-product","3":"status-publish","4":"has-post-thumbnail","6":"product_cat-arhiv","7":"product_tag-predprodaja","9":"entry","10":"has-media","12":"first","13":"instock","14":"virtual","15":"taxable","16":"product-type-simple","17":"has-product-nav","18":"col","19":"span_1_of_4","20":"owp-content-center","21":"item-entry","22":"owp-thumbs-layout-horizontal","23":"owp-btn-normal","24":"owp-tabs-layout-section","25":"has-no-thumbnails"},"publishpress_future_action":{"enabled":false,"date":"2026-05-11 03:24:59","action":"change-status","newStatus":"draft","terms":[],"taxonomy":"product_cat","extraData":[]},"publishpress_future_workflow_manual_trigger":{"enabledWorkflows":[]},"_links":{"self":[{"href":"https:\/\/www.orto-bar.com\/en\/wp-json\/wp\/v2\/product\/114911","targetHints":{"allow":["GET"]}}],"collection":[{"href":"https:\/\/www.orto-bar.com\/en\/wp-json\/wp\/v2\/product"}],"about":[{"href":"https:\/\/www.orto-bar.com\/en\/wp-json\/wp\/v2\/types\/product"}],"author":[{"embeddable":true,"href":"https:\/\/www.orto-bar.com\/en\/wp-json\/wp\/v2\/users\/11"}],"version-history":[{"count":0,"href":"https:\/\/www.orto-bar.com\/en\/wp-json\/wp\/v2\/product\/114911\/revisions"}],"wp:featuredmedia":[{"embeddable":true,"href":"https:\/\/www.orto-bar.com\/en\/wp-json\/wp\/v2\/media\/114912"}],"wp:attachment":[{"href":"https:\/\/www.orto-bar.com\/en\/wp-json\/wp\/v2\/media?parent=114911"}],"wp:term":[{"taxonomy":"product_brand","embeddable":true,"href":"https:\/\/www.orto-bar.com\/en\/wp-json\/wp\/v2\/product_brand?post=114911"},{"taxonomy":"product_cat","embeddable":true,"href":"https:\/\/www.orto-bar.com\/en\/wp-json\/wp\/v2\/product_cat?post=114911"},{"taxonomy":"product_tag","embeddable":true,"href":"https:\/\/www.orto-bar.com\/en\/wp-json\/wp\/v2\/product_tag?post=114911"}],"curies":[{"name":"wp","href":"https:\/\/api.w.org\/{rel}","templated":true}]}}