{"id":115350,"date":"2025-06-05T13:45:38","date_gmt":"2025-06-05T11:45:38","guid":{"rendered":"https:\/\/www.orto-bar.com\/?post_type=product&#038;p=115350"},"modified":"2025-11-14T20:50:24","modified_gmt":"2025-11-14T19:50:24","slug":"mile-kekin-ex-hladno-pivo-soundtrack-za-zivot","status":"publish","type":"product","link":"https:\/\/www.orto-bar.com\/en\/dogodki\/arhiv\/mile-kekin-ex-hladno-pivo-soundtrack-za-zivot\/","title":{"rendered":"Mile Kekin (EX Hladno pivo)\u2013 Soundtrack za \u017eivot"},"content":{"rendered":"<p><strong>Mile Kekin (EX Hladno pivo)\u2013 Soundtrack za \u017eivot \/\/ Orto Bar, 14. 11. 2025<\/strong><\/p>\n<p>Po lanskoletnem razprodanem koncertu se <strong>Mile Kekin<\/strong> \u2013 karizmati\u010dni pevec, tekstopisec in dolgoletni frontman zasedbe <strong>Hladno pivo<\/strong> \u2013 novembra vra\u010da v Orto Bar! V okviru turneje <strong>\u201cSoundtrack za \u017eivot\u201d<\/strong> prina\u0161a preplet prepoznanih klasik in aktualnih pesmi, ki zaznamujejo njegovo samostojno pot in izjemno kariero.<\/p>\n<p>Poleg preoblikovanih uspe\u0161nic Hladnega piva in izbranih skladb z od kritikov hvaljenega albuma <em>Nje\u017eno \u0111onom<\/em>, bo Kekin v Ljubljani prvi\u010d v \u017eivo predstavil tudi <strong>sve\u017eo pesem \u201cIlica i Marica\u201d<\/strong>. Kekina je za pesem\u00a0 navdihnil dogodek, ko so ga letos aprila aretirali kot posledico njiovih politi\u010dnih obra\u010dunavanj do njegove \u017eene. \u00a0V besedilu Kekin poje: &#8220;Lovite me, hijene, zaradi moje \u010dudovite svetlolaske&#8221;, s \u010dimer se neposredno navezuje na politi\u010dno kariero svoje \u017eene Ivane, ki mu je \u2013 kot je priznal v ekskluzivnem intervjuju \u2013 spremenila \u017eivljenje. Gre za oster, ironi\u010den komentar sodobne dru\u017ebe in politi\u010dnega pritiska, ki ga je Kekin \u2013 skozi svojo glasbo \u2013 spremenil v provokativno in dru\u017ebeno anga\u017eirano skladbo za odrasle.<\/p>\n<p>Koncert bo ponudil dvo uro dolg glasbeni presek \u2013 od <em>Pjevajte ne\u0161to ljubavno<\/em>, <em>\u0160amar<\/em>, <em>Knjiga \u017ealbe<\/em> do novih izpovednih in aktualnih skladb<\/p>\n<p><strong>Orto Bar, 14. november 2025<\/strong> \u2013 ve\u010der, ko se bodo prepletli glasba, aktualnost in osebna zgodba.<\/p>","protected":false},"excerpt":{"rendered":"<p>Mile Kekin (EX Hladno pivo)\u2013 Soundtrack za \u017eivot \/\/ Orto Bar, 14. 11. 2025 Po lanskoletnem razprodanem koncertu se Mile Kekin \u2013 karizmati\u010dni pevec, tekstopisec in dolgoletni frontman zasedbe Hladno pivo \u2013 novembra vra\u010da v Orto Bar! V okviru turneje \u201cSoundtrack za \u017eivot\u201d prina\u0161a preplet prepoznanih klasik in aktualnih pesmi, ki zaznamujejo njegovo samostojno pot [&hellip;]<\/p>","protected":false},"author":11,"featured_media":121854,"template":"","meta":{"_seopress_robots_primary_cat":"none","_seopress_titles_title":"","_seopress_titles_desc":"","_seopress_robots_index":""},"product_brand":[],"product_cat":[230],"product_tag":[222],"class_list":{"0":"post-115350","1":"product","2":"type-product","3":"status-publish","4":"has-post-thumbnail","6":"product_cat-arhiv","7":"product_tag-predprodaja","9":"entry","10":"has-media","12":"first","13":"instock","14":"virtual","15":"taxable","16":"product-type-simple","17":"has-product-nav","18":"col","19":"span_1_of_4","20":"owp-content-center","21":"item-entry","22":"owp-thumbs-layout-horizontal","23":"owp-btn-normal","24":"owp-tabs-layout-section","25":"has-no-thumbnails"},"publishpress_future_action":{"enabled":false,"date":"2026-05-11 06:28:35","action":"change-status","newStatus":"draft","terms":[],"taxonomy":"product_cat","extraData":[]},"publishpress_future_workflow_manual_trigger":{"enabledWorkflows":[]},"_links":{"self":[{"href":"https:\/\/www.orto-bar.com\/en\/wp-json\/wp\/v2\/product\/115350","targetHints":{"allow":["GET"]}}],"collection":[{"href":"https:\/\/www.orto-bar.com\/en\/wp-json\/wp\/v2\/product"}],"about":[{"href":"https:\/\/www.orto-bar.com\/en\/wp-json\/wp\/v2\/types\/product"}],"author":[{"embeddable":true,"href":"https:\/\/www.orto-bar.com\/en\/wp-json\/wp\/v2\/users\/11"}],"version-history":[{"count":0,"href":"https:\/\/www.orto-bar.com\/en\/wp-json\/wp\/v2\/product\/115350\/revisions"}],"wp:featuredmedia":[{"embeddable":true,"href":"https:\/\/www.orto-bar.com\/en\/wp-json\/wp\/v2\/media\/121854"}],"wp:attachment":[{"href":"https:\/\/www.orto-bar.com\/en\/wp-json\/wp\/v2\/media?parent=115350"}],"wp:term":[{"taxonomy":"product_brand","embeddable":true,"href":"https:\/\/www.orto-bar.com\/en\/wp-json\/wp\/v2\/product_brand?post=115350"},{"taxonomy":"product_cat","embeddable":true,"href":"https:\/\/www.orto-bar.com\/en\/wp-json\/wp\/v2\/product_cat?post=115350"},{"taxonomy":"product_tag","embeddable":true,"href":"https:\/\/www.orto-bar.com\/en\/wp-json\/wp\/v2\/product_tag?post=115350"}],"curies":[{"name":"wp","href":"https:\/\/api.w.org\/{rel}","templated":true}]}}