{"id":115471,"date":"2025-06-10T12:55:00","date_gmt":"2025-06-10T10:55:00","guid":{"rendered":"https:\/\/www.orto-bar.com\/?post_type=product&#038;p=115471"},"modified":"2025-06-10T13:21:10","modified_gmt":"2025-06-10T11:21:10","slug":"atheist-origin-death-rattle-gorgatron-infested-angel","status":"publish","type":"product","link":"https:\/\/www.orto-bar.com\/en\/dogodki\/arhiv\/atheist-origin-death-rattle-gorgatron-infested-angel\/","title":{"rendered":"Atheist, Origin, Death Rattle, Gorgatron, Infested Angel"},"content":{"rendered":"<p>&nbsp;<\/p>\n<p>Vstopnice \u017ee v prodaji prek On-Parole! 30 evrov v predprodaji, 35 evrov na dan koncerta!<br \/>\n<a href=\"https:\/\/qr-codes.io\/gqrrQI\">https:\/\/qr-codes.io\/gqrrQI<\/a><\/p>\n<p>Tickets already available through On-Parole! 30 euro in presale, 35 euro on show day!<br \/>\n<a href=\"https:\/\/qr-codes.io\/9tzRF6\">https:\/\/qr-codes.io\/9tzRF6<\/a><\/p>\n<p>JOIN the Dirty Skunks DEATH METAL mailig list on the link below!<br \/>\n<a href=\"http:\/\/eepurl.com\/bC2kmv\">http:\/\/eepurl.com\/bC2kmv<\/a><\/p>\n<p>Utemeljitelji tehni\u010dnega death metala in pionirji \u017eanra \u2013 ATHEIST \u2013 prihajajo v Ljubljano v sklopu 35. obletnice legendarnega albuma PIECE OF TIME<\/p>\n<p>Ljubljano septembra \u010daka neizprosen ve\u010der tehni\u010dnega in brutalnega death metala, ki bo zadovoljil \u0161e tako zahtevne okuse! Pripravi se na pet izjemnih zasedb, ki bodo stresle Orto Bar \u2013 z glavnim poudarkom na dveh velikanih: ATHEIST in ORIGIN!<br \/>\nATHEIST (ZDA) \u2013 Tehni\u010dna brezkompromisnost. Progresivna kompleksnost. Legendarni status. Utemeljitelji tehni\u010dnega death metala in pionirji \u017eanra, Atheist, se po desetletjih \u0161e vedno zvenijo ostro, aktualno in nepopustljivo. Njihov prebojni album Piece of Time (1989) in revolucionarni Unquestionable Presence (1991) sta spremenila tok metala z napredno harmonijo, jazzovskimi elementi in filozofsko tematiko. Kelly Shaefer in ekipa bodo v Ljubljani postregli z edinstveno me\u0161anico intelektualne agresije in zvo\u010dne kompleksnosti, ki jo lahko ponudi le Atheist. To ni zgolj koncert \u2013 to je lekcija iz death metal zgodovine.<br \/>\nORIGIN (ZDA) \u2013 Kultna hitrost. Natan\u010dnost. Brutalnost na znanstvenem nivoju.<br \/>\n\u010ce Atheist predstavljajo um, je Origin telo \u2013 s svojo ne\u010dlove\u0161ko tehni\u010dnostjo in brutalnostjo veljajo za eno najbolj ekstremnih live izku\u0161enj v death metalu. Njihovi neustavljivi blast beati in riffi vas bodo pometli s tal, njihova glasba pa je skoraj matemati\u010dno natan\u010dna \u2013 in hkrati kaoti\u010dna. Ne zamudi prilo\u017enosti, da jih izkusi\u0161 v \u017eivo!<br \/>\nKot predskupine bodo \u0161e nastopili DEATH RATTLE, GORGATRON in INFESTED ANGEL!<\/p>\n<p>ATHEIST<br \/>\n<a href=\"https:\/\/www.facebook.com\/AtheistBand\">https:\/\/www.facebook.com\/AtheistBand<\/a><\/p>\n<p>ORIGIN<br \/>\n<a href=\"https:\/\/www.facebook.com\/Origin\">https:\/\/www.facebook.com\/Origin<\/a><\/p>\n<p>DEATH RATTLE<br \/>\n<a href=\"https:\/\/www.facebook.com\/DeathRattleBand\">https:\/\/www.facebook.com\/DeathRattleBand<\/a><\/p>\n<p>GORGATRON<br \/>\n<a href=\"https:\/\/www.facebook.com\/gorgatronband\">https:\/\/www.facebook.com\/gorgatronband<\/a><\/p>\n<p>INFESTED ANGEL<br \/>\n<a href=\"https:\/\/www.facebook.com\/infestedangel\">https:\/\/www.facebook.com\/infestedangel<\/a><\/p>","protected":false},"excerpt":{"rendered":"<p>&nbsp; Vstopnice \u017ee v prodaji prek On-Parole! 30 evrov v predprodaji, 35 evrov na dan koncerta! https:\/\/qr-codes.io\/gqrrQI Tickets already available through On-Parole! 30 euro in presale, 35 euro on show day! https:\/\/qr-codes.io\/9tzRF6 JOIN the Dirty Skunks DEATH METAL mailig list on the link below! http:\/\/eepurl.com\/bC2kmv Utemeljitelji tehni\u010dnega death metala in pionirji \u017eanra \u2013 ATHEIST \u2013 [&hellip;]<\/p>","protected":false},"author":11,"featured_media":115472,"template":"","meta":{"_seopress_robots_primary_cat":"none","_seopress_titles_title":"","_seopress_titles_desc":"","_seopress_robots_index":""},"product_brand":[],"product_cat":[230],"product_tag":[222],"class_list":{"0":"post-115471","1":"product","2":"type-product","3":"status-publish","4":"has-post-thumbnail","6":"product_cat-arhiv","7":"product_tag-predprodaja","9":"entry","10":"has-media","12":"first","13":"instock","14":"virtual","15":"taxable","16":"product-type-simple","17":"has-product-nav","18":"col","19":"span_1_of_4","20":"owp-content-center","21":"item-entry","22":"owp-thumbs-layout-horizontal","23":"owp-btn-normal","24":"owp-tabs-layout-section","25":"has-no-thumbnails"},"publishpress_future_action":{"enabled":false,"date":"2026-04-27 18:47:02","action":"change-status","newStatus":"draft","terms":[],"taxonomy":"product_cat","extraData":[]},"publishpress_future_workflow_manual_trigger":{"enabledWorkflows":[]},"_links":{"self":[{"href":"https:\/\/www.orto-bar.com\/en\/wp-json\/wp\/v2\/product\/115471","targetHints":{"allow":["GET"]}}],"collection":[{"href":"https:\/\/www.orto-bar.com\/en\/wp-json\/wp\/v2\/product"}],"about":[{"href":"https:\/\/www.orto-bar.com\/en\/wp-json\/wp\/v2\/types\/product"}],"author":[{"embeddable":true,"href":"https:\/\/www.orto-bar.com\/en\/wp-json\/wp\/v2\/users\/11"}],"version-history":[{"count":0,"href":"https:\/\/www.orto-bar.com\/en\/wp-json\/wp\/v2\/product\/115471\/revisions"}],"wp:featuredmedia":[{"embeddable":true,"href":"https:\/\/www.orto-bar.com\/en\/wp-json\/wp\/v2\/media\/115472"}],"wp:attachment":[{"href":"https:\/\/www.orto-bar.com\/en\/wp-json\/wp\/v2\/media?parent=115471"}],"wp:term":[{"taxonomy":"product_brand","embeddable":true,"href":"https:\/\/www.orto-bar.com\/en\/wp-json\/wp\/v2\/product_brand?post=115471"},{"taxonomy":"product_cat","embeddable":true,"href":"https:\/\/www.orto-bar.com\/en\/wp-json\/wp\/v2\/product_cat?post=115471"},{"taxonomy":"product_tag","embeddable":true,"href":"https:\/\/www.orto-bar.com\/en\/wp-json\/wp\/v2\/product_tag?post=115471"}],"curies":[{"name":"wp","href":"https:\/\/api.w.org\/{rel}","templated":true}]}}