{"id":115733,"date":"2025-06-17T13:46:58","date_gmt":"2025-06-17T11:46:58","guid":{"rendered":"https:\/\/www.orto-bar.com\/?post_type=product&#038;p=115733"},"modified":"2025-11-13T19:52:02","modified_gmt":"2025-11-13T18:52:02","slug":"the-factorystatics","status":"publish","type":"product","link":"https:\/\/www.orto-bar.com\/en\/dogodki\/arhiv\/the-factorystatics\/","title":{"rendered":"The Factory,Statics"},"content":{"rendered":"<p>&nbsp;<\/p>\n<p>Hardrock band The Factory je lani februarja izdal svoj prvi singel End O&#8217; Me. Prvenec skupine The Factory je poziv vsem ljubiteljem rock glasbe, da se pridru\u017eite njihovi glasbeni avanturi. Tri mesece po tem so izdali naslednji singel z naslovom While We Drift Apart. Na koncertu pa boste lahko sli\u0161ali skladbe s prihajajo\u010dega albuma.<\/p>\n<p>Skupino sestavljajo bobnar Luka Logar, basist Nace Jeron\u010di\u010d, vokalist in ritem kitarist \u017diga Avbreht &amp; solo kitarist Berti Pu\u010dnik.<\/p>\n<p>&nbsp;<\/p>\n<p><a href=\"https:\/\/www.facebook.com\/TheFactorySlo\/\">https:\/\/www.facebook.com\/TheFactorySlo<\/a><\/p>\n<p>&nbsp;<\/p>\n<p><a href=\"https:\/\/www.instagram.com\/thefactoryslo\/\">https:\/\/www.instagram.com\/thefactoryslo<\/a><\/p>\n<p>&nbsp;<\/p>\n<p><a href=\"https:\/\/www.youtube.com\/watch?v=Uyq934cIhjs\">https:\/\/www.youtube.com\/watch?v=Uyq934cIhjs<\/a><\/p>\n<p>&nbsp;<\/p>\n<p><a href=\"https:\/\/linktr.ee\/thefactoryband\">https:\/\/linktr.ee\/thefactoryband<\/a><\/p>\n<p><strong>Statics\u00a0<\/strong><\/p>\n<p>&nbsp;<\/p>\n<p>Power duo utilizing alternative rock, post grunge and stoner elements to craft their dense and distinctive sound providing a hard rock experience.<\/p>\n<p>&nbsp;<\/p>\n<p>&nbsp;<\/p>\n<p>Mo\u010dan duo, ki uporablja elemente alternativnega rocka, post grungea in stonerja, da bi ustvaril svoj gost in prepoznaven zvok, ki zagotavlja hard rock izku\u0161njo.<\/p>","protected":false},"excerpt":{"rendered":"<p>&nbsp; Hardrock band The Factory je lani februarja izdal svoj prvi singel End O&#8217; Me. Prvenec skupine The Factory je poziv vsem ljubiteljem rock glasbe, da se pridru\u017eite njihovi glasbeni avanturi. Tri mesece po tem so izdali naslednji singel z naslovom While We Drift Apart. Na koncertu pa boste lahko sli\u0161ali skladbe s prihajajo\u010dega albuma. [&hellip;]<\/p>","protected":false},"author":11,"featured_media":117662,"template":"","meta":{"_seopress_robots_primary_cat":"none","_seopress_titles_title":"","_seopress_titles_desc":"","_seopress_robots_index":""},"product_brand":[],"product_cat":[230],"product_tag":[222],"class_list":{"0":"post-115733","1":"product","2":"type-product","3":"status-publish","4":"has-post-thumbnail","6":"product_cat-arhiv","7":"product_tag-predprodaja","9":"entry","10":"has-media","12":"first","13":"instock","14":"virtual","15":"taxable","16":"product-type-simple","17":"has-product-nav","18":"col","19":"span_1_of_4","20":"owp-content-center","21":"item-entry","22":"owp-thumbs-layout-horizontal","23":"owp-btn-normal","24":"owp-tabs-layout-section","25":"has-no-thumbnails"},"publishpress_future_action":{"enabled":false,"date":"2026-04-28 02:32:44","action":"change-status","newStatus":"draft","terms":[],"taxonomy":"product_cat","extraData":[]},"publishpress_future_workflow_manual_trigger":{"enabledWorkflows":[]},"_links":{"self":[{"href":"https:\/\/www.orto-bar.com\/en\/wp-json\/wp\/v2\/product\/115733","targetHints":{"allow":["GET"]}}],"collection":[{"href":"https:\/\/www.orto-bar.com\/en\/wp-json\/wp\/v2\/product"}],"about":[{"href":"https:\/\/www.orto-bar.com\/en\/wp-json\/wp\/v2\/types\/product"}],"author":[{"embeddable":true,"href":"https:\/\/www.orto-bar.com\/en\/wp-json\/wp\/v2\/users\/11"}],"version-history":[{"count":0,"href":"https:\/\/www.orto-bar.com\/en\/wp-json\/wp\/v2\/product\/115733\/revisions"}],"wp:featuredmedia":[{"embeddable":true,"href":"https:\/\/www.orto-bar.com\/en\/wp-json\/wp\/v2\/media\/117662"}],"wp:attachment":[{"href":"https:\/\/www.orto-bar.com\/en\/wp-json\/wp\/v2\/media?parent=115733"}],"wp:term":[{"taxonomy":"product_brand","embeddable":true,"href":"https:\/\/www.orto-bar.com\/en\/wp-json\/wp\/v2\/product_brand?post=115733"},{"taxonomy":"product_cat","embeddable":true,"href":"https:\/\/www.orto-bar.com\/en\/wp-json\/wp\/v2\/product_cat?post=115733"},{"taxonomy":"product_tag","embeddable":true,"href":"https:\/\/www.orto-bar.com\/en\/wp-json\/wp\/v2\/product_tag?post=115733"}],"curies":[{"name":"wp","href":"https:\/\/api.w.org\/{rel}","templated":true}]}}