{"id":115856,"date":"2025-06-19T12:42:54","date_gmt":"2025-06-19T10:42:54","guid":{"rendered":"https:\/\/www.orto-bar.com\/?post_type=product&#038;p=115856"},"modified":"2025-09-20T19:50:34","modified_gmt":"2025-09-20T17:50:34","slug":"monkey-business-artic-monkeys-tribute-band","status":"publish","type":"product","link":"https:\/\/www.orto-bar.com\/en\/dogodki\/arhiv\/monkey-business-artic-monkeys-tribute-band\/","title":{"rendered":"MONKEY BUSINESS- Artic Monkeys Tribute Band"},"content":{"rendered":"<p>&nbsp;<\/p>\n<p>Monkey Business, \u0161tiri\u010dlanska tribute zasedba Arctic Monkeys iz \u0161ir\u0161e okolice doma\u010dih logov vas vabi na glasno in \u017eivahno sre\u010danje, ki bo potekalo 20. septembra 2025 v Orto Baru.<\/p>\n<p>Ekipa zvesto poustvarja mood in vibe enega najvplivnej\u0161ih post-punk indie bandov zgodnjega 21. stoletja, od gara\u017enih prvencev, pre\u017eetih z distorziranimi riffi do elegantne mra\u010dnosti kasnej\u0161ih albumov. Zaradi subjektivne ocene, da je novej\u0161a glasba AM primernej\u0161a za audienco v kulturnem domu, je repertoar pripravljen temu primerno. Ne pozabite na plesne \u010devlje in se vidimo na plesi\u0161\u010du!<\/p>\n<p>&nbsp;<\/p>\n<p>INSTAGRAM:<\/p>\n<p><a href=\"https:\/\/www.instagram.com\/monkeybusiness_band\">https:\/\/www.instagram.com\/monkeybusiness_band<\/a><\/p>\n<p>&nbsp;<\/p>\n<p>VIDEO:<\/p>\n<p><a href=\"https:\/\/youtu.be\/suXxfaazG6Y\">https:\/\/youtu.be\/suXxfaazG6Y<\/a><\/p>\n<p><a href=\"https:\/\/youtu.be\/mrISAgXnJSo\">https:\/\/youtu.be\/mrISAgXnJSo<\/a><\/p>\n<p>&nbsp;<\/p>\n<p>PHOTO:<\/p>\n<p><a href=\"https:\/\/photos.app.goo.gl\/xTxprkCCHP2aDW9W9\">https:\/\/photos.app.goo.gl\/xTxprkCCHP2aDW9W9<\/a><\/p>\n<p><a href=\"https:\/\/photos.app.goo.gl\/NVtJcydvARainGDd8\">https:\/\/photos.app.goo.gl\/NVtJcydvARainGDd8<\/a><\/p>","protected":false},"excerpt":{"rendered":"<p>&nbsp; Monkey Business, \u0161tiri\u010dlanska tribute zasedba Arctic Monkeys iz \u0161ir\u0161e okolice doma\u010dih logov vas vabi na glasno in \u017eivahno sre\u010danje, ki bo potekalo 20. septembra 2025 v Orto Baru. Ekipa zvesto poustvarja mood in vibe enega najvplivnej\u0161ih post-punk indie bandov zgodnjega 21. stoletja, od gara\u017enih prvencev, pre\u017eetih z distorziranimi riffi do elegantne mra\u010dnosti kasnej\u0161ih albumov. [&hellip;]<\/p>","protected":false},"author":11,"featured_media":115858,"template":"","meta":{"_seopress_robots_primary_cat":"none","_seopress_titles_title":"","_seopress_titles_desc":"","_seopress_robots_index":""},"product_brand":[],"product_cat":[230],"product_tag":[222],"class_list":{"0":"post-115856","1":"product","2":"type-product","3":"status-publish","4":"has-post-thumbnail","6":"product_cat-arhiv","7":"product_tag-predprodaja","9":"entry","10":"has-media","12":"first","13":"instock","14":"virtual","15":"taxable","16":"product-type-simple","17":"has-product-nav","18":"col","19":"span_1_of_4","20":"owp-content-center","21":"item-entry","22":"owp-thumbs-layout-horizontal","23":"owp-btn-normal","24":"owp-tabs-layout-section","25":"has-no-thumbnails"},"publishpress_future_action":{"enabled":false,"date":"2026-04-26 15:26:59","action":"change-status","newStatus":"draft","terms":[],"taxonomy":"product_cat","extraData":[]},"publishpress_future_workflow_manual_trigger":{"enabledWorkflows":[]},"_links":{"self":[{"href":"https:\/\/www.orto-bar.com\/en\/wp-json\/wp\/v2\/product\/115856","targetHints":{"allow":["GET"]}}],"collection":[{"href":"https:\/\/www.orto-bar.com\/en\/wp-json\/wp\/v2\/product"}],"about":[{"href":"https:\/\/www.orto-bar.com\/en\/wp-json\/wp\/v2\/types\/product"}],"author":[{"embeddable":true,"href":"https:\/\/www.orto-bar.com\/en\/wp-json\/wp\/v2\/users\/11"}],"version-history":[{"count":0,"href":"https:\/\/www.orto-bar.com\/en\/wp-json\/wp\/v2\/product\/115856\/revisions"}],"wp:featuredmedia":[{"embeddable":true,"href":"https:\/\/www.orto-bar.com\/en\/wp-json\/wp\/v2\/media\/115858"}],"wp:attachment":[{"href":"https:\/\/www.orto-bar.com\/en\/wp-json\/wp\/v2\/media?parent=115856"}],"wp:term":[{"taxonomy":"product_brand","embeddable":true,"href":"https:\/\/www.orto-bar.com\/en\/wp-json\/wp\/v2\/product_brand?post=115856"},{"taxonomy":"product_cat","embeddable":true,"href":"https:\/\/www.orto-bar.com\/en\/wp-json\/wp\/v2\/product_cat?post=115856"},{"taxonomy":"product_tag","embeddable":true,"href":"https:\/\/www.orto-bar.com\/en\/wp-json\/wp\/v2\/product_tag?post=115856"}],"curies":[{"name":"wp","href":"https:\/\/api.w.org\/{rel}","templated":true}]}}