{"id":115963,"date":"2025-06-22T21:56:29","date_gmt":"2025-06-22T19:56:29","guid":{"rendered":"https:\/\/www.orto-bar.com\/?post_type=product&#038;p=115963"},"modified":"2025-09-04T19:04:05","modified_gmt":"2025-09-04T17:04:05","slug":"burzuazija-donkey-hot","status":"publish","type":"product","link":"https:\/\/www.orto-bar.com\/en\/dogodki\/arhiv\/burzuazija-donkey-hot\/","title":{"rendered":"Bur\u017euazija, Donkey Hot"},"content":{"rendered":"<p>&nbsp;<\/p>\n<p>Ljubljansko zasedbo Bur\u017euazija sestavljajo Rok Molnar, Rok Mi\u017ee, An\u017ee Mramor in Kristjan Oberstar. Pred \u0161tirimi leti so se s prvencem \u00bbLP\u00ab poslovili od srednje\u0161olskih dni, po kraj\u0161em kreativnem premoru pa so se s singli Hint, Paris in Balerina vrnili na frekvence radijskih postaj. Z njimi so napovedali 2. studijski album &#8216;<strong>Vrtiljak sanj&#8217;<\/strong>, ki so ga izdali in predstavili marca v razprodani Komuni Kina \u0160i\u0161ke.\u00a0 Skupina je sicer veliko pozornosti prejela tudi na preto\u010dnih glasbenih platformah, kjer bele\u017eijo sledilce iz vseh koncev sveta.<\/p>\n<p>Bur\u017euazija je skozi leta evolvirala iz prvotnega tr\u0161ega rock zvoka v sodoben, groovy, energijsko-nabit plesni stil, ki zdru\u017euje elemente popa, disca in rocka. Njihov zvok je bogat in udaren, besedila pa ve\u010dplastna \u2013 njihov pravi pomen se v\u010dasih razkrije \u0161ele po ve\u010dkratnem poslu\u0161anju in poslu\u0161alca pogosto zare\u017ee v globine du\u0161e ter ga spremlja skozi dan.<\/p>\n<p>&nbsp;<\/p>\n<p><strong>\u00a0<\/strong><\/p>\n<p><strong>Spotify:<\/strong>\u00a0<a href=\"https:\/\/open.spotify.com\/artist\/10wEbHXKdndB2yFeIDsTLC\">https:\/\/open.spotify.com\/artist\/10wEbHXKdndB2yFeIDsTLC<\/a><\/p>\n<p><strong>Instagram:<\/strong>\u00a0<a href=\"https:\/\/www.instagram.com\/burzuazija\/\">https:\/\/www.instagram.com\/burzuazija\/<\/a><\/p>\n<p><strong>Facebook:<\/strong>\u00a0<a href=\"https:\/\/www.facebook.com\/burzuazija\">https:\/\/www.facebook.com\/burzuazija<\/a><\/p>\n<p>&nbsp;<\/p>\n<p><strong>\u00a0<\/strong><\/p>\n<p><strong>DONKEY HOT<\/strong> je zagreb\u0161ka rock &#8216;n&#8217; roll skupina, ki zadnji dve leti aktivno gradi svoj prepoznaven zvok. Znani so po zelo energi\u010dnih nastopih v \u017eivo, ki privabljajo ob\u010dinstvo po vsej Hrva\u0161ki in \u0161ir\u0161i regiji. Besedila avtorskih pesmi so duhovita, cini\u010dna in ironi\u010dna, pogosto pa obravnavajo teme iz vsakdanjega \u017eivljenja. Odigrali so ve\u010d kot 70 koncertov, oder pa so si delili z uveljavljenimi izvajalci, kot so Let 3, Psihomodo Pop, Vojko V, Zabranjeno Pu\u0161enje, Anti-Nowhere League in Gu\u017eva u 16-ercu.<\/p>\n<p>Leta 2023 je skupina izdala svoj prvenec z naslovom <strong>MAMA<\/strong>, ki ga je izdala zalo\u017eba <strong>Dallas Records<\/strong>. Singli, kot so \u00bbMama Care\u00ab, \u00bbKineski restorani\u00ab in \u00bbSrce joj je ledeno\u00ab, izstopajo z energi\u010dnim zvokom in izvirnimi videospoti.<br \/>\nFrontman skupine je <strong>Vili Gobac<\/strong>, igralec in sin znanega glasbenika <strong>Davorja Gopca<\/strong>. V skupini igrajo \u0161e <strong>Mihovil Burek<\/strong> (kitara), <strong>Matej Grgurevi\u0107<\/strong> (klaviature), <strong>Marijo Dujmi\u0107<\/strong> (kitara), <strong>Hrvoje Dizdar<\/strong> (bobni) in <strong>Doris Mihaljevi\u0107<\/strong> (bas).<\/p>\n<p>&nbsp;<\/p>\n<p>&nbsp;<\/p>\n<p>Instagram: <a href=\"https:\/\/www.instagram.com\/donkeyhotofficial\/\">https:\/\/www.instagram.com\/donkeyhotofficial\/<\/a><\/p>\n<p>Facebook: <a href=\"https:\/\/www.facebook.com\/donkeyhothot\">https:\/\/www.facebook.com\/donkeyhothot<\/a><\/p>\n<p>Spotify: <a href=\"https:\/\/open.spotify.com\/artist\/0xKe5qglGGN8yUHjx1Dllv\">https:\/\/open.spotify.com\/artist\/0xKe5qglGGN8yUHjx1Dllv<\/a><\/p>\n<p>&nbsp;<\/p>\n<p>&nbsp;<\/p>","protected":false},"excerpt":{"rendered":"<p>&nbsp; Ljubljansko zasedbo Bur\u017euazija sestavljajo Rok Molnar, Rok Mi\u017ee, An\u017ee Mramor in Kristjan Oberstar. Pred \u0161tirimi leti so se s prvencem \u00bbLP\u00ab poslovili od srednje\u0161olskih dni, po kraj\u0161em kreativnem premoru pa so se s singli Hint, Paris in Balerina vrnili na frekvence radijskih postaj. Z njimi so napovedali 2. studijski album &#8216;Vrtiljak sanj&#8217;, ki so [&hellip;]<\/p>","protected":false},"author":11,"featured_media":115965,"template":"","meta":{"_seopress_robots_primary_cat":"none","_seopress_titles_title":"","_seopress_titles_desc":"","_seopress_robots_index":""},"product_brand":[],"product_cat":[230],"product_tag":[222],"class_list":{"0":"post-115963","1":"product","2":"type-product","3":"status-publish","4":"has-post-thumbnail","6":"product_cat-arhiv","7":"product_tag-predprodaja","9":"entry","10":"has-media","12":"first","13":"instock","14":"virtual","15":"taxable","16":"product-type-simple","17":"has-product-nav","18":"col","19":"span_1_of_4","20":"owp-content-center","21":"item-entry","22":"owp-thumbs-layout-horizontal","23":"owp-btn-normal","24":"owp-tabs-layout-section","25":"has-no-thumbnails"},"publishpress_future_action":{"enabled":false,"date":"2026-04-27 05:17:52","action":"change-status","newStatus":"draft","terms":[],"taxonomy":"product_cat","extraData":[]},"publishpress_future_workflow_manual_trigger":{"enabledWorkflows":[]},"_links":{"self":[{"href":"https:\/\/www.orto-bar.com\/en\/wp-json\/wp\/v2\/product\/115963","targetHints":{"allow":["GET"]}}],"collection":[{"href":"https:\/\/www.orto-bar.com\/en\/wp-json\/wp\/v2\/product"}],"about":[{"href":"https:\/\/www.orto-bar.com\/en\/wp-json\/wp\/v2\/types\/product"}],"author":[{"embeddable":true,"href":"https:\/\/www.orto-bar.com\/en\/wp-json\/wp\/v2\/users\/11"}],"version-history":[{"count":0,"href":"https:\/\/www.orto-bar.com\/en\/wp-json\/wp\/v2\/product\/115963\/revisions"}],"wp:featuredmedia":[{"embeddable":true,"href":"https:\/\/www.orto-bar.com\/en\/wp-json\/wp\/v2\/media\/115965"}],"wp:attachment":[{"href":"https:\/\/www.orto-bar.com\/en\/wp-json\/wp\/v2\/media?parent=115963"}],"wp:term":[{"taxonomy":"product_brand","embeddable":true,"href":"https:\/\/www.orto-bar.com\/en\/wp-json\/wp\/v2\/product_brand?post=115963"},{"taxonomy":"product_cat","embeddable":true,"href":"https:\/\/www.orto-bar.com\/en\/wp-json\/wp\/v2\/product_cat?post=115963"},{"taxonomy":"product_tag","embeddable":true,"href":"https:\/\/www.orto-bar.com\/en\/wp-json\/wp\/v2\/product_tag?post=115963"}],"curies":[{"name":"wp","href":"https:\/\/api.w.org\/{rel}","templated":true}]}}