{"id":116004,"date":"2025-06-25T13:41:26","date_gmt":"2025-06-25T11:41:26","guid":{"rendered":"https:\/\/www.orto-bar.com\/?post_type=product&#038;p=116004"},"modified":"2025-09-19T19:35:43","modified_gmt":"2025-09-19T17:35:43","slug":"lutke-na-koncu-kud-idijoti-tribute-band","status":"publish","type":"product","link":"https:\/\/www.orto-bar.com\/en\/dogodki\/arhiv\/lutke-na-koncu-kud-idijoti-tribute-band\/","title":{"rendered":"LUTKE NA KONCU- KUD Idijoti tribute Band"},"content":{"rendered":"<p>&nbsp;<\/p>\n<p>LUTKE NA KONCU so trio izku\u0161enih beograjskih glasbenikov , ki z izvrstno izvedbo ohranjajo spomin na kultne KUD IDIJOTE .<\/p>\n<p>Lutke na koncu so:<br \/>\nVladan Vasiljevi\u0107 \u2013 kitara in vokal<br \/>\nVuk Pavlovi\u0107 \u2013 bas in backvokal<br \/>\nDejan Milojevi\u0107 \u2013 bobni in back vokal<\/p>\n<p>&nbsp;<\/p>\n<p>&nbsp;<\/p>\n<p>LUTKE NA KONCU je trio beogradskih iskusnih muzi\u010dara s misijom da pjesme kultnih KUD Idijota i dalje odr\u017ee na \u017eivotu. Lutke na koncu interpretiraju punk himne i zajedno s publikom prisje\u0107aju se monumentalnih trenutaka koji su zauvijek obilje\u017eili na\u0161u glazbenu scenu.<\/p>\n<p>Lutke na koncu nastale su iz po\u0161tovanja, nostalgije i najve\u0107eg divljenja prema kultnom pulskom bendu koji je utjecao na razvoj na\u0161e punk scene i (sup)kulture. Iza sebe bilje\u017ee stotinjak uspje\u0161nih nastupa po \u010ditavoj regiji.<\/p>\n<p>Lutke na koncu su:<br \/>\nVladan Vasiljevi\u0107 \u2013 kitara in vokal<br \/>\nVuk Pavlovi\u0107 \u2013 bas in backvokal<br \/>\nDejan Milojevi\u0107 \u2013 bobni in back vokal<\/p>\n<p>&nbsp;<\/p>\n<p><a href=\"https:\/\/www.facebook.com\/lutkenakoncu.band\/\">https:\/\/www.facebook.com\/lutkenakoncu.band\/<\/a><\/p>\n<p><a href=\"https:\/\/www.instagram.com\/lutke_na_koncu\/\">https:\/\/www.instagram.com\/lutke_na_koncu\/<\/a><\/p>\n<p><a href=\"https:\/\/www.youtube.com\/@lutkenakoncu6718\">https:\/\/www.youtube.com\/@lutkenakoncu6718<\/a><\/p>\n<p>&nbsp;<\/p>\n<p>&nbsp;<\/p>","protected":false},"excerpt":{"rendered":"<p>&nbsp; LUTKE NA KONCU so trio izku\u0161enih beograjskih glasbenikov , ki z izvrstno izvedbo ohranjajo spomin na kultne KUD IDIJOTE . Lutke na koncu so: Vladan Vasiljevi\u0107 \u2013 kitara in vokal Vuk Pavlovi\u0107 \u2013 bas in backvokal Dejan Milojevi\u0107 \u2013 bobni in back vokal &nbsp; &nbsp; LUTKE NA KONCU je trio beogradskih iskusnih muzi\u010dara s [&hellip;]<\/p>","protected":false},"author":11,"featured_media":116005,"template":"","meta":{"_seopress_robots_primary_cat":"none","_seopress_titles_title":"","_seopress_titles_desc":"","_seopress_robots_index":""},"product_brand":[],"product_cat":[230],"product_tag":[222],"class_list":{"0":"post-116004","1":"product","2":"type-product","3":"status-publish","4":"has-post-thumbnail","6":"product_cat-arhiv","7":"product_tag-predprodaja","9":"entry","10":"has-media","12":"first","13":"instock","14":"virtual","15":"taxable","16":"product-type-simple","17":"has-product-nav","18":"col","19":"span_1_of_4","20":"owp-content-center","21":"item-entry","22":"owp-thumbs-layout-horizontal","23":"owp-btn-normal","24":"owp-tabs-layout-section"},"publishpress_future_action":{"enabled":false,"date":"2026-04-27 06:08:33","action":"change-status","newStatus":"draft","terms":[],"taxonomy":"product_cat","extraData":[]},"publishpress_future_workflow_manual_trigger":{"enabledWorkflows":[]},"_links":{"self":[{"href":"https:\/\/www.orto-bar.com\/en\/wp-json\/wp\/v2\/product\/116004","targetHints":{"allow":["GET"]}}],"collection":[{"href":"https:\/\/www.orto-bar.com\/en\/wp-json\/wp\/v2\/product"}],"about":[{"href":"https:\/\/www.orto-bar.com\/en\/wp-json\/wp\/v2\/types\/product"}],"author":[{"embeddable":true,"href":"https:\/\/www.orto-bar.com\/en\/wp-json\/wp\/v2\/users\/11"}],"version-history":[{"count":0,"href":"https:\/\/www.orto-bar.com\/en\/wp-json\/wp\/v2\/product\/116004\/revisions"}],"wp:featuredmedia":[{"embeddable":true,"href":"https:\/\/www.orto-bar.com\/en\/wp-json\/wp\/v2\/media\/116005"}],"wp:attachment":[{"href":"https:\/\/www.orto-bar.com\/en\/wp-json\/wp\/v2\/media?parent=116004"}],"wp:term":[{"taxonomy":"product_brand","embeddable":true,"href":"https:\/\/www.orto-bar.com\/en\/wp-json\/wp\/v2\/product_brand?post=116004"},{"taxonomy":"product_cat","embeddable":true,"href":"https:\/\/www.orto-bar.com\/en\/wp-json\/wp\/v2\/product_cat?post=116004"},{"taxonomy":"product_tag","embeddable":true,"href":"https:\/\/www.orto-bar.com\/en\/wp-json\/wp\/v2\/product_tag?post=116004"}],"curies":[{"name":"wp","href":"https:\/\/api.w.org\/{rel}","templated":true}]}}