{"id":116038,"date":"2025-06-27T13:19:00","date_gmt":"2025-06-27T11:19:00","guid":{"rendered":"https:\/\/www.orto-bar.com\/?post_type=product&#038;p=116038"},"modified":"2025-09-06T20:40:25","modified_gmt":"2025-09-06T18:40:25","slug":"epidemik-pearl-jam-tribute-band","status":"publish","type":"product","link":"https:\/\/www.orto-bar.com\/en\/dogodki\/arhiv\/epidemik-pearl-jam-tribute-band\/","title":{"rendered":"EPIDEMIK &#8211; Pearl Jam Tribute Band"},"content":{"rendered":"<p><strong>EPIDEMIK &#8211; Pearl Jam Tribute Band\u00a0 vam bodo pri\u010darali avtenti\u010dno izku\u0161njo legendarnega benda in obtem navrgli \u0161e kak\u0161en hit drugih legendarnih skupin grunge obdobja!<\/strong><\/p>\n<p>&nbsp;<\/p>\n<p>&nbsp;<\/p>\n<p>Epidemik je bend iz Novog Sada, nastao 2017. godine kao cover bend posve\u0107en o\u017eivljavanju klasi\u010dnih grunge i alt rock hitova. Redovno nastupamo u Novom Sadu i Beogradu, \u010desto gostujemo u Skoplju i Ni\u0161u, kao i u ostalim gradovima Srbije.<\/p>\n<p>Nedavno smo i\u0161li \u00a0na mini turneju na severu Italije, u Milanu (01.05.), Torinu (02.05.) i Bergamu (03.05.).<\/p>\n<p>U na\u0161oj ponudi imamo dve vrste doga\u0111aja: Zvezde Grand\u017ea(Tribute to Grunge) i Pearl Jam tribute.<\/p>\n<p>\u201eZvezde Grand\u017ea\u201c \u00a0je doga\u0111aj na kojem izvodimo pesme najve\u0107ih bendova grunge muzike, kao i muziku bendova sa kojima su povezane zvezde ovog \u017eanra. Na repertoaru su bendovi Nirvana, Alice in Chains, Pearl Jam, Soundgarden, Audioslave, Foo Fighters, Rage Against The Machine itd.<\/p>\n<p>Pored toga, sa velikim uspehom nastupamo i kao Pearl Jam tribute, pru\u017eaju\u0107i publici autenti\u010dno iskustvo koje odra\u017eava strast i energiju ovog legendarnog benda.<\/p>\n<p>Na\u0161i nastupi nisu samo muzi\u010dki do\u017eivljaji za ljubitelje ovog zvuka, ve\u0107 i svojevrsni vremeplov, koji vas vra\u0107a u period kada su gitarski rifovi i iskreni tekstovi bili u srcu rok scene.<\/p>\n<p>&nbsp;<\/p>","protected":false},"excerpt":{"rendered":"<p>EPIDEMIK &#8211; Pearl Jam Tribute Band\u00a0 vam bodo pri\u010darali avtenti\u010dno izku\u0161njo legendarnega benda in obtem navrgli \u0161e kak\u0161en hit drugih legendarnih skupin grunge obdobja! &nbsp; &nbsp; Epidemik je bend iz Novog Sada, nastao 2017. godine kao cover bend posve\u0107en o\u017eivljavanju klasi\u010dnih grunge i alt rock hitova. Redovno nastupamo u Novom Sadu i Beogradu, \u010desto gostujemo [&hellip;]<\/p>","protected":false},"author":11,"featured_media":116039,"template":"","meta":{"_seopress_robots_primary_cat":"none","_seopress_titles_title":"","_seopress_titles_desc":"","_seopress_robots_index":""},"product_brand":[],"product_cat":[230],"product_tag":[222],"class_list":{"0":"post-116038","1":"product","2":"type-product","3":"status-publish","4":"has-post-thumbnail","6":"product_cat-arhiv","7":"product_tag-predprodaja","9":"entry","10":"has-media","12":"first","13":"instock","14":"virtual","15":"taxable","16":"product-type-simple","17":"has-product-nav","18":"col","19":"span_1_of_4","20":"owp-content-center","21":"item-entry","22":"owp-thumbs-layout-horizontal","23":"owp-btn-normal","24":"owp-tabs-layout-section"},"publishpress_future_action":{"enabled":false,"date":"2026-05-02 10:34:51","action":"change-status","newStatus":"draft","terms":[],"taxonomy":"product_cat","extraData":[]},"publishpress_future_workflow_manual_trigger":{"enabledWorkflows":[]},"_links":{"self":[{"href":"https:\/\/www.orto-bar.com\/en\/wp-json\/wp\/v2\/product\/116038","targetHints":{"allow":["GET"]}}],"collection":[{"href":"https:\/\/www.orto-bar.com\/en\/wp-json\/wp\/v2\/product"}],"about":[{"href":"https:\/\/www.orto-bar.com\/en\/wp-json\/wp\/v2\/types\/product"}],"author":[{"embeddable":true,"href":"https:\/\/www.orto-bar.com\/en\/wp-json\/wp\/v2\/users\/11"}],"version-history":[{"count":0,"href":"https:\/\/www.orto-bar.com\/en\/wp-json\/wp\/v2\/product\/116038\/revisions"}],"wp:featuredmedia":[{"embeddable":true,"href":"https:\/\/www.orto-bar.com\/en\/wp-json\/wp\/v2\/media\/116039"}],"wp:attachment":[{"href":"https:\/\/www.orto-bar.com\/en\/wp-json\/wp\/v2\/media?parent=116038"}],"wp:term":[{"taxonomy":"product_brand","embeddable":true,"href":"https:\/\/www.orto-bar.com\/en\/wp-json\/wp\/v2\/product_brand?post=116038"},{"taxonomy":"product_cat","embeddable":true,"href":"https:\/\/www.orto-bar.com\/en\/wp-json\/wp\/v2\/product_cat?post=116038"},{"taxonomy":"product_tag","embeddable":true,"href":"https:\/\/www.orto-bar.com\/en\/wp-json\/wp\/v2\/product_tag?post=116038"}],"curies":[{"name":"wp","href":"https:\/\/api.w.org\/{rel}","templated":true}]}}