{"id":116058,"date":"2025-06-29T23:35:15","date_gmt":"2025-06-29T21:35:15","guid":{"rendered":"https:\/\/www.orto-bar.com\/?post_type=product&#038;p=116058"},"modified":"2026-01-06T11:03:13","modified_gmt":"2026-01-06T10:03:13","slug":"tribute-to-oasis-oasis-tribute-band","status":"publish","type":"product","link":"https:\/\/www.orto-bar.com\/en\/dogodki\/arhiv\/tribute-to-oasis-oasis-tribute-band\/","title":{"rendered":"TRIBUTE TO OASIS- Oasis Tribute band"},"content":{"rendered":"<p>&nbsp;<\/p>\n<p>Tribute to Oasis je nov slovenski projekt, ki ob ponovni zdru\u017eitvi originalne zasedbe, za vse obo\u017eevalce, ljubitelje rock glasbe in zabav ustvarja glasbeno izku\u0161njo, ki o\u017eivlja zlata leta britpopa. Skupina je razprodala celoten reunion tour in zato je veliko obo\u017eevalcev ostalo brez kart. Mi bomo poskrbeli, da bodo te skladbe sli\u0161ane v \u017eivo v Sloveniji.<\/p>\n<p>Lokalna 5-\u010dlanska zasedba bo odigrala nabor najve\u010djih uspe\u0161nic bratov Gallagher \u2013 od \u201cWonderwall\u201d do \u201cChampagne Supernova\u201d.<\/p>\n<p>Bla\u017e Vidovi\u010d \u2013 vokal<br \/>\nLuka Ga\u0161pari\u010d \u2013 elektri\u010dna kitara<br \/>\nBla\u017e Hamer\u0161ak \u2013 klavir<br \/>\nGregor Gregorc \u2013 bas kitara<br \/>\n\u0160tefan Jakob \u0160trucl \u2013 bobni<\/p>\n<p>&nbsp;<\/p>\n<p><a href=\"https:\/\/www.youtube.com\/@TributetoOasisSlo\">https:\/\/www.youtube.com\/@TributetoOasisSlo<\/a><\/p>","protected":false},"excerpt":{"rendered":"<p>&nbsp; Tribute to Oasis je nov slovenski projekt, ki ob ponovni zdru\u017eitvi originalne zasedbe, za vse obo\u017eevalce, ljubitelje rock glasbe in zabav ustvarja glasbeno izku\u0161njo, ki o\u017eivlja zlata leta britpopa. Skupina je razprodala celoten reunion tour in zato je veliko obo\u017eevalcev ostalo brez kart. Mi bomo poskrbeli, da bodo te skladbe sli\u0161ane v \u017eivo v [&hellip;]<\/p>","protected":false},"author":11,"featured_media":116060,"template":"","meta":{"_seopress_robots_primary_cat":"none","_seopress_titles_title":"","_seopress_titles_desc":"","_seopress_robots_index":""},"product_brand":[],"product_cat":[230],"product_tag":[222],"class_list":{"0":"post-116058","1":"product","2":"type-product","3":"status-publish","4":"has-post-thumbnail","6":"product_cat-arhiv","7":"product_tag-predprodaja","9":"entry","10":"has-media","12":"first","13":"instock","14":"virtual","15":"taxable","16":"product-type-simple","17":"has-product-nav","18":"col","19":"span_1_of_4","20":"owp-content-center","21":"item-entry","22":"owp-thumbs-layout-horizontal","23":"owp-btn-normal","24":"owp-tabs-layout-section","25":"has-no-thumbnails"},"publishpress_future_action":{"enabled":false,"date":"2026-05-08 11:47:01","action":"change-status","newStatus":"draft","terms":[],"taxonomy":"product_cat","extraData":[]},"publishpress_future_workflow_manual_trigger":{"enabledWorkflows":[]},"_links":{"self":[{"href":"https:\/\/www.orto-bar.com\/en\/wp-json\/wp\/v2\/product\/116058","targetHints":{"allow":["GET"]}}],"collection":[{"href":"https:\/\/www.orto-bar.com\/en\/wp-json\/wp\/v2\/product"}],"about":[{"href":"https:\/\/www.orto-bar.com\/en\/wp-json\/wp\/v2\/types\/product"}],"author":[{"embeddable":true,"href":"https:\/\/www.orto-bar.com\/en\/wp-json\/wp\/v2\/users\/11"}],"version-history":[{"count":0,"href":"https:\/\/www.orto-bar.com\/en\/wp-json\/wp\/v2\/product\/116058\/revisions"}],"wp:featuredmedia":[{"embeddable":true,"href":"https:\/\/www.orto-bar.com\/en\/wp-json\/wp\/v2\/media\/116060"}],"wp:attachment":[{"href":"https:\/\/www.orto-bar.com\/en\/wp-json\/wp\/v2\/media?parent=116058"}],"wp:term":[{"taxonomy":"product_brand","embeddable":true,"href":"https:\/\/www.orto-bar.com\/en\/wp-json\/wp\/v2\/product_brand?post=116058"},{"taxonomy":"product_cat","embeddable":true,"href":"https:\/\/www.orto-bar.com\/en\/wp-json\/wp\/v2\/product_cat?post=116058"},{"taxonomy":"product_tag","embeddable":true,"href":"https:\/\/www.orto-bar.com\/en\/wp-json\/wp\/v2\/product_tag?post=116058"}],"curies":[{"name":"wp","href":"https:\/\/api.w.org\/{rel}","templated":true}]}}