{"id":116069,"date":"2025-07-02T19:38:24","date_gmt":"2025-07-02T17:38:24","guid":{"rendered":"https:\/\/www.orto-bar.com\/?post_type=product&#038;p=116069"},"modified":"2025-07-03T12:40:14","modified_gmt":"2025-07-03T10:40:14","slug":"vabebingeldon","status":"publish","type":"product","link":"https:\/\/www.orto-bar.com\/en\/dogodki\/arhiv\/vabebingeldon\/","title":{"rendered":"Vabe,Bingeldon"},"content":{"rendered":"<p>&nbsp;<\/p>\n<p>Vabe? Kateri bend je to? Ne poznate? Ja logi\u010dno. Mi se ne izpostavljamo, mi \u017egemo rock n roll. Na polno. Brez kompromisov. Mi ne rabimo slave, mi rabimo kitare. Mi smo live band. Na radiu nas ne vrtijo, kar pomeni, da smo dobri. Ne verjamete? Pridite nas pogledat in poslu\u0161at v Orto 5.9. ob 20:00. Praznujemo 20. obletnico benda. Ravno bo konec po\u010ditnic in udarec pravega rocka bo dobro del, pa tudi pasalo se ga bo napit po dolgem dopustu. Mi bomo poskrbeli za rock, Orto pa za alkohol. Vstop bo prost, ker mi ne igramo za denar, mi dajemo, ne vzemamo. Torej vabljeni na nepozabni rock n roll ve\u010der, pridite praznovat z nami, ker \u010dez naslednjih 20 let nas bo \u017ee pobralo, tako da izkoristite priliko. Predskupina bo noro super bend, na\u0161i prijatelji Bingeldon.<\/p>\n<p>&nbsp;<\/p>","protected":false},"excerpt":{"rendered":"<p>&nbsp; Vabe? Kateri bend je to? Ne poznate? Ja logi\u010dno. Mi se ne izpostavljamo, mi \u017egemo rock n roll. Na polno. Brez kompromisov. Mi ne rabimo slave, mi rabimo kitare. Mi smo live band. Na radiu nas ne vrtijo, kar pomeni, da smo dobri. Ne verjamete? Pridite nas pogledat in poslu\u0161at v Orto 5.9. ob [&hellip;]<\/p>","protected":false},"author":11,"featured_media":116077,"template":"","meta":{"_seopress_robots_primary_cat":"none","_seopress_titles_title":"","_seopress_titles_desc":"","_seopress_robots_index":""},"product_brand":[],"product_cat":[230],"product_tag":[222],"class_list":{"0":"post-116069","1":"product","2":"type-product","3":"status-publish","4":"has-post-thumbnail","6":"product_cat-arhiv","7":"product_tag-predprodaja","9":"entry","10":"has-media","12":"first","13":"instock","14":"virtual","15":"taxable","16":"product-type-simple","17":"has-product-nav","18":"col","19":"span_1_of_4","20":"owp-content-center","21":"item-entry","22":"owp-thumbs-layout-horizontal","23":"owp-btn-normal","24":"owp-tabs-layout-section","25":"has-no-thumbnails"},"publishpress_future_action":{"enabled":false,"date":"2026-04-27 23:12:34","action":"change-status","newStatus":"draft","terms":[],"taxonomy":"product_cat","extraData":[]},"publishpress_future_workflow_manual_trigger":{"enabledWorkflows":[]},"_links":{"self":[{"href":"https:\/\/www.orto-bar.com\/en\/wp-json\/wp\/v2\/product\/116069","targetHints":{"allow":["GET"]}}],"collection":[{"href":"https:\/\/www.orto-bar.com\/en\/wp-json\/wp\/v2\/product"}],"about":[{"href":"https:\/\/www.orto-bar.com\/en\/wp-json\/wp\/v2\/types\/product"}],"author":[{"embeddable":true,"href":"https:\/\/www.orto-bar.com\/en\/wp-json\/wp\/v2\/users\/11"}],"version-history":[{"count":0,"href":"https:\/\/www.orto-bar.com\/en\/wp-json\/wp\/v2\/product\/116069\/revisions"}],"wp:featuredmedia":[{"embeddable":true,"href":"https:\/\/www.orto-bar.com\/en\/wp-json\/wp\/v2\/media\/116077"}],"wp:attachment":[{"href":"https:\/\/www.orto-bar.com\/en\/wp-json\/wp\/v2\/media?parent=116069"}],"wp:term":[{"taxonomy":"product_brand","embeddable":true,"href":"https:\/\/www.orto-bar.com\/en\/wp-json\/wp\/v2\/product_brand?post=116069"},{"taxonomy":"product_cat","embeddable":true,"href":"https:\/\/www.orto-bar.com\/en\/wp-json\/wp\/v2\/product_cat?post=116069"},{"taxonomy":"product_tag","embeddable":true,"href":"https:\/\/www.orto-bar.com\/en\/wp-json\/wp\/v2\/product_tag?post=116069"}],"curies":[{"name":"wp","href":"https:\/\/api.w.org\/{rel}","templated":true}]}}