{"id":116084,"date":"2025-07-09T14:48:20","date_gmt":"2025-07-09T12:48:20","guid":{"rendered":"https:\/\/www.orto-bar.com\/?post_type=product&#038;p=116084"},"modified":"2025-10-24T17:46:39","modified_gmt":"2025-10-24T15:46:39","slug":"edo-maajka","status":"publish","type":"product","link":"https:\/\/www.orto-bar.com\/en\/dogodki\/arhiv\/edo-maajka\/","title":{"rendered":"Edo Maajka"},"content":{"rendered":"<p>&nbsp;<\/p>\n<p>Reper, tekstopisac, producent, kreativac, o\u0161tri kriti\u010dar i komentator dru\u0161tveno-politi\u010dkih zbivanja, glazbenik je koji iza sebe ima vi\u0161e od dva desetlje\u0107a karijere, sedam studijskih albuma, vi\u0161e od 150 pjesama, i vjerojatno sve glazbene nagrade ovih prostora. Edo Maajka 2001. godine napravio je revoluciju regionalnog hip-hopa izbaciv\u0161i album \u201cSlu\u0161aj mater\u201d koji je jedan od najbolje ispri\u010danih pri\u010da u povijesti doma\u0107e glazbe. Edo je zadr\u017eao karakter koji rijetko popu\u0161ta kompromisima i ostao jednim od najbitnijih imena regionalne hip-hop scene te ve\u0107 vi\u0161e od dva desetlje\u0107a svojim nastupima po regiji i \u0161ire garantira odli\u010dan provod u\u017eivo.<br \/>\nSlede\u0107i album \u2018No sikiriki\u2019 stekao je kultni status, nakon kojega je Edo Maajka zauvek promenio doma\u0107i hip hop. Edo Maajka je stihovima stvorio intrigantan, a produkcijom mo\u0107an opus koji i danas provocira, navodi na promi\u0161ljanje, ali i \u010disti muzi\u010dki ugo\u0111aj.<\/p>\n<p>&#8211; linkovi:<br \/>\nSpotify &#8211; <a href=\"https:\/\/open.spotify.com\/artist\/1wtcvgzD5mrEDyYV4K0wm9\">https:\/\/open.spotify.com\/artist\/1wtcvgzD5mrEDyYV4K0wm9<\/a><br \/>\nInstagram &#8211; <a href=\"https:\/\/www.instagram.com\/edomaajka.official\">https:\/\/www.instagram.com\/edomaajka.official<\/a><br \/>\nFacebook &#8211; <a href=\"https:\/\/www.facebook.com\/edomaajkaofficial\/\">https:\/\/www.facebook.com\/edomaajkaofficial\/<\/a><br \/>\nYouTube &#8211; <a href=\"https:\/\/www.youtube.com\/c\/EdoMaajkaOfficial\">https:\/\/www.youtube.com\/c\/EdoMaajkaOfficial<\/a><br \/>\nTikTok &#8211; <a href=\"https:\/\/www.tiktok.com\/@edomaajkatiktok\">https:\/\/www.tiktok.com\/@edomaajkatiktok<\/a><\/p>\n<p>LinkTree &#8211; <a href=\"https:\/\/linktr.ee\/edomaajka\">https:\/\/linktr.ee\/edomaajka<\/a><\/p>\n<p>&nbsp;<\/p>","protected":false},"excerpt":{"rendered":"<p>&nbsp; Reper, tekstopisac, producent, kreativac, o\u0161tri kriti\u010dar i komentator dru\u0161tveno-politi\u010dkih zbivanja, glazbenik je koji iza sebe ima vi\u0161e od dva desetlje\u0107a karijere, sedam studijskih albuma, vi\u0161e od 150 pjesama, i vjerojatno sve glazbene nagrade ovih prostora. Edo Maajka 2001. godine napravio je revoluciju regionalnog hip-hopa izbaciv\u0161i album \u201cSlu\u0161aj mater\u201d koji je jedan od najbolje ispri\u010danih [&hellip;]<\/p>","protected":false},"author":11,"featured_media":116085,"template":"","meta":{"_seopress_robots_primary_cat":"none","_seopress_titles_title":"","_seopress_titles_desc":"","_seopress_robots_index":""},"product_brand":[],"product_cat":[230],"product_tag":[222],"class_list":{"0":"post-116084","1":"product","2":"type-product","3":"status-publish","4":"has-post-thumbnail","6":"product_cat-arhiv","7":"product_tag-predprodaja","9":"entry","10":"has-media","12":"first","13":"instock","14":"virtual","15":"taxable","16":"product-type-simple","17":"has-product-nav","18":"col","19":"span_1_of_4","20":"owp-content-center","21":"item-entry","22":"owp-thumbs-layout-horizontal","23":"owp-btn-normal","24":"owp-tabs-layout-section","25":"has-no-thumbnails"},"publishpress_future_action":{"enabled":false,"date":"2026-05-11 04:31:59","action":"change-status","newStatus":"draft","terms":[],"taxonomy":"product_cat","extraData":[]},"publishpress_future_workflow_manual_trigger":{"enabledWorkflows":[]},"_links":{"self":[{"href":"https:\/\/www.orto-bar.com\/en\/wp-json\/wp\/v2\/product\/116084","targetHints":{"allow":["GET"]}}],"collection":[{"href":"https:\/\/www.orto-bar.com\/en\/wp-json\/wp\/v2\/product"}],"about":[{"href":"https:\/\/www.orto-bar.com\/en\/wp-json\/wp\/v2\/types\/product"}],"author":[{"embeddable":true,"href":"https:\/\/www.orto-bar.com\/en\/wp-json\/wp\/v2\/users\/11"}],"version-history":[{"count":0,"href":"https:\/\/www.orto-bar.com\/en\/wp-json\/wp\/v2\/product\/116084\/revisions"}],"wp:featuredmedia":[{"embeddable":true,"href":"https:\/\/www.orto-bar.com\/en\/wp-json\/wp\/v2\/media\/116085"}],"wp:attachment":[{"href":"https:\/\/www.orto-bar.com\/en\/wp-json\/wp\/v2\/media?parent=116084"}],"wp:term":[{"taxonomy":"product_brand","embeddable":true,"href":"https:\/\/www.orto-bar.com\/en\/wp-json\/wp\/v2\/product_brand?post=116084"},{"taxonomy":"product_cat","embeddable":true,"href":"https:\/\/www.orto-bar.com\/en\/wp-json\/wp\/v2\/product_cat?post=116084"},{"taxonomy":"product_tag","embeddable":true,"href":"https:\/\/www.orto-bar.com\/en\/wp-json\/wp\/v2\/product_tag?post=116084"}],"curies":[{"name":"wp","href":"https:\/\/api.w.org\/{rel}","templated":true}]}}