{"id":116125,"date":"2025-07-11T15:31:00","date_gmt":"2025-07-11T13:31:00","guid":{"rendered":"https:\/\/www.orto-bar.com\/?post_type=product&#038;p=116125"},"modified":"2025-09-26T18:45:10","modified_gmt":"2025-09-26T16:45:10","slug":"vatraimperij","status":"publish","type":"product","link":"https:\/\/www.orto-bar.com\/en\/dogodki\/arhiv\/vatraimperij\/","title":{"rendered":"Vatra,Imperij"},"content":{"rendered":"<p>Hrva\u0161ka skupina <strong>VATRA<\/strong>, pod vodstvom frontmana in avtorja Ivana De\u010daka, je pri na\u0161ih sosedih dosegla skoraj kultni status.<br \/>\nDo danes so izdali deset studijskih albumov in dva koncertna albuma, zadnji nosi naslov \u201c25\u201d Live in \u0160alata. Prejeli so \u0161tevilne glasbene nagrade Porin, njihove skladbe pa so dobro znane ne le hrva\u0161ki, temve\u010d tudi slovenski publiki, ki ceni kakovostno glasbo.<\/p>\n<p>Glede na to, da je Vatra skupina, ki je svojo pot in preboj ustvarila ravno na klubski sceni, so njihovi nastopi v takem ambientu prava glasbena poslastica, saj se lahko poslu\u0161alci poglobijo v melodijo in za\u010dutijo iskreno energijo benda, kar je redkost na ve\u010djih rock koncertih. Pesmi bodo predstavljene v svoji surovej\u0161i obliki \u2013 brez pretiranih zvo\u010dnih in drugih u\u010dinkov, s povdarkom na mo\u010dji besedil in melodij.<\/p>\n<p>Vatra je dosegla vse pomembne mejnike na hrva\u0161ki sceni, nastopali so v klubih vseh velikosti in ve\u010dkrat razprodali koncerte. Zdaj pa \u017eelijo svojo zgodbo nadaljevati tudi v Sloveniji, kjer \u017ee pridobivajo zvesto ob\u010dinstvo. Njihova avtenti\u010dnost in predanost glasbi jih delata edinstvene.<\/p>\n<p>Nedvomno gre za enega najpomembnej\u0161ih glasbenih imen regije.<\/p>\n<p>Vatra je \u017ee ve\u010dkrat nastopila v Ljubljani, na zadnje v preteklem letu. Edina stvar, ki je na njihovih koncertih stalnica je dejstvo, da te obiskuje vedno ve\u010dje \u0161tevilo poslu\u0161alcev.<\/p>\n<p>&nbsp;<\/p>\n<p>Glasbeni program bo popestrila tudi skupina <strong>IMPERIJ<\/strong>, ki v tem trenutku pripravlja svoj peti studijski album. Skupina Imperij je \u017ee pred izdajo svojega zadnjega albuma mo\u010dno spremenila svoj glasben izraz s tem pa tudi njihov u\u010dinek na slovensko glasbeno sceno. To dokazuje tudi \u0161tevilo priznanih glasbenikov, ki so \u017eeleli s svojim prispevkom sodelovati s skupino. Na zadnjem albumu lahko tako najdemo glasbene za\u010dimbe in interpretacije glasbenikov kot so npr. Borut Marolt (Niet), Tinkara Kova\u010d, Neisha, Nikola Sekulovi\u0107 (Dan D), Nejc Lombardo, Ognjen Zelji\u0107 (Bogunov), Iztok Turk, itd.<\/p>\n<p>Na koncertu bodo v \u017eivo poleg svojega jeklenega programa predstavili tudi tri skladbe, ki so \u017ee posnete in bodo iz\u0161le na prihodnjem albumu.<\/p>\n<p>&nbsp;<\/p>\n<p>Vabljeni!<\/p>\n<p>&nbsp;<\/p>\n<p>&nbsp;<\/p>\n<p>&nbsp;<\/p>","protected":false},"excerpt":{"rendered":"<p>Hrva\u0161ka skupina VATRA, pod vodstvom frontmana in avtorja Ivana De\u010daka, je pri na\u0161ih sosedih dosegla skoraj kultni status. Do danes so izdali deset studijskih albumov in dva koncertna albuma, zadnji nosi naslov \u201c25\u201d Live in \u0160alata. Prejeli so \u0161tevilne glasbene nagrade Porin, njihove skladbe pa so dobro znane ne le hrva\u0161ki, temve\u010d tudi slovenski publiki, [&hellip;]<\/p>","protected":false},"author":11,"featured_media":116957,"template":"","meta":{"_seopress_robots_primary_cat":"none","_seopress_titles_title":"","_seopress_titles_desc":"","_seopress_robots_index":""},"product_brand":[],"product_cat":[230],"product_tag":[222],"class_list":{"0":"post-116125","1":"product","2":"type-product","3":"status-publish","4":"has-post-thumbnail","6":"product_cat-arhiv","7":"product_tag-predprodaja","9":"entry","10":"has-media","12":"first","13":"instock","14":"virtual","15":"taxable","16":"product-type-simple","17":"has-product-nav","18":"col","19":"span_1_of_4","20":"owp-content-center","21":"item-entry","22":"owp-thumbs-layout-horizontal","23":"owp-btn-normal","24":"owp-tabs-layout-section","25":"has-no-thumbnails"},"publishpress_future_action":{"enabled":false,"date":"2026-04-30 13:25:39","action":"change-status","newStatus":"draft","terms":[],"taxonomy":"product_cat","extraData":[]},"publishpress_future_workflow_manual_trigger":{"enabledWorkflows":[]},"_links":{"self":[{"href":"https:\/\/www.orto-bar.com\/en\/wp-json\/wp\/v2\/product\/116125","targetHints":{"allow":["GET"]}}],"collection":[{"href":"https:\/\/www.orto-bar.com\/en\/wp-json\/wp\/v2\/product"}],"about":[{"href":"https:\/\/www.orto-bar.com\/en\/wp-json\/wp\/v2\/types\/product"}],"author":[{"embeddable":true,"href":"https:\/\/www.orto-bar.com\/en\/wp-json\/wp\/v2\/users\/11"}],"version-history":[{"count":0,"href":"https:\/\/www.orto-bar.com\/en\/wp-json\/wp\/v2\/product\/116125\/revisions"}],"wp:featuredmedia":[{"embeddable":true,"href":"https:\/\/www.orto-bar.com\/en\/wp-json\/wp\/v2\/media\/116957"}],"wp:attachment":[{"href":"https:\/\/www.orto-bar.com\/en\/wp-json\/wp\/v2\/media?parent=116125"}],"wp:term":[{"taxonomy":"product_brand","embeddable":true,"href":"https:\/\/www.orto-bar.com\/en\/wp-json\/wp\/v2\/product_brand?post=116125"},{"taxonomy":"product_cat","embeddable":true,"href":"https:\/\/www.orto-bar.com\/en\/wp-json\/wp\/v2\/product_cat?post=116125"},{"taxonomy":"product_tag","embeddable":true,"href":"https:\/\/www.orto-bar.com\/en\/wp-json\/wp\/v2\/product_tag?post=116125"}],"curies":[{"name":"wp","href":"https:\/\/api.w.org\/{rel}","templated":true}]}}