{"id":116212,"date":"2025-07-23T13:40:48","date_gmt":"2025-07-23T11:40:48","guid":{"rendered":"https:\/\/www.orto-bar.com\/?post_type=product&#038;p=116212"},"modified":"2025-09-12T00:16:55","modified_gmt":"2025-09-11T22:16:55","slug":"sestimimi-margot","status":"publish","type":"product","link":"https:\/\/www.orto-bar.com\/en\/dogodki\/arhiv\/sestimimi-margot\/","title":{"rendered":"\u0160esti,Mimi Margot"},"content":{"rendered":"<p>&nbsp;<\/p>\n<p>\u0160esti je skupina, ki je v svoji notranji razli\u010dnosti in posebnosti ostala zvesto zvesta ustvarjanju glasbe. Z \u017earom u\u017eivajo v svojih pesmih in \u017eelijo graditi na prihodnosti, novi realnosti, razli\u010dnosti in sprejemanju ter ustvarjanju le-te. \u0160esti \u2013 ker ni nujno, da si prvi, da si najbolj\u0161i. Dovolj je, da si iskren in glasen.<\/p>\n<p>Mimi Margot ustvarjajo svojo unikatno glasbeno zgodbo od leta 2021. Sestavlja jih uigrana peterica: Jure Salobir (vokal, ritem kitara), Katarina Salobir (klaviature, spremljevalni vokal), Peter Horvat (kitara), Toma\u017e Lukman (bas) in Gregor Seme (bobni). Posve\u010dajo se ustvarjanju avtorske slovenske rock glasbe, v kateri se prepletajo energi\u010dni ritmi, \u010dutne melodije in besedila, ki segajo do srca. Na odru navdu\u0161ujejo z avtenti\u010dnim zvokom, ki \u010drpa navdih iz klasi\u010dnega rocka, a hkrati i\u0161\u010de sve\u017ee izraze v \u0161iroki glasbeni pokrajini.<\/p>","protected":false},"excerpt":{"rendered":"<p>&nbsp; \u0160esti je skupina, ki je v svoji notranji razli\u010dnosti in posebnosti ostala zvesto zvesta ustvarjanju glasbe. Z \u017earom u\u017eivajo v svojih pesmih in \u017eelijo graditi na prihodnosti, novi realnosti, razli\u010dnosti in sprejemanju ter ustvarjanju le-te. \u0160esti \u2013 ker ni nujno, da si prvi, da si najbolj\u0161i. Dovolj je, da si iskren in glasen. Mimi [&hellip;]<\/p>","protected":false},"author":11,"featured_media":116250,"template":"","meta":{"_seopress_robots_primary_cat":"none","_seopress_titles_title":"","_seopress_titles_desc":"","_seopress_robots_index":""},"product_brand":[],"product_cat":[230],"product_tag":[222],"class_list":{"0":"post-116212","1":"product","2":"type-product","3":"status-publish","4":"has-post-thumbnail","6":"product_cat-arhiv","7":"product_tag-predprodaja","9":"entry","10":"has-media","12":"first","13":"instock","14":"virtual","15":"taxable","16":"product-type-simple","17":"has-product-nav","18":"col","19":"span_1_of_4","20":"owp-content-center","21":"item-entry","22":"owp-thumbs-layout-horizontal","23":"owp-btn-normal","24":"owp-tabs-layout-section","25":"has-no-thumbnails"},"publishpress_future_action":{"enabled":false,"date":"2026-04-27 10:06:57","action":"change-status","newStatus":"draft","terms":[],"taxonomy":"product_cat","extraData":[]},"publishpress_future_workflow_manual_trigger":{"enabledWorkflows":[]},"_links":{"self":[{"href":"https:\/\/www.orto-bar.com\/en\/wp-json\/wp\/v2\/product\/116212","targetHints":{"allow":["GET"]}}],"collection":[{"href":"https:\/\/www.orto-bar.com\/en\/wp-json\/wp\/v2\/product"}],"about":[{"href":"https:\/\/www.orto-bar.com\/en\/wp-json\/wp\/v2\/types\/product"}],"author":[{"embeddable":true,"href":"https:\/\/www.orto-bar.com\/en\/wp-json\/wp\/v2\/users\/11"}],"version-history":[{"count":0,"href":"https:\/\/www.orto-bar.com\/en\/wp-json\/wp\/v2\/product\/116212\/revisions"}],"wp:featuredmedia":[{"embeddable":true,"href":"https:\/\/www.orto-bar.com\/en\/wp-json\/wp\/v2\/media\/116250"}],"wp:attachment":[{"href":"https:\/\/www.orto-bar.com\/en\/wp-json\/wp\/v2\/media?parent=116212"}],"wp:term":[{"taxonomy":"product_brand","embeddable":true,"href":"https:\/\/www.orto-bar.com\/en\/wp-json\/wp\/v2\/product_brand?post=116212"},{"taxonomy":"product_cat","embeddable":true,"href":"https:\/\/www.orto-bar.com\/en\/wp-json\/wp\/v2\/product_cat?post=116212"},{"taxonomy":"product_tag","embeddable":true,"href":"https:\/\/www.orto-bar.com\/en\/wp-json\/wp\/v2\/product_tag?post=116212"}],"curies":[{"name":"wp","href":"https:\/\/api.w.org\/{rel}","templated":true}]}}