{"id":116217,"date":"2025-07-24T13:22:50","date_gmt":"2025-07-24T11:22:50","guid":{"rendered":"https:\/\/www.orto-bar.com\/?post_type=product&#038;p=116217"},"modified":"2026-01-22T16:01:35","modified_gmt":"2026-01-22T15:01:35","slug":"c4","status":"publish","type":"product","link":"https:\/\/www.orto-bar.com\/en\/dogodki\/arhiv\/c4\/","title":{"rendered":"C4"},"content":{"rendered":"<p>&nbsp;<\/p>\n<p>C4 &#8211; Rock&#8217;n&#8217;Roll Explosion<\/p>\n<p>En ve\u010der. Ena eksplozija<\/p>\n<p>Po letih legendarnih \u010detrtkov v Orto baru se C4 vra\u010da-a samo za ENKRAT!<\/p>\n<p>&nbsp;<\/p>\n<p>Zasedba vrhunskih glasbenikov, ki so skupaj pisali zgodovino rock ve\u010derov:<\/p>\n<p>Matic Ajdi\u010d<\/p>\n<p>Bo\u0161tjan Vajs<\/p>\n<p>Sergej Pobegajlo<\/p>\n<p>Billy<\/p>\n<p>&nbsp;<\/p>\n<p>Pripravite se na ve\u010der brezkompromisnega\u00a0rock&#8217;n&#8217;rolla-najve\u010dji hiti 70-ih in 80-ih v \u017divo!<\/p>\n<p>Ekskluzivni koncert, ki ga ne bomo ponovili.<\/p>\n<p>Samo en termin, samo ena prilo\u017enost.<\/p>\n<p>\u0106e si bil takrat z nami, ve\u0161, da bo pokalo.<\/p>\n<p>\u010ce nisi bil-zdaj je tvoj \u010das.<\/p>\n<p>&nbsp;<\/p>\n<p>&nbsp;<\/p>\n<p>&nbsp;<\/p>","protected":false},"excerpt":{"rendered":"<p>&nbsp; C4 &#8211; Rock&#8217;n&#8217;Roll Explosion En ve\u010der. Ena eksplozija Po letih legendarnih \u010detrtkov v Orto baru se C4 vra\u010da-a samo za ENKRAT! &nbsp; Zasedba vrhunskih glasbenikov, ki so skupaj pisali zgodovino rock ve\u010derov: Matic Ajdi\u010d Bo\u0161tjan Vajs Sergej Pobegajlo Billy &nbsp; Pripravite se na ve\u010der brezkompromisnega\u00a0rock&#8217;n&#8217;rolla-najve\u010dji hiti 70-ih in 80-ih v \u017divo! Ekskluzivni koncert, ki [&hellip;]<\/p>","protected":false},"author":11,"featured_media":116219,"template":"","meta":{"_seopress_robots_primary_cat":"none","_seopress_titles_title":"","_seopress_titles_desc":"","_seopress_robots_index":""},"product_brand":[],"product_cat":[230],"product_tag":[222],"class_list":{"0":"post-116217","1":"product","2":"type-product","3":"status-publish","4":"has-post-thumbnail","6":"product_cat-arhiv","7":"product_tag-predprodaja","9":"entry","10":"has-media","12":"first","13":"instock","14":"virtual","15":"taxable","16":"product-type-simple","17":"has-product-nav","18":"col","19":"span_1_of_4","20":"owp-content-center","21":"item-entry","22":"owp-thumbs-layout-horizontal","23":"owp-btn-normal","24":"owp-tabs-layout-section","25":"has-no-thumbnails"},"publishpress_future_action":{"enabled":false,"date":"2026-05-11 10:54:40","action":"change-status","newStatus":"draft","terms":[],"taxonomy":"product_cat","extraData":[]},"publishpress_future_workflow_manual_trigger":{"enabledWorkflows":[]},"_links":{"self":[{"href":"https:\/\/www.orto-bar.com\/en\/wp-json\/wp\/v2\/product\/116217","targetHints":{"allow":["GET"]}}],"collection":[{"href":"https:\/\/www.orto-bar.com\/en\/wp-json\/wp\/v2\/product"}],"about":[{"href":"https:\/\/www.orto-bar.com\/en\/wp-json\/wp\/v2\/types\/product"}],"author":[{"embeddable":true,"href":"https:\/\/www.orto-bar.com\/en\/wp-json\/wp\/v2\/users\/11"}],"version-history":[{"count":0,"href":"https:\/\/www.orto-bar.com\/en\/wp-json\/wp\/v2\/product\/116217\/revisions"}],"wp:featuredmedia":[{"embeddable":true,"href":"https:\/\/www.orto-bar.com\/en\/wp-json\/wp\/v2\/media\/116219"}],"wp:attachment":[{"href":"https:\/\/www.orto-bar.com\/en\/wp-json\/wp\/v2\/media?parent=116217"}],"wp:term":[{"taxonomy":"product_brand","embeddable":true,"href":"https:\/\/www.orto-bar.com\/en\/wp-json\/wp\/v2\/product_brand?post=116217"},{"taxonomy":"product_cat","embeddable":true,"href":"https:\/\/www.orto-bar.com\/en\/wp-json\/wp\/v2\/product_cat?post=116217"},{"taxonomy":"product_tag","embeddable":true,"href":"https:\/\/www.orto-bar.com\/en\/wp-json\/wp\/v2\/product_tag?post=116217"}],"curies":[{"name":"wp","href":"https:\/\/api.w.org\/{rel}","templated":true}]}}