{"id":116332,"date":"2025-08-06T22:06:55","date_gmt":"2025-08-06T20:06:55","guid":{"rendered":"https:\/\/www.orto-bar.com\/?post_type=product&#038;p=116332"},"modified":"2026-05-06T04:29:07","modified_gmt":"2026-05-06T02:29:07","slug":"mode-machine-depeche-mode-tribute-band-2","status":"publish","type":"product","link":"https:\/\/www.orto-bar.com\/en\/dogodki\/arhiv\/mode-machine-depeche-mode-tribute-band-2\/","title":{"rendered":"MODE MACHINE &#8211; Depeche Mode Tribute Band"},"content":{"rendered":"<p>&nbsp;<\/p>\n<p><strong>MODE MACHINE\/ Depeche Mode Tribute Band so eni najbolj\u0161ih Depeche Mode tribute bandov v Evropi. Pri\u010darali vam bodo nepozabno Depeche Mode do\u017eivetje.\u00a0<\/strong><\/p>\n<p><strong>Mode Machine\u00a0 so profesionalni glasbeniki :\u00a0<\/strong><\/p>\n<p><strong>Nigro Salvatore : synth , sequences<\/strong><\/p>\n<p><strong>Doglio Marcello: glavni vokal<\/strong><\/p>\n<p><strong>Quaranta Matteo: bobni<\/strong><\/p>\n<p><strong>Pavia Simone : kitare in spremljevalni vokal<\/strong><\/p>\n<p>&nbsp;<\/p>\n<p>&nbsp;<\/p>\n<p>&nbsp;<\/p>\n<p><strong><u>MODE MACHINE EUROPEAN DEPECHE MODE TRIBUTE BAND<\/u><\/strong><\/p>\n<p><strong><u>\u00a0<\/u><\/strong><\/p>\n<p>The Mode Machine European Depeche Mode tribute band, was born in 2018 from the idea and many years of experience as a musician of Salvatore Nigro (synth and keyboards) together with <strong>Marcello Doglio, <\/strong>\u00a0one of the most important Italian frontmen for passion, charisma and careful knowledge of Depeche Mode.<\/p>\n<p><strong>Simone Pavia, <\/strong>\u00a0guitar and voice in the Mode Machine project, technically prepared professional and thanks to his singing skills he becomes part of the project assuming a fundamental role in being able to present the songs performed by the voice Martin in the best possible way.<\/p>\n<p>On drums <strong>Matteo Quaranta,<\/strong> the engine of the band who knows how to give the right energy and style with careful study of the techniques used by Christian Eigner, drummer always present in all Depeche Mode&#8217;s world tours.<\/p>\n<p>Musicians from the provinces of Milan, Varese and Bergamo have chosen to embark on a path that is not easy outside the Italian borders for a professional growth of the band useful to bring their project to higher and higher levels by confronting realities other than the territorial ones.<\/p>\n<p>Germany, Switzerland, Austria, Czech Republic, Slovenia, Slovakia, Romania, Belgium are the countries visited in important clubs and festivals, a path that they continue to take in parallel with the Italian one.<\/p>\n<p>These are Mode Machine, gears of music, passion and careful reproduction of sounds to give you with great respect for the original band the quintessence of Depeche Mode.<\/p>\n<p>Nigro Salvatore : synth , sequences<\/p>\n<p>Doglio Marcello: lead vocals<\/p>\n<p>Quaranta Matteo: drums<\/p>\n<p>Pavia Simone : guitars , backing vocals<\/p>\n<p><em>\u00a0<\/em><\/p>","protected":false},"excerpt":{"rendered":"<p>&nbsp; MODE MACHINE\/ Depeche Mode Tribute Band so eni najbolj\u0161ih Depeche Mode tribute bandov v Evropi. Pri\u010darali vam bodo nepozabno Depeche Mode do\u017eivetje.\u00a0 Mode Machine\u00a0 so profesionalni glasbeniki :\u00a0 Nigro Salvatore : synth , sequences Doglio Marcello: glavni vokal Quaranta Matteo: bobni Pavia Simone : kitare in spremljevalni vokal &nbsp; &nbsp; &nbsp; MODE MACHINE EUROPEAN [&hellip;]<\/p>","protected":false},"author":11,"featured_media":116333,"template":"","meta":{"_seopress_robots_primary_cat":"none","_seopress_titles_title":"","_seopress_titles_desc":"","_seopress_robots_index":""},"product_brand":[],"product_cat":[230],"product_tag":[222],"class_list":{"0":"post-116332","1":"product","2":"type-product","3":"status-publish","4":"has-post-thumbnail","6":"product_cat-arhiv","7":"product_tag-predprodaja","9":"entry","10":"has-media","12":"first","13":"instock","14":"virtual","15":"taxable","16":"product-type-simple","17":"has-product-nav","18":"col","19":"span_1_of_4","20":"owp-content-center","21":"item-entry","22":"owp-thumbs-layout-horizontal","23":"owp-btn-normal","24":"owp-tabs-layout-section","25":"has-no-thumbnails"},"publishpress_future_action":{"enabled":false,"date":"2026-05-13 10:45:30","action":"change-status","newStatus":"draft","terms":[],"taxonomy":"product_cat","extraData":[]},"publishpress_future_workflow_manual_trigger":{"enabledWorkflows":[]},"_links":{"self":[{"href":"https:\/\/www.orto-bar.com\/en\/wp-json\/wp\/v2\/product\/116332","targetHints":{"allow":["GET"]}}],"collection":[{"href":"https:\/\/www.orto-bar.com\/en\/wp-json\/wp\/v2\/product"}],"about":[{"href":"https:\/\/www.orto-bar.com\/en\/wp-json\/wp\/v2\/types\/product"}],"author":[{"embeddable":true,"href":"https:\/\/www.orto-bar.com\/en\/wp-json\/wp\/v2\/users\/11"}],"version-history":[{"count":0,"href":"https:\/\/www.orto-bar.com\/en\/wp-json\/wp\/v2\/product\/116332\/revisions"}],"wp:featuredmedia":[{"embeddable":true,"href":"https:\/\/www.orto-bar.com\/en\/wp-json\/wp\/v2\/media\/116333"}],"wp:attachment":[{"href":"https:\/\/www.orto-bar.com\/en\/wp-json\/wp\/v2\/media?parent=116332"}],"wp:term":[{"taxonomy":"product_brand","embeddable":true,"href":"https:\/\/www.orto-bar.com\/en\/wp-json\/wp\/v2\/product_brand?post=116332"},{"taxonomy":"product_cat","embeddable":true,"href":"https:\/\/www.orto-bar.com\/en\/wp-json\/wp\/v2\/product_cat?post=116332"},{"taxonomy":"product_tag","embeddable":true,"href":"https:\/\/www.orto-bar.com\/en\/wp-json\/wp\/v2\/product_tag?post=116332"}],"curies":[{"name":"wp","href":"https:\/\/api.w.org\/{rel}","templated":true}]}}