{"id":116655,"date":"2025-08-29T18:47:14","date_gmt":"2025-08-29T16:47:14","guid":{"rendered":"https:\/\/www.orto-bar.com\/?post_type=product&#038;p=116655"},"modified":"2025-10-05T16:38:41","modified_gmt":"2025-10-05T14:38:41","slug":"shred-the-stage-mega-kitarsko-tekmovanje-2025","status":"publish","type":"product","link":"https:\/\/www.orto-bar.com\/en\/dogodki\/arhiv\/shred-the-stage-mega-kitarsko-tekmovanje-2025\/","title":{"rendered":"SHRED THE STAGE \u2013 MEGA kitarsko tekmovanje 2025"},"content":{"rendered":"<p>&nbsp;<\/p>\n<p>SHRED THE STAGE \u2013 MEGA kitarsko tekmovanje 2025<\/p>\n<p>Kdaj: 26. 11. 2025 ob 18:00<br \/>\nKje: Orto Bar, Ljubljana<br \/>\nVstop prost!<\/p>\n<p>Si pripravljen\/a pokazati svoje shred sposobnosti pred publiko in \u017eirijo? Pridru\u017ei se edinstvenemu kitarskemu tekmovanju, ki zdru\u017euje najbolj\u0161e slovenske in regionalne kitariste!<\/p>\n<p>Prijavi se do 26. 10. 2025 preko Google Forms, nalo\u017ei svoj solo video (backingtrack, improvizacija ali lastna kompozicija) in se poteguj za finale v Orto Baru!<\/p>\n<p>NAGRADE ki jih lahko osvoji\u0161 v Orto Baru<br \/>\nSpira elektri\u010dne kitare, Jet elektri\u010dne kitare, Nux Mighty 60mkII oja\u010devalec&#8230;<\/p>\n<p>\u017dIRANTI: 3 profesionalni kitaristi Primo\u017e Gra\u0161i\u010d, Toma\u017e Zupan\u010di\u010d &#8211; Mrfy, Damir Puh (iz Makedonije)<\/p>\n<p>Prijavi se zdaj\u00a0 [<a href=\"https:\/\/forms.gle\/rFd27yuhiRVwgLnZ8\">https:\/\/forms.gle\/rFd27yuhiRVwgLnZ8<\/a>]<\/p>\n<p>Sledi nam za ve\u010d: @musicmax.si<\/p>","protected":false},"excerpt":{"rendered":"<p>&nbsp; SHRED THE STAGE \u2013 MEGA kitarsko tekmovanje 2025 Kdaj: 26. 11. 2025 ob 18:00 Kje: Orto Bar, Ljubljana Vstop prost! Si pripravljen\/a pokazati svoje shred sposobnosti pred publiko in \u017eirijo? Pridru\u017ei se edinstvenemu kitarskemu tekmovanju, ki zdru\u017euje najbolj\u0161e slovenske in regionalne kitariste! Prijavi se do 26. 10. 2025 preko Google Forms, nalo\u017ei svoj solo [&hellip;]<\/p>","protected":false},"author":11,"featured_media":116656,"template":"","meta":{"_seopress_robots_primary_cat":"none","_seopress_titles_title":"","_seopress_titles_desc":"","_seopress_robots_index":""},"product_brand":[],"product_cat":[230],"product_tag":[222],"class_list":{"0":"post-116655","1":"product","2":"type-product","3":"status-publish","4":"has-post-thumbnail","6":"product_cat-arhiv","7":"product_tag-predprodaja","9":"entry","10":"has-media","12":"first","13":"instock","14":"virtual","15":"taxable","16":"product-type-simple","17":"has-product-nav","18":"col","19":"span_1_of_4","20":"owp-content-center","21":"item-entry","22":"owp-thumbs-layout-horizontal","23":"owp-btn-normal","24":"owp-tabs-layout-section","25":"has-no-thumbnails"},"publishpress_future_action":{"enabled":false,"date":"2026-05-11 06:31:42","action":"change-status","newStatus":"draft","terms":[],"taxonomy":"product_cat","extraData":[]},"publishpress_future_workflow_manual_trigger":{"enabledWorkflows":[]},"_links":{"self":[{"href":"https:\/\/www.orto-bar.com\/en\/wp-json\/wp\/v2\/product\/116655","targetHints":{"allow":["GET"]}}],"collection":[{"href":"https:\/\/www.orto-bar.com\/en\/wp-json\/wp\/v2\/product"}],"about":[{"href":"https:\/\/www.orto-bar.com\/en\/wp-json\/wp\/v2\/types\/product"}],"author":[{"embeddable":true,"href":"https:\/\/www.orto-bar.com\/en\/wp-json\/wp\/v2\/users\/11"}],"version-history":[{"count":0,"href":"https:\/\/www.orto-bar.com\/en\/wp-json\/wp\/v2\/product\/116655\/revisions"}],"wp:featuredmedia":[{"embeddable":true,"href":"https:\/\/www.orto-bar.com\/en\/wp-json\/wp\/v2\/media\/116656"}],"wp:attachment":[{"href":"https:\/\/www.orto-bar.com\/en\/wp-json\/wp\/v2\/media?parent=116655"}],"wp:term":[{"taxonomy":"product_brand","embeddable":true,"href":"https:\/\/www.orto-bar.com\/en\/wp-json\/wp\/v2\/product_brand?post=116655"},{"taxonomy":"product_cat","embeddable":true,"href":"https:\/\/www.orto-bar.com\/en\/wp-json\/wp\/v2\/product_cat?post=116655"},{"taxonomy":"product_tag","embeddable":true,"href":"https:\/\/www.orto-bar.com\/en\/wp-json\/wp\/v2\/product_tag?post=116655"}],"curies":[{"name":"wp","href":"https:\/\/api.w.org\/{rel}","templated":true}]}}