{"id":117225,"date":"2025-09-10T16:52:17","date_gmt":"2025-09-10T14:52:17","guid":{"rendered":"https:\/\/www.orto-bar.com\/?post_type=product&#038;p=117225"},"modified":"2025-11-29T19:52:16","modified_gmt":"2025-11-29T18:52:16","slug":"sausages-z-gosti","status":"publish","type":"product","link":"https:\/\/www.orto-bar.com\/en\/dogodki\/arhiv\/sausages-z-gosti\/","title":{"rendered":"Sausages z Gosti"},"content":{"rendered":"<p>&nbsp;<\/p>\n<p>Datum: 29.11.25<\/p>\n<p>Ura: 19.00<\/p>\n<p>Cene vstopnic:<\/p>\n<p>&#8211;\u00a0 Early bird\u00a0\u00a0\u00a0 od 10.9. 25 do 31.10.25\u00a0 15,00 \u20ac<\/p>\n<p>&#8211;\u00a0 od 1.11.25 do 28.11.25\u00a0\u00a0 18,00 \u20ac<\/p>\n<p>&#8211;\u00a0 dan koncerta\u00a0 20,00 \u20ac<\/p>\n<p>&nbsp;<\/p>\n<p>Zasedba Sausages, ki zadnja leta bolj redko nastopa, letos praznuje 33 let delovanja. Prilo\u017enost za dobro zabavo in obujanje rock &#8216;n&#8217; roll spominov.<\/p>\n<p>&nbsp;<\/p>\n<p>Za ogrevanje bodo poskrbeli posebni gostje Lilith &amp; the Noise Boys, nova atraktivna zasedba, sestavljena iz \u010dlanov skupin Clockwork Psycho, 8Bomb in Metropolis. Avtorska glasba je me\u0161anica glasbenih zvrsti rockabilly, psychobilly, punk in hard rock, najla\u017eje bi jih lahko definirali kot energi\u010dni gara\u017eni rock. Vsekakor vredno posluha. Skupino sestavljajo:<\/p>\n<p>Lilith Clockwork<\/p>\n<p>Jure Lenar\u010di\u010d \u2013 kitara &amp; vokal<\/p>\n<p>An\u017ee Breskvar \u2013 bobni<\/p>\n<p>Choo Lee \u2013 kitara &amp; bad vokal<\/p>\n<p>&nbsp;<\/p>","protected":false},"excerpt":{"rendered":"<p>&nbsp; Datum: 29.11.25 Ura: 19.00 Cene vstopnic: &#8211;\u00a0 Early bird\u00a0\u00a0\u00a0 od 10.9. 25 do 31.10.25\u00a0 15,00 \u20ac &#8211;\u00a0 od 1.11.25 do 28.11.25\u00a0\u00a0 18,00 \u20ac &#8211;\u00a0 dan koncerta\u00a0 20,00 \u20ac &nbsp; Zasedba Sausages, ki zadnja leta bolj redko nastopa, letos praznuje 33 let delovanja. Prilo\u017enost za dobro zabavo in obujanje rock &#8216;n&#8217; roll spominov. &nbsp; Za [&hellip;]<\/p>","protected":false},"author":11,"featured_media":119997,"template":"","meta":{"_seopress_robots_primary_cat":"none","_seopress_titles_title":"","_seopress_titles_desc":"","_seopress_robots_index":""},"product_brand":[],"product_cat":[230],"product_tag":[222],"class_list":{"0":"post-117225","1":"product","2":"type-product","3":"status-publish","4":"has-post-thumbnail","6":"product_cat-arhiv","7":"product_tag-predprodaja","9":"entry","10":"has-media","12":"first","13":"instock","14":"virtual","15":"taxable","16":"product-type-simple","17":"has-product-nav","18":"col","19":"span_1_of_4","20":"owp-content-center","21":"item-entry","22":"owp-thumbs-layout-horizontal","23":"owp-btn-normal","24":"owp-tabs-layout-section","25":"has-no-thumbnails"},"publishpress_future_action":{"enabled":false,"date":"2026-05-11 07:32:40","action":"change-status","newStatus":"draft","terms":[],"taxonomy":"product_cat","extraData":[]},"publishpress_future_workflow_manual_trigger":{"enabledWorkflows":[]},"_links":{"self":[{"href":"https:\/\/www.orto-bar.com\/en\/wp-json\/wp\/v2\/product\/117225","targetHints":{"allow":["GET"]}}],"collection":[{"href":"https:\/\/www.orto-bar.com\/en\/wp-json\/wp\/v2\/product"}],"about":[{"href":"https:\/\/www.orto-bar.com\/en\/wp-json\/wp\/v2\/types\/product"}],"author":[{"embeddable":true,"href":"https:\/\/www.orto-bar.com\/en\/wp-json\/wp\/v2\/users\/11"}],"version-history":[{"count":0,"href":"https:\/\/www.orto-bar.com\/en\/wp-json\/wp\/v2\/product\/117225\/revisions"}],"wp:featuredmedia":[{"embeddable":true,"href":"https:\/\/www.orto-bar.com\/en\/wp-json\/wp\/v2\/media\/119997"}],"wp:attachment":[{"href":"https:\/\/www.orto-bar.com\/en\/wp-json\/wp\/v2\/media?parent=117225"}],"wp:term":[{"taxonomy":"product_brand","embeddable":true,"href":"https:\/\/www.orto-bar.com\/en\/wp-json\/wp\/v2\/product_brand?post=117225"},{"taxonomy":"product_cat","embeddable":true,"href":"https:\/\/www.orto-bar.com\/en\/wp-json\/wp\/v2\/product_cat?post=117225"},{"taxonomy":"product_tag","embeddable":true,"href":"https:\/\/www.orto-bar.com\/en\/wp-json\/wp\/v2\/product_tag?post=117225"}],"curies":[{"name":"wp","href":"https:\/\/api.w.org\/{rel}","templated":true}]}}