{"id":117233,"date":"2025-09-10T17:50:15","date_gmt":"2025-09-10T15:50:15","guid":{"rendered":"https:\/\/www.orto-bar.com\/?post_type=product&#038;p=117233"},"modified":"2025-11-06T19:51:42","modified_gmt":"2025-11-06T18:51:42","slug":"funk-shui-live-in-ljubljana","status":"publish","type":"product","link":"https:\/\/www.orto-bar.com\/en\/dogodki\/arhiv\/funk-shui-live-in-ljubljana\/","title":{"rendered":"Funk Shui live in Ljubljana"},"content":{"rendered":"<p>&nbsp;<\/p>\n<p>&nbsp;<\/p>\n<p><strong><em>&#8220;Naj se dober glas o Makedoncih Funk Shui raz\u0161iri dale\u010d \u010dez ameri\u0161ko pop deponijo<\/em><\/strong><\/p>\n<p>&nbsp;<\/p>\n<p><em>Funk Shui so makedonski, recimo, eksperimentalni Red Hot Chilli Peppers, ki delujejo \u017ee celo desetletje. Po dveh albumih (Ether, 2012 in R.E.M., 2015) se najbr\u017e kmalu obeta njihova tretja dolgometra\u017enost.&#8221; &#8211;\u00a0 Matja\u017e Ambro\u017ei\u010d, 2020<\/em><\/p>\n<p>&nbsp;<\/p>\n<p>FUNK SHUI is an eclectic collective based in North Macedonia, driven by an insatiable curiosity to explore new avenues of musical expression. Since their debut album \u201cAether\u201d in 2012, followed by \u201cR.E.M.\u201d in 2015 and the EP \u201cImpuls\u201d in 2018, FUNK SHUI has been steadily evolving, refining their vision and sound. The band\u2019s output defies easy categorization, but is best understood as an immersive experience that encompasses a range of emotions, styles, and influences.<\/p>\n<p>&nbsp;<\/p>\n<p>Website:\u00a0<a href=\"https:\/\/funkshui.mk\/epk\/\">https:\/\/funkshui.mk\/epk\/<\/a><\/p>\n<p>&nbsp;<\/p>\n<p>Instagram:\u00a0<a href=\"https:\/\/www.instagram.com\/funkshui_\/\">https:\/\/www.instagram.com\/funkshui_\/<\/a><\/p>\n<p>&nbsp;<\/p>\n<p>Spotify:\u00a0<a href=\"https:\/\/open.spotify.com\/artist\/728GwHEF4RySqLnbRgxzww\">https:\/\/open.spotify.com\/artist\/728GwHEF4RySqLnbRgxzww<\/a><\/p>\n<p>&nbsp;<\/p>\n<p>YouTube:\u00a0<a href=\"http:\/\/youtube.com\/user\/22RecordsStudio?cbrd=1\">youtube.com\/user\/22RecordsStudio?cbrd=1<\/a><\/p>\n<p><strong>Vstopnice :\u00a0<\/strong><\/p>\n<ol>\n<li><strong>Early bird \u2013 vstopnice po ceni 15\u20ac<\/strong><\/li>\n<li><strong>Predprodajna cena -18\u20ac<\/strong><\/li>\n<li><strong>cena na dan koncerta 20\u20ac<\/strong><\/li>\n<\/ol>","protected":false},"excerpt":{"rendered":"<p>&nbsp; &nbsp; &#8220;Naj se dober glas o Makedoncih Funk Shui raz\u0161iri dale\u010d \u010dez ameri\u0161ko pop deponijo &nbsp; Funk Shui so makedonski, recimo, eksperimentalni Red Hot Chilli Peppers, ki delujejo \u017ee celo desetletje. Po dveh albumih (Ether, 2012 in R.E.M., 2015) se najbr\u017e kmalu obeta njihova tretja dolgometra\u017enost.&#8221; &#8211;\u00a0 Matja\u017e Ambro\u017ei\u010d, 2020 &nbsp; FUNK SHUI is [&hellip;]<\/p>","protected":false},"author":11,"featured_media":117234,"template":"","meta":{"_seopress_robots_primary_cat":"none","_seopress_titles_title":"","_seopress_titles_desc":"","_seopress_robots_index":""},"product_brand":[],"product_cat":[230],"product_tag":[222],"class_list":{"0":"post-117233","1":"product","2":"type-product","3":"status-publish","4":"has-post-thumbnail","6":"product_cat-arhiv","7":"product_tag-predprodaja","9":"entry","10":"has-media","12":"first","13":"instock","14":"virtual","15":"taxable","16":"product-type-simple","17":"has-product-nav","18":"col","19":"span_1_of_4","20":"owp-content-center","21":"item-entry","22":"owp-thumbs-layout-horizontal","23":"owp-btn-normal","24":"owp-tabs-layout-section","25":"has-no-thumbnails"},"publishpress_future_action":{"enabled":false,"date":"2026-05-11 05:40:12","action":"change-status","newStatus":"draft","terms":[],"taxonomy":"product_cat","extraData":[]},"publishpress_future_workflow_manual_trigger":{"enabledWorkflows":[]},"_links":{"self":[{"href":"https:\/\/www.orto-bar.com\/en\/wp-json\/wp\/v2\/product\/117233","targetHints":{"allow":["GET"]}}],"collection":[{"href":"https:\/\/www.orto-bar.com\/en\/wp-json\/wp\/v2\/product"}],"about":[{"href":"https:\/\/www.orto-bar.com\/en\/wp-json\/wp\/v2\/types\/product"}],"author":[{"embeddable":true,"href":"https:\/\/www.orto-bar.com\/en\/wp-json\/wp\/v2\/users\/11"}],"version-history":[{"count":0,"href":"https:\/\/www.orto-bar.com\/en\/wp-json\/wp\/v2\/product\/117233\/revisions"}],"wp:featuredmedia":[{"embeddable":true,"href":"https:\/\/www.orto-bar.com\/en\/wp-json\/wp\/v2\/media\/117234"}],"wp:attachment":[{"href":"https:\/\/www.orto-bar.com\/en\/wp-json\/wp\/v2\/media?parent=117233"}],"wp:term":[{"taxonomy":"product_brand","embeddable":true,"href":"https:\/\/www.orto-bar.com\/en\/wp-json\/wp\/v2\/product_brand?post=117233"},{"taxonomy":"product_cat","embeddable":true,"href":"https:\/\/www.orto-bar.com\/en\/wp-json\/wp\/v2\/product_cat?post=117233"},{"taxonomy":"product_tag","embeddable":true,"href":"https:\/\/www.orto-bar.com\/en\/wp-json\/wp\/v2\/product_tag?post=117233"}],"curies":[{"name":"wp","href":"https:\/\/api.w.org\/{rel}","templated":true}]}}