{"id":117392,"date":"2025-09-12T14:14:10","date_gmt":"2025-09-12T12:14:10","guid":{"rendered":"https:\/\/www.orto-bar.com\/?post_type=product&#038;p=117392"},"modified":"2025-09-12T14:20:37","modified_gmt":"2025-09-12T12:20:37","slug":"ellende-karg-firtan","status":"publish","type":"product","link":"https:\/\/www.orto-bar.com\/en\/dogodki\/arhiv\/ellende-karg-firtan\/","title":{"rendered":"Ellende, Karg, Firtan"},"content":{"rendered":"<p>ZERFALL 2026<br \/>\nTemna simfonija prihaja v Ljubljano!<br \/>\nV ponedeljek, 12. 1., se bodo pri nas ponovno ustavili avstrijski Ellende, tokrat ob podpori Karg in Firtan. Tri izjemne sile evropskega atmospheric\/post black metala se zdru\u017eujejo za ve\u010der brezkompromisne intenzivnosti in melanholi\u010dne lepote. Vstopite v temo \u2013 brez povratka.<\/p>\n<p>Vstopnice \u017ee v prodaji prek OnParole! 25\u20ac v predprodaji, 30\u20ac na dan koncerta.<br \/>\n<a href=\"https:\/\/www.on-parole.com\/si\/vstopnice\/7518-ellende-karg-firtan-ljubljana-12012026-vstopnica.html\">https:\/\/www.on-parole.com\/si\/vstopnice\/7518-ellende-karg-firtan-ljubljana-12012026-vstopnica.html<\/a><\/p>\n<p>Tickets already available through OnParole! 25\u20ac in presale, 30\u20ac on show day.<br \/>\n<a href=\"https:\/\/www.on-parole.com\/en\/tickets\/7518-ellende-karg-firtan-ljubljana-12012026-ticket.html\">https:\/\/www.on-parole.com\/en\/tickets\/7518-ellende-karg-firtan-ljubljana-12012026-ticket.html<\/a><\/p>\n<p>&nbsp;<\/p>","protected":false},"excerpt":{"rendered":"<p>ZERFALL 2026 Temna simfonija prihaja v Ljubljano! V ponedeljek, 12. 1., se bodo pri nas ponovno ustavili avstrijski Ellende, tokrat ob podpori Karg in Firtan. Tri izjemne sile evropskega atmospheric\/post black metala se zdru\u017eujejo za ve\u010der brezkompromisne intenzivnosti in melanholi\u010dne lepote. Vstopite v temo \u2013 brez povratka. Vstopnice \u017ee v prodaji prek OnParole! 25\u20ac v [&hellip;]<\/p>","protected":false},"author":11,"featured_media":117394,"template":"","meta":{"_seopress_robots_primary_cat":"none","_seopress_titles_title":"","_seopress_titles_desc":"","_seopress_robots_index":""},"product_brand":[],"product_cat":[230],"product_tag":[222],"class_list":{"0":"post-117392","1":"product","2":"type-product","3":"status-publish","4":"has-post-thumbnail","6":"product_cat-arhiv","7":"product_tag-predprodaja","9":"entry","10":"has-media","12":"first","13":"instock","14":"virtual","15":"taxable","16":"product-type-simple","17":"has-product-nav","18":"col","19":"span_1_of_4","20":"owp-content-center","21":"item-entry","22":"owp-thumbs-layout-horizontal","23":"owp-btn-normal","24":"owp-tabs-layout-section","25":"has-no-thumbnails"},"publishpress_future_action":{"enabled":false,"date":"2026-05-11 09:43:41","action":"change-status","newStatus":"draft","terms":[],"taxonomy":"product_cat","extraData":[]},"publishpress_future_workflow_manual_trigger":{"enabledWorkflows":[]},"_links":{"self":[{"href":"https:\/\/www.orto-bar.com\/en\/wp-json\/wp\/v2\/product\/117392","targetHints":{"allow":["GET"]}}],"collection":[{"href":"https:\/\/www.orto-bar.com\/en\/wp-json\/wp\/v2\/product"}],"about":[{"href":"https:\/\/www.orto-bar.com\/en\/wp-json\/wp\/v2\/types\/product"}],"author":[{"embeddable":true,"href":"https:\/\/www.orto-bar.com\/en\/wp-json\/wp\/v2\/users\/11"}],"version-history":[{"count":0,"href":"https:\/\/www.orto-bar.com\/en\/wp-json\/wp\/v2\/product\/117392\/revisions"}],"wp:featuredmedia":[{"embeddable":true,"href":"https:\/\/www.orto-bar.com\/en\/wp-json\/wp\/v2\/media\/117394"}],"wp:attachment":[{"href":"https:\/\/www.orto-bar.com\/en\/wp-json\/wp\/v2\/media?parent=117392"}],"wp:term":[{"taxonomy":"product_brand","embeddable":true,"href":"https:\/\/www.orto-bar.com\/en\/wp-json\/wp\/v2\/product_brand?post=117392"},{"taxonomy":"product_cat","embeddable":true,"href":"https:\/\/www.orto-bar.com\/en\/wp-json\/wp\/v2\/product_cat?post=117392"},{"taxonomy":"product_tag","embeddable":true,"href":"https:\/\/www.orto-bar.com\/en\/wp-json\/wp\/v2\/product_tag?post=117392"}],"curies":[{"name":"wp","href":"https:\/\/api.w.org\/{rel}","templated":true}]}}