{"id":117589,"date":"2025-09-15T17:26:42","date_gmt":"2025-09-15T15:26:42","guid":{"rendered":"https:\/\/www.orto-bar.com\/?post_type=product&#038;p=117589"},"modified":"2025-11-12T19:04:57","modified_gmt":"2025-11-12T18:04:57","slug":"ronnie-romero-gus-g-v-ljubljani","status":"publish","type":"product","link":"https:\/\/www.orto-bar.com\/en\/dogodki\/arhiv\/ronnie-romero-gus-g-v-ljubljani\/","title":{"rendered":"Ronnie Romero &#038; Gus G  v Ljubljani"},"content":{"rendered":"<p>RONNIE ROMERO &amp; GUS G V LJUBLJANI!<\/p>\n<p>V sredo, 12. novembra 2025, bo ljubljanski Ortobar prizori\u0161\u010de nepozabnega rock in metal ve\u010dera z dvema velikanoma svetovne scene: <strong>Ronnie Romero<\/strong> (Rainbow, Elegant Weapons, ex-MSG) in <strong>Gus G<\/strong> (Firewind, Ozzy Osbourne).<\/p>\n<p>Ob\u010dinstvo pri\u010dakuje poseben program, ki zdru\u017euje njune solo skladbe in brez\u010dasne klasike skupin<strong> Dio, Rainbow, Black Sabbath in Ozzy Osbourne.<\/strong><\/p>\n<p>Ronnie Romero je svetovno prepoznavnost dosegel kot pevec Ritchie Blackmoreovega Rainbow-a, kjer je navdu\u0161il milijone ljubiteljev rocka s svojim mogo\u010dnim glasom. Gus G, znan po sodelovanju z Ozzyjem Osbourneom na albumu <em>Scream<\/em> in svetovni turneji 2009\/2010, pa prina\u0161a edinstveno kitarsko virtuoznost. Skupaj obljubljata ve\u010der, ki bo za vedno ostal v spominu ljubljanskih obo\u017eevalcev rocka!<\/p>\n<p><span style=\"font-size: 13.5pt;\">Website: <a href=\"https:\/\/www.blacklabelevents.online\/\">https:\/\/www.blacklabelevents.online\/<\/a><\/span><\/p>\n<p><span style=\"font-size: 13.5pt;\">Facebook: <a href=\"https:\/\/www.facebook.com\/profile.php?id=61566779014547&amp;sk=about\">https:\/\/www.facebook.com\/profile.php?id=61566779014547&amp;sk=about<\/a><\/span><\/p>\n<p><span style=\"font-size: 13.5pt;\">Instagram: <a href=\"https:\/\/www.instagram.com\/black_label_events_hr\/\">https:\/\/www.instagram.com\/black_label_events_hr\/<\/a>\u00a0 (Promoter)<\/span><\/p>\n<p><span style=\"font-size: 13.5pt;\">GUS G:\u00a0 <a href=\"https:\/\/www.instagram.com\/gusgofficial\/\">https:\/\/www.instagram.com\/gusgofficial\/<\/a>\u00a0 FB: <a href=\"https:\/\/www.facebook.com\/officialgusg\">https:\/\/www.facebook.com\/officialgusg<\/a><\/span><\/p>\n<p><span style=\"font-size: 13.5pt;\">RONNIE ROMERO: <a href=\"https:\/\/www.instagram.com\/ro_ck_nnie\/\">https:\/\/www.instagram.com\/ro_ck_nnie\/<\/a>\u00a0\u00a0 FB: <a href=\"https:\/\/www.facebook.com\/ronnieromeroofficial\">https:\/\/www.facebook.com\/ronnieromeroofficial<\/a><\/span><\/p>\n<p>&nbsp;<\/p>\n<p>RONNIE ROMERO &amp; GUS G LIVE IN LJUBLJANA!<\/p>\n<p>On November 12, 2025, Ortobar in Ljubljana will host a spectacular evening with two rock and metal legends: Ronnie Romero (Rainbow, Elegant Weapons, ex-MSG) and Gus G (Firewind, Ozzy Osbourne).<\/p>\n<p>Fans can expect a dynamic setlist featuring both their solo works and timeless classics from Dio, Rainbow, Black Sabbath, and Ozzy Osbourne.<\/p>\n<p>Ronnie Romero earned international recognition as the frontman of Ritchie Blackmore\u2019s Rainbow, mesmerizing audiences with his soaring voice. Gus G, acclaimed for his work with Ozzy Osbourne on the <em>Scream<\/em> album and the 2009\/2010 world tour, adds his unmatched guitar wizardry. Together, they deliver a night every rock fan in Ljubljana will remember!<\/p>\n<p><strong>Vstopnice :<\/strong><\/p>\n<p><strong>early bird : 25 \u20ac<\/strong><\/p>\n<p><strong>predprodajna cena : 29 \u20ac<\/strong><\/p>\n<p><strong>cena na dan dogodka : 34 \u20ac<\/strong><\/p>","protected":false},"excerpt":{"rendered":"<p>RONNIE ROMERO &amp; GUS G V LJUBLJANI! V sredo, 12. novembra 2025, bo ljubljanski Ortobar prizori\u0161\u010de nepozabnega rock in metal ve\u010dera z dvema velikanoma svetovne scene: Ronnie Romero (Rainbow, Elegant Weapons, ex-MSG) in Gus G (Firewind, Ozzy Osbourne). Ob\u010dinstvo pri\u010dakuje poseben program, ki zdru\u017euje njune solo skladbe in brez\u010dasne klasike skupin Dio, Rainbow, Black Sabbath [&hellip;]<\/p>","protected":false},"author":11,"featured_media":117590,"template":"","meta":{"_seopress_robots_primary_cat":"none","_seopress_titles_title":"","_seopress_titles_desc":"","_seopress_robots_index":""},"product_brand":[],"product_cat":[230],"product_tag":[222],"class_list":{"0":"post-117589","1":"product","2":"type-product","3":"status-publish","4":"has-post-thumbnail","6":"product_cat-arhiv","7":"product_tag-predprodaja","9":"entry","10":"has-media","12":"first","13":"instock","14":"virtual","15":"taxable","16":"product-type-simple","17":"has-product-nav","18":"col","19":"span_1_of_4","20":"owp-content-center","21":"item-entry","22":"owp-thumbs-layout-horizontal","23":"owp-btn-normal","24":"owp-tabs-layout-section","25":"has-no-thumbnails"},"publishpress_future_action":{"enabled":false,"date":"2026-05-11 06:41:27","action":"change-status","newStatus":"draft","terms":[],"taxonomy":"product_cat","extraData":[]},"publishpress_future_workflow_manual_trigger":{"enabledWorkflows":[]},"_links":{"self":[{"href":"https:\/\/www.orto-bar.com\/en\/wp-json\/wp\/v2\/product\/117589","targetHints":{"allow":["GET"]}}],"collection":[{"href":"https:\/\/www.orto-bar.com\/en\/wp-json\/wp\/v2\/product"}],"about":[{"href":"https:\/\/www.orto-bar.com\/en\/wp-json\/wp\/v2\/types\/product"}],"author":[{"embeddable":true,"href":"https:\/\/www.orto-bar.com\/en\/wp-json\/wp\/v2\/users\/11"}],"version-history":[{"count":0,"href":"https:\/\/www.orto-bar.com\/en\/wp-json\/wp\/v2\/product\/117589\/revisions"}],"wp:featuredmedia":[{"embeddable":true,"href":"https:\/\/www.orto-bar.com\/en\/wp-json\/wp\/v2\/media\/117590"}],"wp:attachment":[{"href":"https:\/\/www.orto-bar.com\/en\/wp-json\/wp\/v2\/media?parent=117589"}],"wp:term":[{"taxonomy":"product_brand","embeddable":true,"href":"https:\/\/www.orto-bar.com\/en\/wp-json\/wp\/v2\/product_brand?post=117589"},{"taxonomy":"product_cat","embeddable":true,"href":"https:\/\/www.orto-bar.com\/en\/wp-json\/wp\/v2\/product_cat?post=117589"},{"taxonomy":"product_tag","embeddable":true,"href":"https:\/\/www.orto-bar.com\/en\/wp-json\/wp\/v2\/product_tag?post=117589"}],"curies":[{"name":"wp","href":"https:\/\/api.w.org\/{rel}","templated":true}]}}