{"id":117655,"date":"2025-09-16T11:54:57","date_gmt":"2025-09-16T09:54:57","guid":{"rendered":"https:\/\/www.orto-bar.com\/?post_type=product&#038;p=117655"},"modified":"2025-11-25T20:31:00","modified_gmt":"2025-11-25T19:31:00","slug":"exhorder","status":"publish","type":"product","link":"https:\/\/www.orto-bar.com\/en\/dogodki\/arhiv\/exhorder\/","title":{"rendered":"Exhorder"},"content":{"rendered":"<p>Vstopnice \u017ee v prodaji prek On-Parole! 28 evrov v predprodaji, 33 evrov na dan koncerta!<br \/>\n<a href=\"https:\/\/www.on-parole.com\/si\/vstopnice\/7590-exhorder-ljubljana-27112025-vstopnica.html\">https:\/\/www.on-parole.com\/si\/vstopnice\/7590-exhorder-ljubljana-27112025-vstopnica.html<\/a><\/p>\n<p>Tickets already available through On-Parole! 28 euro in presale, 33 euro on show day!<br \/>\n<a href=\"https:\/\/www.on-parole.com\/en\/tickets\/7590-exhorder-ljubljana-27112025-ticket.html\">https:\/\/www.on-parole.com\/en\/tickets\/7590-exhorder-ljubljana-27112025-ticket.html<\/a><\/p>\n<p>JOIN the Dirty Skunks THRASH METAL mailig list on the link below!<br \/>\n<a href=\"http:\/\/eepurl.com\/bEC0WT\">http:\/\/eepurl.com\/bEC0WT<\/a><\/p>\n<p>Pripravi se na nepozaben ve\u010der surovega, brezkompromisnega metala \u2013 v Orto Bar prihajajo EXHORDER, ena izmed klju\u010dnih skupin ameri\u0161ke groove\/thrash metal \u0161ole!<br \/>\nZasedba iz New Orleansa, ustanovljena leta 1985, velja za skrite predhodnike groove metala, ki so mo\u010dno vplivali na razvoj \u017eanra in na kasnej\u0161e velikane kot so Pantera, Machine Head in Lamb of God. Njihov prvenec Slaughter in the Vatican (1990) je danes kultna klasika \u2013 divja, politi\u010dno nabita plo\u0161\u010da, ki \u0161e danes zveni sve\u017ee, jezno in nevarno.<br \/>\nPo ve\u010d prekinitvah in menjavah \u010dlanov so se Exhorder leta 2017 vrnili mo\u010dnej\u0161i kot kadarkoli prej, z novo energijo in udarnimi izdajami kot je Mourn the Southern Skies (2019). Leta 2025 prihajajo s sve\u017eim materialom in svetovno turnejo, v sklopu katere se prvi\u010d ustavijo tudi v Sloveniji!<br \/>\nPripravite se na brutalne riffe, divje bobne in karizmati\u010dnega frontmana Kylea Thomasa, ki \u0161e vedno dominira s svojo odrsko prezenco in vokalno mo\u010djo. Poleg Kylea pa najdete v zasedbi tudi biv\u0161ega kitarista Cannibal Corpse \u2013 Pat O\u2019Brian!<\/p>\n<p>EXHORDER<br \/>\n<a href=\"https:\/\/www.facebook.com\/exhorderofficial\">https:\/\/www.facebook.com\/exhorderofficial<\/a><\/p>\n<p>&nbsp;<\/p>\n<p>&nbsp;<\/p>","protected":false},"excerpt":{"rendered":"<p>Vstopnice \u017ee v prodaji prek On-Parole! 28 evrov v predprodaji, 33 evrov na dan koncerta! https:\/\/www.on-parole.com\/si\/vstopnice\/7590-exhorder-ljubljana-27112025-vstopnica.html Tickets already available through On-Parole! 28 euro in presale, 33 euro on show day! https:\/\/www.on-parole.com\/en\/tickets\/7590-exhorder-ljubljana-27112025-ticket.html JOIN the Dirty Skunks THRASH METAL mailig list on the link below! http:\/\/eepurl.com\/bEC0WT Pripravi se na nepozaben ve\u010der surovega, brezkompromisnega metala \u2013 v Orto [&hellip;]<\/p>","protected":false},"author":11,"featured_media":117656,"template":"","meta":{"_seopress_robots_primary_cat":"none","_seopress_titles_title":"","_seopress_titles_desc":"","_seopress_robots_index":""},"product_brand":[],"product_cat":[230],"product_tag":[222],"class_list":{"0":"post-117655","1":"product","2":"type-product","3":"status-publish","4":"has-post-thumbnail","6":"product_cat-arhiv","7":"product_tag-predprodaja","9":"entry","10":"has-media","12":"first","13":"instock","14":"virtual","15":"taxable","16":"product-type-simple","17":"has-product-nav","18":"col","19":"span_1_of_4","20":"owp-content-center","21":"item-entry","22":"owp-thumbs-layout-horizontal","23":"owp-btn-normal","24":"owp-tabs-layout-section","25":"has-no-thumbnails"},"publishpress_future_action":{"enabled":false,"date":"2026-05-11 07:33:33","action":"change-status","newStatus":"draft","terms":[],"taxonomy":"product_cat","extraData":[]},"publishpress_future_workflow_manual_trigger":{"enabledWorkflows":[]},"_links":{"self":[{"href":"https:\/\/www.orto-bar.com\/en\/wp-json\/wp\/v2\/product\/117655","targetHints":{"allow":["GET"]}}],"collection":[{"href":"https:\/\/www.orto-bar.com\/en\/wp-json\/wp\/v2\/product"}],"about":[{"href":"https:\/\/www.orto-bar.com\/en\/wp-json\/wp\/v2\/types\/product"}],"author":[{"embeddable":true,"href":"https:\/\/www.orto-bar.com\/en\/wp-json\/wp\/v2\/users\/11"}],"version-history":[{"count":0,"href":"https:\/\/www.orto-bar.com\/en\/wp-json\/wp\/v2\/product\/117655\/revisions"}],"wp:featuredmedia":[{"embeddable":true,"href":"https:\/\/www.orto-bar.com\/en\/wp-json\/wp\/v2\/media\/117656"}],"wp:attachment":[{"href":"https:\/\/www.orto-bar.com\/en\/wp-json\/wp\/v2\/media?parent=117655"}],"wp:term":[{"taxonomy":"product_brand","embeddable":true,"href":"https:\/\/www.orto-bar.com\/en\/wp-json\/wp\/v2\/product_brand?post=117655"},{"taxonomy":"product_cat","embeddable":true,"href":"https:\/\/www.orto-bar.com\/en\/wp-json\/wp\/v2\/product_cat?post=117655"},{"taxonomy":"product_tag","embeddable":true,"href":"https:\/\/www.orto-bar.com\/en\/wp-json\/wp\/v2\/product_tag?post=117655"}],"curies":[{"name":"wp","href":"https:\/\/api.w.org\/{rel}","templated":true}]}}