{"id":118034,"date":"2025-09-19T14:34:20","date_gmt":"2025-09-19T12:34:20","guid":{"rendered":"https:\/\/www.orto-bar.com\/?post_type=product&#038;p=118034"},"modified":"2026-01-03T17:35:19","modified_gmt":"2026-01-03T16:35:19","slug":"green-idiot-green-day-tribute-band","status":"publish","type":"product","link":"https:\/\/www.orto-bar.com\/en\/dogodki\/arhiv\/green-idiot-green-day-tribute-band\/","title":{"rendered":"GREEN IDIOT- Green Day Tribute Band"},"content":{"rendered":"<p>Po dolgoletnih izku\u0161njah v razli\u010dnih skupinah je zdru\u017eitev Carla Zubanija, Diega Botticinija, Marca Mielija in Marca Dottija rodila skupino Green Idiot.<br \/>\nKot tribute skupina Green Day ponujajo energi\u010den \u0161ov v pravem slogu svojih prijateljev Green Day iz Oaklanda. Med koncertom obi\u0161\u010dejo velik del diskografije kalifornijske skupine, od klasi\u010dnih uspe\u0161nic Dookieja do drugega desetletja 2000-ih, me\u0161ajo\u010d balade s svojimi najbolj punk skladbami.<br \/>\nGreen Idiot so:<br \/>\nCarlo \u2013 bas in vokal<br \/>\nDiego \u2013 kitara in vokal<br \/>\nMarco \u2013 bobni in vokal<br \/>\nMarco \u2013 vokal in kitara<br \/>\nSte pripravljeni?<\/p>\n<p>&nbsp;<\/p>\n<p>After many years of experience in different bands, the union of Carlo Zubani, Diego Botticini, Marco Mieli, and Marco Dotti gave birth to\u00a0<strong>Green Idiot<\/strong>.<br \/>\nA\u00a0<strong>Green Day Tribute Band<\/strong>, they deliver an energetic show in the true style of their friends Green Day from Oakland.<br \/>\nDuring the show, they retrace a large part of the Californian band\u2019s discography, starting from the classic hits of\u00a0<em>Dookie <\/em>up to the second decade of the 2000s, mixing ballads with their most punk tracks.<\/p>\n<p><strong>Green Idiot are:<\/strong><br \/>\nCarlo \u2013 Bass &amp; Vocals<br \/>\nDiego \u2013 Guitar &amp; Vocals<br \/>\nMarco \u2013 Drums &amp; Vocals<br \/>\nMarco \u2013 Vocals &amp; Guitar<\/p>\n<p>Ready?<\/p>\n<p>&nbsp;<\/p>\n<p>Instagram e Facebook: <a href=\"http:\/\/greenidiotband\">greenidiotband<\/a><\/p>\n<p>Youtube: <a href=\"http:\/\/Green Idito (@greenidiot8015\">Green Idito (@greenidiot8015<\/a><\/p>","protected":false},"excerpt":{"rendered":"<p>Po dolgoletnih izku\u0161njah v razli\u010dnih skupinah je zdru\u017eitev Carla Zubanija, Diega Botticinija, Marca Mielija in Marca Dottija rodila skupino Green Idiot. Kot tribute skupina Green Day ponujajo energi\u010den \u0161ov v pravem slogu svojih prijateljev Green Day iz Oaklanda. Med koncertom obi\u0161\u010dejo velik del diskografije kalifornijske skupine, od klasi\u010dnih uspe\u0161nic Dookieja do drugega desetletja 2000-ih, me\u0161ajo\u010d [&hellip;]<\/p>","protected":false},"author":11,"featured_media":118035,"template":"","meta":{"_seopress_robots_primary_cat":"none","_seopress_titles_title":"","_seopress_titles_desc":"","_seopress_robots_index":""},"product_brand":[],"product_cat":[230],"product_tag":[222],"class_list":{"0":"post-118034","1":"product","2":"type-product","3":"status-publish","4":"has-post-thumbnail","6":"product_cat-arhiv","7":"product_tag-predprodaja","9":"entry","10":"has-media","12":"first","13":"instock","14":"virtual","15":"taxable","16":"product-type-simple","17":"has-product-nav","18":"col","19":"span_1_of_4","20":"owp-content-center","21":"item-entry","22":"owp-thumbs-layout-horizontal","23":"owp-btn-normal","24":"owp-tabs-layout-section","25":"has-no-thumbnails"},"publishpress_future_action":{"enabled":false,"date":"2026-05-11 09:49:39","action":"change-status","newStatus":"draft","terms":[],"taxonomy":"product_cat","extraData":[]},"publishpress_future_workflow_manual_trigger":{"enabledWorkflows":[]},"_links":{"self":[{"href":"https:\/\/www.orto-bar.com\/en\/wp-json\/wp\/v2\/product\/118034","targetHints":{"allow":["GET"]}}],"collection":[{"href":"https:\/\/www.orto-bar.com\/en\/wp-json\/wp\/v2\/product"}],"about":[{"href":"https:\/\/www.orto-bar.com\/en\/wp-json\/wp\/v2\/types\/product"}],"author":[{"embeddable":true,"href":"https:\/\/www.orto-bar.com\/en\/wp-json\/wp\/v2\/users\/11"}],"version-history":[{"count":0,"href":"https:\/\/www.orto-bar.com\/en\/wp-json\/wp\/v2\/product\/118034\/revisions"}],"wp:featuredmedia":[{"embeddable":true,"href":"https:\/\/www.orto-bar.com\/en\/wp-json\/wp\/v2\/media\/118035"}],"wp:attachment":[{"href":"https:\/\/www.orto-bar.com\/en\/wp-json\/wp\/v2\/media?parent=118034"}],"wp:term":[{"taxonomy":"product_brand","embeddable":true,"href":"https:\/\/www.orto-bar.com\/en\/wp-json\/wp\/v2\/product_brand?post=118034"},{"taxonomy":"product_cat","embeddable":true,"href":"https:\/\/www.orto-bar.com\/en\/wp-json\/wp\/v2\/product_cat?post=118034"},{"taxonomy":"product_tag","embeddable":true,"href":"https:\/\/www.orto-bar.com\/en\/wp-json\/wp\/v2\/product_tag?post=118034"}],"curies":[{"name":"wp","href":"https:\/\/api.w.org\/{rel}","templated":true}]}}