{"id":118039,"date":"2025-09-19T17:20:42","date_gmt":"2025-09-19T15:20:42","guid":{"rendered":"https:\/\/www.orto-bar.com\/?post_type=product&#038;p=118039"},"modified":"2025-12-20T01:16:29","modified_gmt":"2025-12-20T00:16:29","slug":"niet-31-rojstni-dan-orta","status":"publish","type":"product","link":"https:\/\/www.orto-bar.com\/en\/dogodki\/arhiv\/niet-31-rojstni-dan-orta\/","title":{"rendered":"Niet &#038; 31. Rojstni Dan Orta"},"content":{"rendered":"<p><strong>Po noro dobri tridesetletnici Orta lansko leto, ponavljamo 31.rojstni dan z legendami Niet ponovno! Veseli smo , da legende \u0161e vedno igrajo!Predskupina bodo odli\u010dni Ember! Po koncertu in pred koncertom bo\u00a0 DJ rolal Orto Hite do bridkega\u00a0 jutra! \u010caka vas pija\u010da dobrodo\u0161lice, Hostese, DJ Program,Pop Corn in Ve\u010d! Vabljeni!!!<\/strong><\/p>","protected":false},"excerpt":{"rendered":"<p>Po noro dobri tridesetletnici Orta lansko leto, ponavljamo 31.rojstni dan z legendami Niet ponovno! Veseli smo , da legende \u0161e vedno igrajo!Predskupina bodo odli\u010dni Ember! Po koncertu in pred koncertom bo\u00a0 DJ rolal Orto Hite do bridkega\u00a0 jutra! \u010caka vas pija\u010da dobrodo\u0161lice, Hostese, DJ Program,Pop Corn in Ve\u010d! Vabljeni!!!<\/p>","protected":false},"author":11,"featured_media":118040,"template":"","meta":{"_seopress_robots_primary_cat":"none","_seopress_titles_title":"","_seopress_titles_desc":"","_seopress_robots_index":""},"product_brand":[],"product_cat":[230],"product_tag":[222],"class_list":{"0":"post-118039","1":"product","2":"type-product","3":"status-publish","4":"has-post-thumbnail","6":"product_cat-arhiv","7":"product_tag-predprodaja","9":"entry","10":"has-media","12":"first","13":"outofstock","14":"virtual","15":"taxable","16":"product-type-simple","17":"has-product-nav","18":"col","19":"span_1_of_4","20":"owp-content-center","21":"item-entry","22":"owp-thumbs-layout-horizontal","23":"owp-btn-normal","24":"owp-tabs-layout-section","25":"has-no-thumbnails"},"publishpress_future_action":{"enabled":false,"date":"2026-04-23 04:35:31","action":"change-status","newStatus":"draft","terms":[],"taxonomy":"product_cat","extraData":[]},"publishpress_future_workflow_manual_trigger":{"enabledWorkflows":[]},"_links":{"self":[{"href":"https:\/\/www.orto-bar.com\/en\/wp-json\/wp\/v2\/product\/118039","targetHints":{"allow":["GET"]}}],"collection":[{"href":"https:\/\/www.orto-bar.com\/en\/wp-json\/wp\/v2\/product"}],"about":[{"href":"https:\/\/www.orto-bar.com\/en\/wp-json\/wp\/v2\/types\/product"}],"author":[{"embeddable":true,"href":"https:\/\/www.orto-bar.com\/en\/wp-json\/wp\/v2\/users\/11"}],"version-history":[{"count":0,"href":"https:\/\/www.orto-bar.com\/en\/wp-json\/wp\/v2\/product\/118039\/revisions"}],"wp:featuredmedia":[{"embeddable":true,"href":"https:\/\/www.orto-bar.com\/en\/wp-json\/wp\/v2\/media\/118040"}],"wp:attachment":[{"href":"https:\/\/www.orto-bar.com\/en\/wp-json\/wp\/v2\/media?parent=118039"}],"wp:term":[{"taxonomy":"product_brand","embeddable":true,"href":"https:\/\/www.orto-bar.com\/en\/wp-json\/wp\/v2\/product_brand?post=118039"},{"taxonomy":"product_cat","embeddable":true,"href":"https:\/\/www.orto-bar.com\/en\/wp-json\/wp\/v2\/product_cat?post=118039"},{"taxonomy":"product_tag","embeddable":true,"href":"https:\/\/www.orto-bar.com\/en\/wp-json\/wp\/v2\/product_tag?post=118039"}],"curies":[{"name":"wp","href":"https:\/\/api.w.org\/{rel}","templated":true}]}}