{"id":118200,"date":"2025-09-21T14:50:26","date_gmt":"2025-09-21T12:50:26","guid":{"rendered":"https:\/\/www.orto-bar.com\/?post_type=product&#038;p=118200"},"modified":"2025-11-21T20:08:05","modified_gmt":"2025-11-21T19:08:05","slug":"metropolis-okroglih-enaintrideset","status":"publish","type":"product","link":"https:\/\/www.orto-bar.com\/en\/dogodki\/arhiv\/metropolis-okroglih-enaintrideset\/","title":{"rendered":"Metropolis \u2013 okroglih enaintrideset"},"content":{"rendered":"<p>&nbsp;<\/p>\n<p>Metropolis &#8211; okroglih enaintrideset,<\/p>\n<p>Z heavy motorhead rokenrolom smo \u0161tartali novembra 1994. In od takrat smo v Ortu tradicionalno\u00a0enkrat na leto\u00a0skoraj vsako leto. Prva leta smo gulili strune tam spodaj v tamalem placu, potem dolgo zgoraj v &#8220;tavelikem&#8221;, zdaj pa \u017ee nekaj let v Orto Hali. Napredek je o\u010diten. B-)<\/p>\n<p>&nbsp;<\/p>\n<p>Obljubili smo \u017ee lani in mogo\u010de letos celo uspe, da bo do koncerta na vseh preto\u010dnih platformah objavljena ve\u010dina komadov iz na\u0161ega novega albuma priredb rokenrolov iz 50&#8242; in 60&#8242;. Poleg tega pa po 25 letih \u0161e na novo urejen avtorski album Pazi Se.<\/p>\n<p>&nbsp;<\/p>\n<p>VABLJENI!<\/p>\n<p><a href=\"https:\/\/metropolis.band\">https:\/\/metropolis.band<\/a><\/p>\n<p><a href=\"https:\/\/www.facebook.com\/MetropolisRocknrollBand\">https:\/\/www.facebook.com\/MetropolisRocknrollBand<\/a><\/p>\n<p><a href=\"https:\/\/www.instagram.com\/MetropolisRocknrollBand\">https:\/\/www.instagram.com\/MetropolisRocknrollBand<\/a><\/p>\n<p><a href=\"https:\/\/www.youtube.com\/@MetropolisRocknrollBand\">https:\/\/www.youtube.com\/@MetropolisRocknrollBand<\/a><\/p>\n<p>&nbsp;<\/p>","protected":false},"excerpt":{"rendered":"<p>&nbsp; Metropolis &#8211; okroglih enaintrideset, Z heavy motorhead rokenrolom smo \u0161tartali novembra 1994. In od takrat smo v Ortu tradicionalno\u00a0enkrat na leto\u00a0skoraj vsako leto. Prva leta smo gulili strune tam spodaj v tamalem placu, potem dolgo zgoraj v &#8220;tavelikem&#8221;, zdaj pa \u017ee nekaj let v Orto Hali. Napredek je o\u010diten. B-) &nbsp; Obljubili smo \u017ee [&hellip;]<\/p>","protected":false},"author":11,"featured_media":118202,"template":"","meta":{"_seopress_robots_primary_cat":"none","_seopress_titles_title":"","_seopress_titles_desc":"","_seopress_robots_index":""},"product_brand":[],"product_cat":[230],"product_tag":[222],"class_list":{"0":"post-118200","1":"product","2":"type-product","3":"status-publish","4":"has-post-thumbnail","6":"product_cat-arhiv","7":"product_tag-predprodaja","9":"entry","10":"has-media","12":"first","13":"instock","14":"virtual","15":"taxable","16":"product-type-simple","17":"has-product-nav","18":"col","19":"span_1_of_4","20":"owp-content-center","21":"item-entry","22":"owp-thumbs-layout-horizontal","23":"owp-btn-normal","24":"owp-tabs-layout-section","25":"has-no-thumbnails"},"publishpress_future_action":{"enabled":false,"date":"2026-05-11 06:31:08","action":"change-status","newStatus":"draft","terms":[],"taxonomy":"product_cat","extraData":[]},"publishpress_future_workflow_manual_trigger":{"enabledWorkflows":[]},"_links":{"self":[{"href":"https:\/\/www.orto-bar.com\/en\/wp-json\/wp\/v2\/product\/118200","targetHints":{"allow":["GET"]}}],"collection":[{"href":"https:\/\/www.orto-bar.com\/en\/wp-json\/wp\/v2\/product"}],"about":[{"href":"https:\/\/www.orto-bar.com\/en\/wp-json\/wp\/v2\/types\/product"}],"author":[{"embeddable":true,"href":"https:\/\/www.orto-bar.com\/en\/wp-json\/wp\/v2\/users\/11"}],"version-history":[{"count":0,"href":"https:\/\/www.orto-bar.com\/en\/wp-json\/wp\/v2\/product\/118200\/revisions"}],"wp:featuredmedia":[{"embeddable":true,"href":"https:\/\/www.orto-bar.com\/en\/wp-json\/wp\/v2\/media\/118202"}],"wp:attachment":[{"href":"https:\/\/www.orto-bar.com\/en\/wp-json\/wp\/v2\/media?parent=118200"}],"wp:term":[{"taxonomy":"product_brand","embeddable":true,"href":"https:\/\/www.orto-bar.com\/en\/wp-json\/wp\/v2\/product_brand?post=118200"},{"taxonomy":"product_cat","embeddable":true,"href":"https:\/\/www.orto-bar.com\/en\/wp-json\/wp\/v2\/product_cat?post=118200"},{"taxonomy":"product_tag","embeddable":true,"href":"https:\/\/www.orto-bar.com\/en\/wp-json\/wp\/v2\/product_tag?post=118200"}],"curies":[{"name":"wp","href":"https:\/\/api.w.org\/{rel}","templated":true}]}}