{"id":118204,"date":"2025-09-21T16:13:54","date_gmt":"2025-09-21T14:13:54","guid":{"rendered":"https:\/\/www.orto-bar.com\/?post_type=product&#038;p=118204"},"modified":"2025-09-21T16:27:30","modified_gmt":"2025-09-21T14:27:30","slug":"officialkevents-ljubljana-kpop-khiphop-night-in-october-kdh-x-halloween-edition","status":"publish","type":"product","link":"https:\/\/www.orto-bar.com\/en\/dogodki\/arhiv\/officialkevents-ljubljana-kpop-khiphop-night-in-october-kdh-x-halloween-edition\/","title":{"rendered":"OfficialKEvents | LJUBLJANA: KPOP &#038; KHIPHOP Night in October \u2014 KDH x Halloween Edition"},"content":{"rendered":"<p>&nbsp;<\/p>\n<div class=\"x11i5rnm xat24cr x1mh8g0r x1vvkbs xtlvy1s\">\n<p>Lovci proti Demonov x No\u010d \u010darovnic \ud83d\udc79\u2694\ufe0f<br \/>\nHonmoon vstaja! \ud83c\udf11\u2728\ud83c\udf0c<br \/>\nPlesni podij je tvoja arena. Bo\u0161 bojevit Lovec \u2694\ufe0f ali bo\u0161 sprostil svojo mo\u010d kot Demon? \ud83d\ude08<br \/>\n\u2728 KUPI VSTOPNICE \u2728 :<a href=\"http:\/\/bit.ly\/3JXpNZm\"> bit.ly\/3JXpNZm<\/a><br \/>\n\u2728Dogodek 18+, gostje MORATE prinesti osebni dokument, fotokopije niso veljavne, eVisa ne velja, brez vra\u010dila denarja (razen v primeru odpovedi ali prestavitve). Z nakupom vstopnice boste samodejno dodani na na\u0161 seznam za e-po\u0161to, SMS in WhatsApp.<br \/>\n\u2728 OfficialKEvents DJ-ji bodo vso no\u010d vrteli K-Pop, K-HipHop &amp; K-EDM \u2728<br \/>\nOfficialKEvents je najve\u010dji organizator K-Pop in K-HipHop klubskih dogodkov na svetu. Na\u0161e klubske no\u010di v Londonu in Parizu privabijo ve\u010d kot 2000+ obiskovalcev mese\u010dno, organiziramo dogodke v ve\u010d kot 25+ dr\u017eavah. Zdaj smo nazaj, da vam pri\u010daramo \u0161e eno nepozabno no\u010d, kjer bomo vrteli IZKLJU\u010cNO K-Pop &amp; K-HipHop vse do jutra!<br \/>\nPripravite se na ples do zgodnjih jutranjih ur ob svojih najljub\u0161ih pesmih!<br \/>\n\u2694\ufe0f\ud83d\udc79 Dresscode: Lovci proti Demonov<br \/>\n__________________________________________<br \/>\n\ud83d\udcc6 Podrobnosti o dogodku \ud83d\udcc6<br \/>\n\u23f0 Kdaj: Petek, 17. oktober 2025, od 23.00 do 4.00; zadnji vnos ob 2.00<br \/>\n\ud83d\udccd Kje: Orto Bar, Grablovi\u010deva ulica 1, 1000 Ljubljana, Slovenija<br \/>\n\u2728 KUPI VSTOPNICE \u2728 :<a href=\"http:\/\/bit.ly\/3JXpNZm\"> bit.ly\/3JXpNZm<\/a><br \/>\n\ud83c\udf9f Podrobnosti o vstopnicah \ud83c\udf9f<br \/>\n\ud83d\udc6f\u200d\u2640\ufe0f Skupinska vstopnica: 34.99 EUR<br \/>\nKUPI 3, DOBI 1 BREZPLA\u010cNO \u2013 pridobi 1 brezpla\u010dno vstopnico ob nakupu skupinske vstopnice!<br \/>\n\ud83d\udd57 Early Bird vstopnice: 8.99 EUR<br \/>\n\ud83d\udd58 Prva faza: 10.99 EUR + stro\u0161ki<br \/>\n\ud83d\udd59 Druga faza: 12.99 EUR + stro\u0161ki<br \/>\n\ud83d\udd5b Tretja faza: 14.99 EUR + stro\u0161ki<br \/>\n\ud83d\udca1 Cene vstopnic se zvi\u0161ujejo z vsako fazo: ko se prva faza razproda, bo naslednja faza na voljo po vi\u0161ji ceni. Priporo\u010damo, da vstopnice kupite vnaprej, saj se hitro razprodajo!<br \/>\n\ud83d\udccc V primeru prestavitve dogodka bo va\u0161a vstopnica veljavna za nov termin. O vseh spremembah vas bomo pravo\u010dasno obvestili.<br \/>\n__________________________________________<br \/>\n\ud83d\udd1e Starostna omejitev \ud83d\udd1e<br \/>\n\ud83d\udd1e Dogodek je samo za 18+<br \/>\n__________________________________________<br \/>\n\ud83c\udfa7 OfficialKEvents DJ-ji \ud83c\udfa7<br \/>\n\ud83c\udfa7 DJ Arreus<br \/>\n__________________________________________<br \/>\n\ud83c\udfb6 Glasba &amp; prostori \ud83c\udfb6<br \/>\n\ud83c\udfb6 K-Pop in K-HipHop in KEDM<br \/>\n__________________________________________<br \/>\n\ud83e\udde5Garderoba\ud83e\udde5<br \/>\n2 \u20ac SAMO GOTOVINA<br \/>\n__________________________________________<br \/>\n\ud83d\udc65 Pridru\u017ei se ekipi! \ud83d\udc65<br \/>\n\ud83d\udc65 Trenutno i\u0161\u010demo prostovoljce in promotorje! Prijavi se spodaj ali obi\u0161\u010di zavihek &#8220;Kariera&#8221; na na\u0161i spletni strani!<br \/>\n\ud83d\udc65 Prostovoljec: <a href=\"http:\/\/bit.ly\/3w9rtrX\">bit.ly\/3w9rtrX<\/a><br \/>\n\ud83d\udc65 Kariera: <a href=\"http:\/\/bit.ly\/3xJxz3b\">bit.ly\/3xJxz3b<\/a><br \/>\n__________________________________________<br \/>\n\ud83d\udcf8 Fotograf \ud83d\udcf8<br \/>\n\ud83d\udcf8 Fotograf bo ujel vse va\u0161e nepozabne trenutke te no\u010di!<br \/>\n\ud83d\udcf8 Prosimo, pozirajte za fotografijo le, \u010de vam je udobno, da jo delimo na na\u0161ih dru\u017ebenih omre\u017ejih ali spletni strani.<br \/>\n__________________________________________<br \/>\n\ud83c\udf81 Posebne dobrote za na\u0161e goste! \ud83c\udf81<br \/>\nOstanite povezani in kar najbolje izkoristite svojo izku\u0161njo: <a href=\"http:\/\/bit.ly\/40i2UFU\">bit.ly\/40i2UFU<\/a><br \/>\n__________________________________________<\/p>\n<\/div>","protected":false},"excerpt":{"rendered":"<p>&nbsp; Lovci proti Demonov x No\u010d \u010darovnic \ud83d\udc79\u2694\ufe0f Honmoon vstaja! \ud83c\udf11\u2728\ud83c\udf0c Plesni podij je tvoja arena. Bo\u0161 bojevit Lovec \u2694\ufe0f ali bo\u0161 sprostil svojo mo\u010d kot Demon? \ud83d\ude08 \u2728 KUPI VSTOPNICE \u2728 : bit.ly\/3JXpNZm \u2728Dogodek 18+, gostje MORATE prinesti osebni dokument, fotokopije niso veljavne, eVisa ne velja, brez vra\u010dila denarja (razen v primeru odpovedi ali [&hellip;]<\/p>","protected":false},"author":11,"featured_media":118205,"template":"","meta":{"_seopress_robots_primary_cat":"none","_seopress_titles_title":"","_seopress_titles_desc":"","_seopress_robots_index":""},"product_brand":[],"product_cat":[230],"product_tag":[222],"class_list":{"0":"post-118204","1":"product","2":"type-product","3":"status-publish","4":"has-post-thumbnail","6":"product_cat-arhiv","7":"product_tag-predprodaja","9":"entry","10":"has-media","12":"first","13":"instock","14":"virtual","15":"taxable","16":"product-type-simple","17":"has-product-nav","18":"col","19":"span_1_of_4","20":"owp-content-center","21":"item-entry","22":"owp-thumbs-layout-horizontal","23":"owp-btn-normal","24":"owp-tabs-layout-section","25":"has-no-thumbnails"},"publishpress_future_action":{"enabled":false,"date":"2026-05-11 04:32:28","action":"change-status","newStatus":"draft","terms":[],"taxonomy":"product_cat","extraData":[]},"publishpress_future_workflow_manual_trigger":{"enabledWorkflows":[]},"_links":{"self":[{"href":"https:\/\/www.orto-bar.com\/en\/wp-json\/wp\/v2\/product\/118204","targetHints":{"allow":["GET"]}}],"collection":[{"href":"https:\/\/www.orto-bar.com\/en\/wp-json\/wp\/v2\/product"}],"about":[{"href":"https:\/\/www.orto-bar.com\/en\/wp-json\/wp\/v2\/types\/product"}],"author":[{"embeddable":true,"href":"https:\/\/www.orto-bar.com\/en\/wp-json\/wp\/v2\/users\/11"}],"version-history":[{"count":0,"href":"https:\/\/www.orto-bar.com\/en\/wp-json\/wp\/v2\/product\/118204\/revisions"}],"wp:featuredmedia":[{"embeddable":true,"href":"https:\/\/www.orto-bar.com\/en\/wp-json\/wp\/v2\/media\/118205"}],"wp:attachment":[{"href":"https:\/\/www.orto-bar.com\/en\/wp-json\/wp\/v2\/media?parent=118204"}],"wp:term":[{"taxonomy":"product_brand","embeddable":true,"href":"https:\/\/www.orto-bar.com\/en\/wp-json\/wp\/v2\/product_brand?post=118204"},{"taxonomy":"product_cat","embeddable":true,"href":"https:\/\/www.orto-bar.com\/en\/wp-json\/wp\/v2\/product_cat?post=118204"},{"taxonomy":"product_tag","embeddable":true,"href":"https:\/\/www.orto-bar.com\/en\/wp-json\/wp\/v2\/product_tag?post=118204"}],"curies":[{"name":"wp","href":"https:\/\/api.w.org\/{rel}","templated":true}]}}