{"id":118217,"date":"2025-09-21T18:03:47","date_gmt":"2025-09-21T16:03:47","guid":{"rendered":"https:\/\/www.orto-bar.com\/?post_type=product&#038;p=118217"},"modified":"2026-04-15T12:02:40","modified_gmt":"2026-04-15T10:02:40","slug":"amys-escape-rdecina-ep-release-w-frishki","status":"publish","type":"product","link":"https:\/\/www.orto-bar.com\/en\/dogodki\/koncerti\/amys-escape-rdecina-ep-release-w-frishki\/","title":{"rendered":"Amy&#8217;s Escape &#8211; Rde\u010dina EP release w\/ FRISHKI"},"content":{"rendered":"<p>Z najve\u010djim veseljem vam predstavljamo kon\u010dni izdelek na\u0161ega uvajalnega obdobja \u2013 EP Rde\u010dina. Na njem lahko sli\u0161ite na\u0161e misli, spoznate rutino banda in dobite vpogled v vmesne momente frustracije\u2026 Vse to in \u0161e ve\u010d, 29.5. v OrtoBaru!<\/p>\n<p>&nbsp;<\/p>\n<p>Amy&#8217;s Escape:<\/p>\n<p>Kepica alternative, kepica punka \u2013 to smo Amy&#8217;s Escape. Na\u0161a glasba se sprehaja od te\u017ekih balad s pomenljivim besedilom, pa do hitrih in udarnih ritmov s pridihom frustracije. Razli\u010dne glasbene vplive zdru\u017eujemo v harmoni\u010dno celoto, a vsi na\u0161i zveni imajo na koncu skupno noto, ki jo potenciramo na odru.<\/p>\n<p>Jernej Je\u017eovnik (kitara, vokal)<\/p>\n<p>\u017dan \u017duraj (vokal, kitara)<\/p>\n<p>Niko Bogdan (bas, vokal)<\/p>\n<p>Janez Tisel (bobni, vokal)<\/p>\n<p>&nbsp;<\/p>\n<p>FB:<\/p>\n<p><a href=\"https:\/\/www.facebook.com\/profile.php?id=100092344713316\">https:\/\/www.facebook.com\/profile.php?id=100092344713316<\/a><\/p>\n<p>IG:<\/p>\n<p><a href=\"https:\/\/www.instagram.com\/amysescapeband\/\">https:\/\/www.instagram.com\/amysescapeband\/<\/a><\/p>\n<p>YT:<\/p>\n<p><a href=\"https:\/\/www.youtube.com\/@AmysEscape\">https:\/\/www.youtube.com\/@AmysEscape<\/a><\/p>\n<p>&nbsp;<\/p>\n<p>FRISHKI:<\/p>\n<p>Skupino FRISHKI tvorijo Taja (vokal, violina), Tara (kitara, vokal), Sana (bas kitara) in Andrej (bobni). Zdru\u017eeni preko strasti do glasbe idejno prevetrijo komade raznih izvajalcev, kot so Billie Eilish, Mrfy, Amy Winehouse, Koala Voice, Bruno Mars in \u0161e mnogo drugih, igrajo pa pop, rock, R&amp;B in alternativni rock. Najraje ustvarjajo in pi\u0161ejo lastne komade, ki jih na koncertih tudi preigravajo.<\/p>\n<p>FB:<\/p>\n<p><a href=\"https:\/\/www.facebook.com\/profile.php?id=61569526531624\">https:\/\/www.facebook.com\/profile.php?id=61569526531624<\/a><\/p>\n<p>IG:<\/p>\n<p><a href=\"https:\/\/www.instagram.com\/f.r.i.s.h.k.i?igsh=MWc5aGo3cGIwNWlhMw%3D%3D&amp;fbclid=IwZXh0bgNhZW0CMTAAYnJpZBExdDZIUWhhZTlqMmZXc0czMgEeVj3uydQafWZuoC59403Hz9bhh_O8nUy63CP2_ihK54NSQyXtuiDCj-zxPUs_aem_0lrwg70DilILhwMdKtSokA\"><strong>https:\/\/www.instagram.com\/f.r.i.s.h.k.i&#8230;<\/strong><\/a><\/p>\n<p>YT:<\/p>\n<p><a href=\"https:\/\/www.youtube.com\/@f.r.i.s.h.k.i\">https:\/\/www.youtube.com\/@f.r.i.s.h.k.i<\/a><\/p>\n<p>&nbsp;<\/p>\n<p>&nbsp;<\/p>","protected":false},"excerpt":{"rendered":"<p>Z najve\u010djim veseljem vam predstavljamo kon\u010dni izdelek na\u0161ega uvajalnega obdobja \u2013 EP Rde\u010dina. Na njem lahko sli\u0161ite na\u0161e misli, spoznate rutino banda in dobite vpogled v vmesne momente frustracije\u2026 Vse to in \u0161e ve\u010d, 29.5. v OrtoBaru! &nbsp; Amy&#8217;s Escape: Kepica alternative, kepica punka \u2013 to smo Amy&#8217;s Escape. Na\u0161a glasba se sprehaja od te\u017ekih [&hellip;]<\/p>","protected":false},"author":11,"featured_media":118218,"template":"","meta":{"_seopress_robots_primary_cat":"none","_seopress_titles_title":"","_seopress_titles_desc":"","_seopress_robots_index":""},"product_brand":[],"product_cat":[226],"product_tag":[222],"class_list":{"0":"post-118217","1":"product","2":"type-product","3":"status-publish","4":"has-post-thumbnail","6":"product_cat-koncerti","7":"product_tag-predprodaja","9":"entry","10":"has-media","12":"first","13":"instock","14":"sale","15":"virtual","16":"taxable","17":"purchasable","18":"product-type-simple","19":"has-product-nav","20":"col","21":"span_1_of_4","22":"owp-content-center","23":"item-entry","24":"owp-thumbs-layout-horizontal","25":"owp-btn-normal","26":"owp-tabs-layout-section","27":"has-no-thumbnails"},"publishpress_future_action":{"enabled":true,"date":"2026-05-30 01:03:00","action":"category","newStatus":"draft","terms":[230],"taxonomy":"product_cat","extraData":[]},"publishpress_future_workflow_manual_trigger":{"enabledWorkflows":[]},"_links":{"self":[{"href":"https:\/\/www.orto-bar.com\/en\/wp-json\/wp\/v2\/product\/118217","targetHints":{"allow":["GET"]}}],"collection":[{"href":"https:\/\/www.orto-bar.com\/en\/wp-json\/wp\/v2\/product"}],"about":[{"href":"https:\/\/www.orto-bar.com\/en\/wp-json\/wp\/v2\/types\/product"}],"author":[{"embeddable":true,"href":"https:\/\/www.orto-bar.com\/en\/wp-json\/wp\/v2\/users\/11"}],"version-history":[{"count":0,"href":"https:\/\/www.orto-bar.com\/en\/wp-json\/wp\/v2\/product\/118217\/revisions"}],"wp:featuredmedia":[{"embeddable":true,"href":"https:\/\/www.orto-bar.com\/en\/wp-json\/wp\/v2\/media\/118218"}],"wp:attachment":[{"href":"https:\/\/www.orto-bar.com\/en\/wp-json\/wp\/v2\/media?parent=118217"}],"wp:term":[{"taxonomy":"product_brand","embeddable":true,"href":"https:\/\/www.orto-bar.com\/en\/wp-json\/wp\/v2\/product_brand?post=118217"},{"taxonomy":"product_cat","embeddable":true,"href":"https:\/\/www.orto-bar.com\/en\/wp-json\/wp\/v2\/product_cat?post=118217"},{"taxonomy":"product_tag","embeddable":true,"href":"https:\/\/www.orto-bar.com\/en\/wp-json\/wp\/v2\/product_tag?post=118217"}],"curies":[{"name":"wp","href":"https:\/\/api.w.org\/{rel}","templated":true}]}}