{"id":118618,"date":"2025-09-24T21:33:12","date_gmt":"2025-09-24T19:33:12","guid":{"rendered":"https:\/\/www.orto-bar.com\/?post_type=product&#038;p=118618"},"modified":"2025-10-30T20:50:07","modified_gmt":"2025-10-30T19:50:07","slug":"leni-kravac","status":"publish","type":"product","link":"https:\/\/www.orto-bar.com\/en\/dogodki\/arhiv\/leni-kravac\/","title":{"rendered":"Leni Kravac"},"content":{"rendered":"<p>&nbsp;<\/p>\n<p>Skupina Leni Kravac se je konkretneje pojavila v balkanskem glasbenem prostoru v 2015 s turnejo po Ljubljani, Zagrebu in Beogradu, s spotom za skladbo Balconized in istoimenskim albumom. Od takrat so nastopali pred ve\u010d kot 10.000 glavo mno\u017eico v Franciji, se ve\u010dkrat zabavali s priredbami pri Denisu Avdi\u0107u, ter napolnili ljubljanske Kri\u017eanke skupaj s skupino SARS.<br \/>\nNjihova me\u0161anica \u017eanrov od drum and bassa, funka, hip hopa, jazza, rocka in metala z balkanskim zvokom je dobila ime &#8220;alter turbo-folk&#8221;, kar zveni to\u010dno tako noro kot je v resnici. Kot da bi zme\u0161ali Dubiozo Kolektiv, Magnifica in truba\u010de.<\/p>\n<p>Leni Kravac so za\u010deli svojo pot kot tri\u010dlanska zasedba brez vokalov leta 2011. Skozi leta se je band razvijal glasbeno in osebnostno, ter zrastel v sedem\u010dlanski kolektiv. Saksofon, trobenta, kitara, bas in bobni in dva vokala tvorijo Leni Kravac band, ki izvaja nenavadno balkansko fuzijo, kar niti ne presene\u010da, saj so vsi \u010dlani genetskega porekla iz razli\u010dnih dr\u017eav biv\u0161e Jugoslavije, glasbene vzore pa i\u0161\u010dejo v vseh koti\u010dkih sveta. Igrali so \u017ee po odrih od BiH, Srbije, Hrva\u0161ke, Slovenije, Italije do Mad\u017earske, Slova\u0161ke, Francije, \u010ce\u0161ke, \u0160vedske in Estonije.Skupina je v zadnjih letih preigrala tudi precej doma\u010dih festivalskih odrov, med drugimi tudi Majske igre, MENT, Pivo in cvetje in Lent.<\/p>\n<p>&nbsp;<\/p>","protected":false},"excerpt":{"rendered":"<p>&nbsp; Skupina Leni Kravac se je konkretneje pojavila v balkanskem glasbenem prostoru v 2015 s turnejo po Ljubljani, Zagrebu in Beogradu, s spotom za skladbo Balconized in istoimenskim albumom. Od takrat so nastopali pred ve\u010d kot 10.000 glavo mno\u017eico v Franciji, se ve\u010dkrat zabavali s priredbami pri Denisu Avdi\u0107u, ter napolnili ljubljanske Kri\u017eanke skupaj s [&hellip;]<\/p>","protected":false},"author":11,"featured_media":118621,"template":"","meta":{"_seopress_robots_primary_cat":"none","_seopress_titles_title":"","_seopress_titles_desc":"","_seopress_robots_index":""},"product_brand":[],"product_cat":[230],"product_tag":[222],"class_list":{"0":"post-118618","1":"product","2":"type-product","3":"status-publish","4":"has-post-thumbnail","6":"product_cat-arhiv","7":"product_tag-predprodaja","9":"entry","10":"has-media","12":"first","13":"instock","14":"virtual","15":"taxable","16":"product-type-simple","17":"has-product-nav","18":"col","19":"span_1_of_4","20":"owp-content-center","21":"item-entry","22":"owp-thumbs-layout-horizontal","23":"owp-btn-normal","24":"owp-tabs-layout-section","25":"has-no-thumbnails"},"publishpress_future_action":{"enabled":false,"date":"2026-05-11 05:42:06","action":"change-status","newStatus":"draft","terms":[],"taxonomy":"product_cat","extraData":[]},"publishpress_future_workflow_manual_trigger":{"enabledWorkflows":[]},"_links":{"self":[{"href":"https:\/\/www.orto-bar.com\/en\/wp-json\/wp\/v2\/product\/118618","targetHints":{"allow":["GET"]}}],"collection":[{"href":"https:\/\/www.orto-bar.com\/en\/wp-json\/wp\/v2\/product"}],"about":[{"href":"https:\/\/www.orto-bar.com\/en\/wp-json\/wp\/v2\/types\/product"}],"author":[{"embeddable":true,"href":"https:\/\/www.orto-bar.com\/en\/wp-json\/wp\/v2\/users\/11"}],"version-history":[{"count":0,"href":"https:\/\/www.orto-bar.com\/en\/wp-json\/wp\/v2\/product\/118618\/revisions"}],"wp:featuredmedia":[{"embeddable":true,"href":"https:\/\/www.orto-bar.com\/en\/wp-json\/wp\/v2\/media\/118621"}],"wp:attachment":[{"href":"https:\/\/www.orto-bar.com\/en\/wp-json\/wp\/v2\/media?parent=118618"}],"wp:term":[{"taxonomy":"product_brand","embeddable":true,"href":"https:\/\/www.orto-bar.com\/en\/wp-json\/wp\/v2\/product_brand?post=118618"},{"taxonomy":"product_cat","embeddable":true,"href":"https:\/\/www.orto-bar.com\/en\/wp-json\/wp\/v2\/product_cat?post=118618"},{"taxonomy":"product_tag","embeddable":true,"href":"https:\/\/www.orto-bar.com\/en\/wp-json\/wp\/v2\/product_tag?post=118618"}],"curies":[{"name":"wp","href":"https:\/\/api.w.org\/{rel}","templated":true}]}}