{"id":118816,"date":"2025-09-26T15:44:26","date_gmt":"2025-09-26T13:44:26","guid":{"rendered":"https:\/\/www.orto-bar.com\/?post_type=product&#038;p=118816"},"modified":"2025-11-05T20:09:29","modified_gmt":"2025-11-05T19:09:29","slug":"krshkopoljac","status":"publish","type":"product","link":"https:\/\/www.orto-bar.com\/en\/dogodki\/arhiv\/krshkopoljac\/","title":{"rendered":"Krshkopoljac"},"content":{"rendered":"<p>&nbsp;<\/p>\n<p>Po odmevnem koncertu v <strong>Kino \u0160i\u0161ka<\/strong> marca letos, se <strong>Krshkopoljac<\/strong> vra\u010dajo na oder \u2013 tokrat z novim nabojem in udarnim nastopom v legendarnem <strong>Orto Baru<\/strong>!<\/p>\n<p><strong>Krshkopoljac<\/strong> je energi\u010dna, surova in brezkompromisna rock zasedba, ki na slovensko sceno prina\u0161a pravo me\u0161anico gara\u017enega rocka, pankerske dr\u017ee in avtenti\u010dne koncertne energije. Njihov zvok je neposreden, besedila udarijo naravnost, nastopi pa vedno pustijo ob\u010dutek, da si bil del ne\u010desa res pristnega.<\/p>\n<p>Na svojem <strong>samostojnem koncertu v Kino \u0160i\u0161ka (11. 3. 2025)<\/strong> so napolnili dvorano in dokazali, da niso ve\u010d le obetaven bend, temve\u010d resna koncertna sila, ki jo je vredno do\u017eiveti v \u017eivo.<\/p>\n<p>\u010ce i\u0161\u010de\u0161 ve\u010der surove energije, potnih majic in iskrene glasbe, <strong>Krshkopoljac v Orto Baru<\/strong> je dogodek, ki ga ne sme\u0161 zamuditi. Pripravi se na udarce bobnov, distorzije in refrene, ki ti bodo ostali v glavi \u0161e dolgo po zadnjem akordu<\/p>\n<p>&nbsp;<\/p>\n<p>&nbsp;<\/p>","protected":false},"excerpt":{"rendered":"<p>&nbsp; Po odmevnem koncertu v Kino \u0160i\u0161ka marca letos, se Krshkopoljac vra\u010dajo na oder \u2013 tokrat z novim nabojem in udarnim nastopom v legendarnem Orto Baru! Krshkopoljac je energi\u010dna, surova in brezkompromisna rock zasedba, ki na slovensko sceno prina\u0161a pravo me\u0161anico gara\u017enega rocka, pankerske dr\u017ee in avtenti\u010dne koncertne energije. Njihov zvok je neposreden, besedila udarijo [&hellip;]<\/p>","protected":false},"author":11,"featured_media":118817,"template":"","meta":{"_seopress_robots_primary_cat":"none","_seopress_titles_title":"","_seopress_titles_desc":"","_seopress_robots_index":""},"product_brand":[],"product_cat":[230],"product_tag":[222],"class_list":{"0":"post-118816","1":"product","2":"type-product","3":"status-publish","4":"has-post-thumbnail","6":"product_cat-arhiv","7":"product_tag-predprodaja","9":"entry","10":"has-media","12":"first","13":"instock","14":"virtual","15":"taxable","16":"product-type-simple","17":"has-product-nav","18":"col","19":"span_1_of_4","20":"owp-content-center","21":"item-entry","22":"owp-thumbs-layout-horizontal","23":"owp-btn-normal","24":"owp-tabs-layout-section","25":"has-no-thumbnails"},"publishpress_future_action":{"enabled":false,"date":"2026-04-29 13:28:09","action":"change-status","newStatus":"draft","terms":[],"taxonomy":"product_cat","extraData":[]},"publishpress_future_workflow_manual_trigger":{"enabledWorkflows":[]},"_links":{"self":[{"href":"https:\/\/www.orto-bar.com\/en\/wp-json\/wp\/v2\/product\/118816","targetHints":{"allow":["GET"]}}],"collection":[{"href":"https:\/\/www.orto-bar.com\/en\/wp-json\/wp\/v2\/product"}],"about":[{"href":"https:\/\/www.orto-bar.com\/en\/wp-json\/wp\/v2\/types\/product"}],"author":[{"embeddable":true,"href":"https:\/\/www.orto-bar.com\/en\/wp-json\/wp\/v2\/users\/11"}],"version-history":[{"count":0,"href":"https:\/\/www.orto-bar.com\/en\/wp-json\/wp\/v2\/product\/118816\/revisions"}],"wp:featuredmedia":[{"embeddable":true,"href":"https:\/\/www.orto-bar.com\/en\/wp-json\/wp\/v2\/media\/118817"}],"wp:attachment":[{"href":"https:\/\/www.orto-bar.com\/en\/wp-json\/wp\/v2\/media?parent=118816"}],"wp:term":[{"taxonomy":"product_brand","embeddable":true,"href":"https:\/\/www.orto-bar.com\/en\/wp-json\/wp\/v2\/product_brand?post=118816"},{"taxonomy":"product_cat","embeddable":true,"href":"https:\/\/www.orto-bar.com\/en\/wp-json\/wp\/v2\/product_cat?post=118816"},{"taxonomy":"product_tag","embeddable":true,"href":"https:\/\/www.orto-bar.com\/en\/wp-json\/wp\/v2\/product_tag?post=118816"}],"curies":[{"name":"wp","href":"https:\/\/api.w.org\/{rel}","templated":true}]}}