{"id":119069,"date":"2025-09-29T15:54:34","date_gmt":"2025-09-29T13:54:34","guid":{"rendered":"https:\/\/www.orto-bar.com\/?post_type=product&#038;p=119069"},"modified":"2025-11-06T18:17:04","modified_gmt":"2025-11-06T17:17:04","slug":"life-on-display-decair","status":"publish","type":"product","link":"https:\/\/www.orto-bar.com\/en\/dogodki\/arhiv\/life-on-display-decair\/","title":{"rendered":"Life On Display, Decair"},"content":{"rendered":"<p>&nbsp;<\/p>\n<p>LIFE ON DISPLAY prihajajo iz Zasavja in igrajo metal! Na sceni so \u0161tiri leta in do zdaj so izdali EP z naslovom Souls on the Edge. Za svoje poslu\u0161alce upajo, da se ga vedno znova &#8220;raztrgajo&#8221; z njimi. &#8220;Se vidimo v moshu!&#8221;<br \/>\n<a href=\"https:\/\/www.facebook.com\/profile.php?id=100036468947124&amp;__cft__%5b0%5d=AZUf2HCYsJycd4iNLRPn_qE4gaHQ7xEhZtEmuXFKj62IfDzt45DQJAXT3z6bnj-XD3ZVVsCn_qqHLdwsMSmj_hllKIFmwxdqgu0QsX8jWxS8XFbTcy5m-xiDbCQSq4v_iOBhuXjWEy-AMpPTBxNFVnaH&amp;__tn__=q\"><strong>https:\/\/www.facebook.com\/profile.php?id=100036468947124<\/strong><\/a><br \/>\n<a href=\"https:\/\/www.youtube.com\/watch?v=7tqhGw_JAxE&amp;fbclid=IwZXh0bgNhZW0CMTAAYnJpZBEwSmlidTVCbUNoa3ZiRWhaYgEesf2MjchnB9FeioYzGYJhIO73cugE_foUELQss9mLu_ji6hLR7ZvG3e_nxfQ_aem_pNx5zCSBXMJKBD2QYHo9Zw\"><strong>https:\/\/www.youtube.com\/watch?v=7tqhGw_JAxE<\/strong><\/a><br \/>\n<a href=\"https:\/\/www.youtube.com\/watch?v=2pVKNsDxqTU&amp;fbclid=IwZXh0bgNhZW0CMTAAYnJpZBEwSmlidTVCbUNoa3ZiRWhaYgEe3ottg9rAHDjhSBHfd5O34M4xZ0P2JAGanIgwP7sv0DxfXujx-Vhnh2IbUw0_aem_kelpCKku_P_SCDuepZvlYQ\"><strong>https:\/\/www.youtube.com\/watch?v=2pVKNsDxqTU<\/strong><\/a><\/p>\n<p>&nbsp;<\/p>\n<p>DECAIR je moderno sfriziran metalcore z elegantno agresivnimi linijami, ki zdru\u017euje \u0161amarje in melodiko v razgibani te\u017ekokitarski dvojnosti. Ljubljanski dramaturgi krika z ekstravagantnimi zvo\u010dnimi zidovi gradijo robusten dom za vse privr\u017eence kultivirane grobosti.<br \/>\n<a href=\"https:\/\/youtu.be\/PoXeGwQB530?si=k06GvaO8BqNsh0E-&amp;fbclid=IwZXh0bgNhZW0CMTAAYnJpZBEwSmlidTVCbUNoa3ZiRWhaYgEe0IM2VsHnfWMbXY1Bsm81KjYBR1ajYI00iyJhsBmxYjSG5DLxgy5YJIF5XEM_aem_QREk9Un3kJnioyctkRn8XA\"><strong>https:\/\/youtu.be\/PoXeGwQB530?si=k06GvaO8BqNsh0E-<\/strong><\/a><\/p>\n<p>&nbsp;<\/p>","protected":false},"excerpt":{"rendered":"<p>&nbsp; LIFE ON DISPLAY prihajajo iz Zasavja in igrajo metal! Na sceni so \u0161tiri leta in do zdaj so izdali EP z naslovom Souls on the Edge. Za svoje poslu\u0161alce upajo, da se ga vedno znova &#8220;raztrgajo&#8221; z njimi. &#8220;Se vidimo v moshu!&#8221; https:\/\/www.facebook.com\/profile.php?id=100036468947124 https:\/\/www.youtube.com\/watch?v=7tqhGw_JAxE https:\/\/www.youtube.com\/watch?v=2pVKNsDxqTU &nbsp; DECAIR je moderno sfriziran metalcore z elegantno agresivnimi [&hellip;]<\/p>","protected":false},"author":11,"featured_media":119070,"template":"","meta":{"_seopress_robots_primary_cat":"none","_seopress_titles_title":"","_seopress_titles_desc":"","_seopress_robots_index":""},"product_brand":[],"product_cat":[230],"product_tag":[222],"class_list":{"0":"post-119069","1":"product","2":"type-product","3":"status-publish","4":"has-post-thumbnail","6":"product_cat-arhiv","7":"product_tag-predprodaja","9":"entry","10":"has-media","12":"first","13":"instock","14":"virtual","15":"taxable","16":"product-type-simple","17":"has-product-nav","18":"col","19":"span_1_of_4","20":"owp-content-center","21":"item-entry","22":"owp-thumbs-layout-horizontal","23":"owp-btn-normal","24":"owp-tabs-layout-section","25":"has-no-thumbnails"},"publishpress_future_action":{"enabled":false,"date":"2026-05-11 05:36:18","action":"change-status","newStatus":"draft","terms":[],"taxonomy":"product_cat","extraData":[]},"publishpress_future_workflow_manual_trigger":{"enabledWorkflows":[]},"_links":{"self":[{"href":"https:\/\/www.orto-bar.com\/en\/wp-json\/wp\/v2\/product\/119069","targetHints":{"allow":["GET"]}}],"collection":[{"href":"https:\/\/www.orto-bar.com\/en\/wp-json\/wp\/v2\/product"}],"about":[{"href":"https:\/\/www.orto-bar.com\/en\/wp-json\/wp\/v2\/types\/product"}],"author":[{"embeddable":true,"href":"https:\/\/www.orto-bar.com\/en\/wp-json\/wp\/v2\/users\/11"}],"version-history":[{"count":0,"href":"https:\/\/www.orto-bar.com\/en\/wp-json\/wp\/v2\/product\/119069\/revisions"}],"wp:featuredmedia":[{"embeddable":true,"href":"https:\/\/www.orto-bar.com\/en\/wp-json\/wp\/v2\/media\/119070"}],"wp:attachment":[{"href":"https:\/\/www.orto-bar.com\/en\/wp-json\/wp\/v2\/media?parent=119069"}],"wp:term":[{"taxonomy":"product_brand","embeddable":true,"href":"https:\/\/www.orto-bar.com\/en\/wp-json\/wp\/v2\/product_brand?post=119069"},{"taxonomy":"product_cat","embeddable":true,"href":"https:\/\/www.orto-bar.com\/en\/wp-json\/wp\/v2\/product_cat?post=119069"},{"taxonomy":"product_tag","embeddable":true,"href":"https:\/\/www.orto-bar.com\/en\/wp-json\/wp\/v2\/product_tag?post=119069"}],"curies":[{"name":"wp","href":"https:\/\/api.w.org\/{rel}","templated":true}]}}