{"id":119072,"date":"2025-09-29T16:00:37","date_gmt":"2025-09-29T14:00:37","guid":{"rendered":"https:\/\/www.orto-bar.com\/?post_type=product&#038;p=119072"},"modified":"2025-12-04T18:05:33","modified_gmt":"2025-12-04T17:05:33","slug":"the-dreams","status":"publish","type":"product","link":"https:\/\/www.orto-bar.com\/en\/dogodki\/arhiv\/the-dreams\/","title":{"rendered":"The Dreams"},"content":{"rendered":"<p>&nbsp;<\/p>\n<p style=\"margin: 0cm;\"><span style=\"font-size: 11.0pt; font-family: 'Georgia',serif;\">Slovenska skupina The Dreams \u017ee od leta 2011 navdu\u0161uje ljubitelje improvizacijskega rocka v Sloveniji in tujini. Leta 2021 je zdru\u017eila \u0161e svoje kreativne ideje in skladbe s prvega studijskega albuma Soul Job so postale integralni del njihovih nastopov. Vsak nastop skupine The Dreams je eksplozija primarne energije oplemenitene s kreativnostjo improvizacij, ki jo je preprosto potrebno do\u017eiveti v \u017eivo.\u00a0<\/span><\/p>\n<p style=\"margin: 0cm;\"><span style=\"font-size: 11.0pt; font-family: 'Georgia',serif;\">The Dreams so od prvega odigranega tona na koncertih navdu\u0161evali glasbene gurmane z raziskovanjem ameri\u0161kega jam rocka in bluesa. Hrbtenica repertoarja skupine je bila skozi vso njihovo zgodovino glasba ameri\u0161ke legendarne skupine The Allman Brothers Band, ki pa so ji postopoma dodajali \u0161e klasike Erica Claptona, Gov\u2019t Mule, Tedeschi Trucks Band, The Band, The Marshall Tucker Band, Little Feat in drugih blues izvajalcev.<\/span><\/p>\n<p style=\"margin: 0cm;\"><span style=\"font-size: 11.0pt; font-family: 'Georgia',serif;\">Odigrali so preko 150 koncertov v Sloveniji, Avstriji, Italiji, \u0160vici in na Hrva\u0161kem. Kot se za jam rock koncerte spodobi, so na njih gostili \u0161tevilne vrhunske slovenske in tuje glasbenike kot so Vlado Kreslin, Matev\u017e Hamo \u0160alehar, Tinkara Kova\u010d, Igor Leonardi, Dejan Lapanja, Zoran \u010cali\u0107, AG Weinberger in Janez Zmazek &#8211; \u017dan. Med vrhunci koncertnega delovanja skupine pa sta bila gotovo nastop pred ve\u010d tiso\u010dglavo mno\u017eico na Vallemaggia Magic Blues v \u0160vici in Koncert ob 50-letnici izida prvega albuma skupine The Allman Brothers band z Vlatkom Stefanovskim v ljubljanskem Ortu.\u00a0<\/span><\/p>","protected":false},"excerpt":{"rendered":"<p>&nbsp; Slovenska skupina The Dreams \u017ee od leta 2011 navdu\u0161uje ljubitelje improvizacijskega rocka v Sloveniji in tujini. Leta 2021 je zdru\u017eila \u0161e svoje kreativne ideje in skladbe s prvega studijskega albuma Soul Job so postale integralni del njihovih nastopov. Vsak nastop skupine The Dreams je eksplozija primarne energije oplemenitene s kreativnostjo improvizacij, ki jo je [&hellip;]<\/p>","protected":false},"author":11,"featured_media":119073,"template":"","meta":{"_seopress_robots_primary_cat":"none","_seopress_titles_title":"","_seopress_titles_desc":"","_seopress_robots_index":""},"product_brand":[],"product_cat":[230],"product_tag":[222],"class_list":{"0":"post-119072","1":"product","2":"type-product","3":"status-publish","4":"has-post-thumbnail","6":"product_cat-arhiv","7":"product_tag-predprodaja","9":"entry","10":"has-media","12":"first","13":"instock","14":"virtual","15":"taxable","16":"product-type-simple","17":"has-product-nav","18":"col","19":"span_1_of_4","20":"owp-content-center","21":"item-entry","22":"owp-thumbs-layout-horizontal","23":"owp-btn-normal","24":"owp-tabs-layout-section","25":"has-no-thumbnails"},"publishpress_future_action":{"enabled":false,"date":"2026-05-11 07:33:10","action":"change-status","newStatus":"draft","terms":[],"taxonomy":"product_cat","extraData":[]},"publishpress_future_workflow_manual_trigger":{"enabledWorkflows":[]},"_links":{"self":[{"href":"https:\/\/www.orto-bar.com\/en\/wp-json\/wp\/v2\/product\/119072","targetHints":{"allow":["GET"]}}],"collection":[{"href":"https:\/\/www.orto-bar.com\/en\/wp-json\/wp\/v2\/product"}],"about":[{"href":"https:\/\/www.orto-bar.com\/en\/wp-json\/wp\/v2\/types\/product"}],"author":[{"embeddable":true,"href":"https:\/\/www.orto-bar.com\/en\/wp-json\/wp\/v2\/users\/11"}],"version-history":[{"count":0,"href":"https:\/\/www.orto-bar.com\/en\/wp-json\/wp\/v2\/product\/119072\/revisions"}],"wp:featuredmedia":[{"embeddable":true,"href":"https:\/\/www.orto-bar.com\/en\/wp-json\/wp\/v2\/media\/119073"}],"wp:attachment":[{"href":"https:\/\/www.orto-bar.com\/en\/wp-json\/wp\/v2\/media?parent=119072"}],"wp:term":[{"taxonomy":"product_brand","embeddable":true,"href":"https:\/\/www.orto-bar.com\/en\/wp-json\/wp\/v2\/product_brand?post=119072"},{"taxonomy":"product_cat","embeddable":true,"href":"https:\/\/www.orto-bar.com\/en\/wp-json\/wp\/v2\/product_cat?post=119072"},{"taxonomy":"product_tag","embeddable":true,"href":"https:\/\/www.orto-bar.com\/en\/wp-json\/wp\/v2\/product_tag?post=119072"}],"curies":[{"name":"wp","href":"https:\/\/api.w.org\/{rel}","templated":true}]}}